{"id":1596,"date":"2022-06-19T21:35:44","date_gmt":"2022-06-19T20:35:44","guid":{"rendered":"https:\/\/www.jura-gravite.com\/reservations\/"},"modified":"2025-10-12T14:18:25","modified_gmt":"2025-10-12T13:18:25","slug":"reservations","status":"publish","type":"page","link":"https:\/\/www.jura-gravite.com\/en\/reservations\/","title":{"rendered":"r\u00e9servation"},"content":{"rendered":"<div data-elementor-type=\"wp-page\" data-elementor-id=\"1596\" class=\"elementor elementor-1596\">\n\t\t\t\t\t\t<section class=\"elementor-section elementor-top-section elementor-element elementor-element-26b3a519 elementor-section-boxed elementor-section-height-default elementor-section-height-default\" data-id=\"26b3a519\" data-element_type=\"section\" data-e-type=\"section\" data-settings=\"{&quot;background_background&quot;:&quot;classic&quot;}\">\n\t\t\t\t\t\t<div class=\"elementor-container elementor-column-gap-default\">\n\t\t\t\t\t<div class=\"elementor-column elementor-col-100 elementor-top-column elementor-element elementor-element-54fcfe62\" data-id=\"54fcfe62\" data-element_type=\"column\" data-e-type=\"column\">\n\t\t\t<div class=\"elementor-widget-wrap elementor-element-populated\">\n\t\t\t\t\t\t<div class=\"elementor-element elementor-element-5d586e5 elementor-widget elementor-widget-spacer\" data-id=\"5d586e5\" data-element_type=\"widget\" data-e-type=\"widget\" data-widget_type=\"spacer.default\">\n\t\t\t\t<div class=\"elementor-widget-container\">\n\t\t\t\t\t\t\t<div class=\"elementor-spacer\">\n\t\t\t<div class=\"elementor-spacer-inner\"><\/div>\n\t\t<\/div>\n\t\t\t\t\t\t<\/div>\n\t\t\t\t<\/div>\n\t\t\t\t\t<\/div>\n\t\t<\/div>\n\t\t\t\t\t<\/div>\n\t\t<\/section>\n\t\t\t\t<section class=\"elementor-section elementor-top-section elementor-element elementor-element-133cbeb elementor-section-boxed elementor-section-height-default elementor-section-height-default\" data-id=\"133cbeb\" data-element_type=\"section\" data-e-type=\"section\">\n\t\t\t\t\t\t<div class=\"elementor-container elementor-column-gap-default\">\n\t\t\t\t\t<div class=\"elementor-column elementor-col-100 elementor-top-column elementor-element elementor-element-1d19d7e\" data-id=\"1d19d7e\" data-element_type=\"column\" data-e-type=\"column\">\n\t\t\t<div class=\"elementor-widget-wrap elementor-element-populated\">\n\t\t\t\t\t\t<div class=\"elementor-element elementor-element-4e8e046 elementor-widget elementor-widget-spacer\" data-id=\"4e8e046\" data-element_type=\"widget\" data-e-type=\"widget\" data-widget_type=\"spacer.default\">\n\t\t\t\t<div class=\"elementor-widget-container\">\n\t\t\t\t\t\t\t<div class=\"elementor-spacer\">\n\t\t\t<div class=\"elementor-spacer-inner\"><\/div>\n\t\t<\/div>\n\t\t\t\t\t\t<\/div>\n\t\t\t\t<\/div>\n\t\t\t\t<div class=\"elementor-element elementor-element-2a0154b elementor-widget elementor-widget-text-editor\" data-id=\"2a0154b\" data-element_type=\"widget\" data-e-type=\"widget\" data-widget_type=\"text-editor.default\">\n\t\t\t\t<div class=\"elementor-widget-container\">\n\t\t\t\t\t\t\t\t\t<p style=\"text-align: center;\"><strong>J\u00e9r\u00f4me<\/strong> 07.84.10.27.70<\/p>\t\t\t\t\t\t\t\t<\/div>\n\t\t\t\t<\/div>\n\t\t\t\t\t<\/div>\n\t\t<\/div>\n\t\t\t\t\t<\/div>\n\t\t<\/section>\n\t\t\t\t<section class=\"elementor-section elementor-top-section elementor-element elementor-element-87ea70f elementor-section-boxed elementor-section-height-default elementor-section-height-default\" data-id=\"87ea70f\" data-element_type=\"section\" data-e-type=\"section\">\n\t\t\t\t\t\t<div class=\"elementor-container elementor-column-gap-default\">\n\t\t\t\t\t<div class=\"elementor-column elementor-col-100 elementor-top-column elementor-element elementor-element-0be56a3\" data-id=\"0be56a3\" data-element_type=\"column\" data-e-type=\"column\">\n\t\t\t<div class=\"elementor-widget-wrap elementor-element-populated\">\n\t\t\t\t\t\t<div class=\"elementor-element elementor-element-a14b3e4 elementor-widget elementor-widget-spacer\" data-id=\"a14b3e4\" data-element_type=\"widget\" data-e-type=\"widget\" data-widget_type=\"spacer.default\">\n\t\t\t\t<div class=\"elementor-widget-container\">\n\t\t\t\t\t\t\t<div class=\"elementor-spacer\">\n\t\t\t<div class=\"elementor-spacer-inner\"><\/div>\n\t\t<\/div>\n\t\t\t\t\t\t<\/div>\n\t\t\t\t<\/div>\n\t\t\t\t\t<\/div>\n\t\t<\/div>\n\t\t\t\t\t<\/div>\n\t\t<\/section>\n\t\t\t\t<\/div>","protected":false},"excerpt":{"rendered":"<p>J\u00e9r\u00f4me 07.84.10.27.70<\/p>","protected":false},"author":37,"featured_media":0,"parent":0,"menu_order":0,"comment_status":"closed","ping_status":"closed","template":"","meta":{"footnotes":""},"class_list":["post-1596","page","type-page","status-publish","hentry"],"yoast_head":"<!-- This site is optimized with the Yoast SEO plugin v26.4 - https:\/\/yoast.com\/wordpress\/plugins\/seo\/ -->\n<title>r\u00e9servation - JURA GRAVIT\u00c9<\/title>\n<meta name=\"description\" content=\"En tant que Moniteur d\u2019escalade professionnel, j&#039;ai la passion de vouloir transmettre mon savoir-faire. R\u00e9servez d\u00e8s maintenant !\" \/>\n<meta name=\"robots\" content=\"index, follow, max-snippet:-1, max-image-preview:large, max-video-preview:-1\" \/>\n<link rel=\"canonical\" href=\"https:\/\/www.jura-gravite.com\/en\/reservations\/\" \/>\n<meta property=\"og:locale\" content=\"en_GB\" \/>\n<meta property=\"og:type\" content=\"article\" \/>\n<meta property=\"og:title\" content=\"r\u00e9servation - JURA GRAVIT\u00c9\" \/>\n<meta property=\"og:description\" content=\"En tant que Moniteur d\u2019escalade professionnel, j&#039;ai la passion de vouloir transmettre mon savoir-faire. R\u00e9servez d\u00e8s maintenant !\" \/>\n<meta property=\"og:url\" content=\"https:\/\/www.jura-gravite.com\/en\/reservations\/\" \/>\n<meta property=\"og:site_name\" content=\"JURA GRAVIT\u00c9\" \/>\n<meta property=\"article:publisher\" content=\"https:\/\/www.facebook.com\/profile.php?id=100037757172400\" \/>\n<meta property=\"article:modified_time\" content=\"2025-10-12T13:18:25+00:00\" \/>\n<meta property=\"og:image\" content=\"https:\/\/www.jura-gravite.com\/wp-content\/uploads\/2024\/06\/Neutral-Earthy-Clean-Grid-Photography-Photo-Collage-Facebook-Cover-3-1024x379.png\" \/>\n\t<meta property=\"og:image:width\" content=\"1024\" \/>\n\t<meta property=\"og:image:height\" content=\"379\" \/>\n\t<meta property=\"og:image:type\" content=\"image\/png\" \/>\n<meta name=\"twitter:label1\" content=\"Estimated reading time\" \/>\n\t<meta name=\"twitter:data1\" content=\"1 minute\" \/>\n<script type=\"application\/ld+json\" class=\"yoast-schema-graph\">{\"@context\":\"https:\/\/schema.org\",\"@graph\":[{\"@type\":\"WebPage\",\"@id\":\"https:\/\/www.jura-gravite.com\/reservations\/\",\"url\":\"https:\/\/www.jura-gravite.com\/reservations\/\",\"name\":\"r\u00e9servation - JURA GRAVIT\u00c9\",\"isPartOf\":{\"@id\":\"https:\/\/www.jura-gravite.com\/#website\"},\"datePublished\":\"2022-06-19T20:35:44+00:00\",\"dateModified\":\"2025-10-12T13:18:25+00:00\",\"description\":\"En tant que Moniteur d\u2019escalade professionnel, j'ai la passion de vouloir transmettre mon savoir-faire. R\u00e9servez d\u00e8s maintenant !\",\"breadcrumb\":{\"@id\":\"https:\/\/www.jura-gravite.com\/reservations\/#breadcrumb\"},\"inLanguage\":\"en-GB\",\"potentialAction\":[{\"@type\":\"ReadAction\",\"target\":[\"https:\/\/www.jura-gravite.com\/reservations\/\"]}]},{\"@type\":\"BreadcrumbList\",\"@id\":\"https:\/\/www.jura-gravite.com\/reservations\/#breadcrumb\",\"itemListElement\":[{\"@type\":\"ListItem\",\"position\":1,\"name\":\"Accueil\",\"item\":\"https:\/\/www.jura-gravite.com\/\"},{\"@type\":\"ListItem\",\"position\":2,\"name\":\"r\u00e9servation\"}]},{\"@type\":\"WebSite\",\"@id\":\"https:\/\/www.jura-gravite.com\/#website\",\"url\":\"https:\/\/www.jura-gravite.com\/\",\"name\":\"JURA GRAVIT\u00c9\",\"description\":\"Activit\u00e9e Outdoor : Escalade, VTT, Randonn\u00e9e\",\"publisher\":{\"@id\":\"https:\/\/www.jura-gravite.com\/#organization\"},\"potentialAction\":[{\"@type\":\"SearchAction\",\"target\":{\"@type\":\"EntryPoint\",\"urlTemplate\":\"https:\/\/www.jura-gravite.com\/?s={search_term_string}\"},\"query-input\":{\"@type\":\"PropertyValueSpecification\",\"valueRequired\":true,\"valueName\":\"search_term_string\"}}],\"inLanguage\":\"en-GB\"},{\"@type\":\"Organization\",\"@id\":\"https:\/\/www.jura-gravite.com\/#organization\",\"name\":\"JURA GRAVIT\u00c9\",\"url\":\"https:\/\/www.jura-gravite.com\/\",\"logo\":{\"@type\":\"ImageObject\",\"inLanguage\":\"en-GB\",\"@id\":\"https:\/\/www.jura-gravite.com\/#\/schema\/logo\/image\/\",\"url\":\"https:\/\/www.jura-gravite.com\/wp-content\/uploads\/2022\/06\/cropped-JuraGravite3.png\",\"contentUrl\":\"https:\/\/www.jura-gravite.com\/wp-content\/uploads\/2022\/06\/cropped-JuraGravite3.png\",\"width\":1920,\"height\":1080,\"caption\":\"JURA GRAVIT\u00c9\"},\"image\":{\"@id\":\"https:\/\/www.jura-gravite.com\/#\/schema\/logo\/image\/\"},\"sameAs\":[\"https:\/\/www.facebook.com\/profile.php?id=100037757172400\",\"https:\/\/www.instagram.com\/jeromelhostis\/?hl=fr\"]}]}<\/script>\n<!-- \/ Yoast SEO plugin. -->","yoast_head_json":{"title":"r\u00e9servation - JURA GRAVIT\u00c9","description":"En tant que Moniteur d\u2019escalade professionnel, j'ai la passion de vouloir transmettre mon savoir-faire. R\u00e9servez d\u00e8s maintenant !","robots":{"index":"index","follow":"follow","max-snippet":"max-snippet:-1","max-image-preview":"max-image-preview:large","max-video-preview":"max-video-preview:-1"},"canonical":"https:\/\/www.jura-gravite.com\/en\/reservations\/","og_locale":"en_GB","og_type":"article","og_title":"r\u00e9servation - JURA GRAVIT\u00c9","og_description":"En tant que Moniteur d\u2019escalade professionnel, j'ai la passion de vouloir transmettre mon savoir-faire. R\u00e9servez d\u00e8s maintenant !","og_url":"https:\/\/www.jura-gravite.com\/en\/reservations\/","og_site_name":"JURA GRAVIT\u00c9","article_publisher":"https:\/\/www.facebook.com\/profile.php?id=100037757172400","article_modified_time":"2025-10-12T13:18:25+00:00","og_image":[{"width":1024,"height":379,"url":"https:\/\/www.jura-gravite.com\/wp-content\/uploads\/2024\/06\/Neutral-Earthy-Clean-Grid-Photography-Photo-Collage-Facebook-Cover-3-1024x379.png","type":"image\/png"}],"twitter_misc":{"Estimated reading time":"1 minute"},"schema":{"@context":"https:\/\/schema.org","@graph":[{"@type":"WebPage","@id":"https:\/\/www.jura-gravite.com\/reservations\/","url":"https:\/\/www.jura-gravite.com\/reservations\/","name":"r\u00e9servation - JURA GRAVIT\u00c9","isPartOf":{"@id":"https:\/\/www.jura-gravite.com\/#website"},"datePublished":"2022-06-19T20:35:44+00:00","dateModified":"2025-10-12T13:18:25+00:00","description":"En tant que Moniteur d\u2019escalade professionnel, j'ai la passion de vouloir transmettre mon savoir-faire. R\u00e9servez d\u00e8s maintenant !","breadcrumb":{"@id":"https:\/\/www.jura-gravite.com\/reservations\/#breadcrumb"},"inLanguage":"en-GB","potentialAction":[{"@type":"ReadAction","target":["https:\/\/www.jura-gravite.com\/reservations\/"]}]},{"@type":"BreadcrumbList","@id":"https:\/\/www.jura-gravite.com\/reservations\/#breadcrumb","itemListElement":[{"@type":"ListItem","position":1,"name":"Accueil","item":"https:\/\/www.jura-gravite.com\/"},{"@type":"ListItem","position":2,"name":"r\u00e9servation"}]},{"@type":"WebSite","@id":"https:\/\/www.jura-gravite.com\/#website","url":"https:\/\/www.jura-gravite.com\/","name":"JURA GRAVIT\u00c9","description":"Activit\u00e9e Outdoor : Escalade, VTT, Randonn\u00e9e","publisher":{"@id":"https:\/\/www.jura-gravite.com\/#organization"},"potentialAction":[{"@type":"SearchAction","target":{"@type":"EntryPoint","urlTemplate":"https:\/\/www.jura-gravite.com\/?s={search_term_string}"},"query-input":{"@type":"PropertyValueSpecification","valueRequired":true,"valueName":"search_term_string"}}],"inLanguage":"en-GB"},{"@type":"Organization","@id":"https:\/\/www.jura-gravite.com\/#organization","name":"JURA GRAVIT\u00c9","url":"https:\/\/www.jura-gravite.com\/","logo":{"@type":"ImageObject","inLanguage":"en-GB","@id":"https:\/\/www.jura-gravite.com\/#\/schema\/logo\/image\/","url":"https:\/\/www.jura-gravite.com\/wp-content\/uploads\/2022\/06\/cropped-JuraGravite3.png","contentUrl":"https:\/\/www.jura-gravite.com\/wp-content\/uploads\/2022\/06\/cropped-JuraGravite3.png","width":1920,"height":1080,"caption":"JURA GRAVIT\u00c9"},"image":{"@id":"https:\/\/www.jura-gravite.com\/#\/schema\/logo\/image\/"},"sameAs":["https:\/\/www.facebook.com\/profile.php?id=100037757172400","https:\/\/www.instagram.com\/jeromelhostis\/?hl=fr"]}]}},"_links":{"self":[{"href":"https:\/\/www.jura-gravite.com\/en\/wp-json\/wp\/v2\/pages\/1596","targetHints":{"allow":["GET"]}}],"collection":[{"href":"https:\/\/www.jura-gravite.com\/en\/wp-json\/wp\/v2\/pages"}],"about":[{"href":"https:\/\/www.jura-gravite.com\/en\/wp-json\/wp\/v2\/types\/page"}],"author":[{"embeddable":true,"href":"https:\/\/www.jura-gravite.com\/en\/wp-json\/wp\/v2\/users\/37"}],"replies":[{"embeddable":true,"href":"https:\/\/www.jura-gravite.com\/en\/wp-json\/wp\/v2\/comments?post=1596"}],"version-history":[{"count":97,"href":"https:\/\/www.jura-gravite.com\/en\/wp-json\/wp\/v2\/pages\/1596\/revisions"}],"predecessor-version":[{"id":3567,"href":"https:\/\/www.jura-gravite.com\/en\/wp-json\/wp\/v2\/pages\/1596\/revisions\/3567"}],"wp:attachment":[{"href":"https:\/\/www.jura-gravite.com\/en\/wp-json\/wp\/v2\/media?parent=1596"}],"curies":[{"name":"wp","href":"https:\/\/api.w.org\/{rel}","templated":true}]}}