{"id":1600,"date":"2022-06-19T21:35:46","date_gmt":"2022-06-19T20:35:46","guid":{"rendered":"https:\/\/www.jura-gravite.com\/randonnee\/"},"modified":"2026-02-21T17:33:50","modified_gmt":"2026-02-21T16:33:50","slug":"draisienne","status":"publish","type":"page","link":"https:\/\/www.jura-gravite.com\/en\/draisienne\/","title":{"rendered":"Draisienne"},"content":{"rendered":"\t\t<div data-elementor-type=\"wp-page\" data-elementor-id=\"1600\" class=\"elementor elementor-1600\">\n\t\t\t\t\t\t<section class=\"elementor-section elementor-top-section elementor-element elementor-element-ed06687 elementor-section-boxed elementor-section-height-default elementor-section-height-default\" data-id=\"ed06687\" data-element_type=\"section\" data-e-type=\"section\" data-settings=\"{&quot;background_background&quot;:&quot;classic&quot;,&quot;shape_divider_top&quot;:&quot;clouds&quot;}\">\n\t\t\t\t\t<div class=\"elementor-shape elementor-shape-top\" aria-hidden=\"true\" data-negative=\"false\">\n\t\t\t<svg xmlns=\"http:\/\/www.w3.org\/2000\/svg\" viewBox=\"0 0 283.5 27.8\" preserveAspectRatio=\"xMidYMax slice\">\n  <path class=\"elementor-shape-fill\" d=\"M0 0v6.7c1.9-.8 4.7-1.4 8.5-1 9.5 1.1 11.1 6 11.1 6s2.1-.7 4.3-.2c2.1.5 2.8 2.6 2.8 2.6s.2-.5 1.4-.7c1.2-.2 1.7.2 1.7.2s0-2.1 1.9-2.8c1.9-.7 3.6.7 3.6.7s.7-2.9 3.1-4.1 4.7 0 4.7 0 1.2-.5 2.4 0 1.7 1.4 1.7 1.4h1.4c.7 0 1.2.7 1.2.7s.8-1.8 4-2.2c3.5-.4 5.3 2.4 6.2 4.4.4-.4 1-.7 1.8-.9 2.8-.7 4 .7 4 .7s1.7-5 11.1-6c9.5-1.1 12.3 3.9 12.3 3.9s1.2-4.8 5.7-5.7c4.5-.9 6.8 1.8 6.8 1.8s.6-.6 1.5-.9c.9-.2 1.9-.2 1.9-.2s5.2-6.4 12.6-3.3c7.3 3.1 4.7 9 4.7 9s1.9-.9 4 0 2.8 2.4 2.8 2.4 1.9-1.2 4.5-1.2 4.3 1.2 4.3 1.2.2-1 1.4-1.7 2.1-.7 2.1-.7-.5-3.1 2.1-5.5 5.7-1.4 5.7-1.4 1.5-2.3 4.2-1.1c2.7 1.2 1.7 5.2 1.7 5.2s.3-.1 1.3.5c.5.4.8.8.9 1.1.5-1.4 2.4-5.8 8.4-4 7.1 2.1 3.5 8.9 3.5 8.9s.8-.4 2 0 1.1 1.1 1.1 1.1 1.1-1.1 2.3-1.1 2.1.5 2.1.5 1.9-3.6 6.2-1.2 1.9 6.4 1.9 6.4 2.6-2.4 7.4 0c3.4 1.7 3.9 4.9 3.9 4.9s3.3-6.9 10.4-7.9 11.5 2.6 11.5 2.6.8 0 1.2.2c.4.2.9.9.9.9s4.4-3.1 8.3.2c1.9 1.7 1.5 5 1.5 5s.3-1.1 1.6-1.4c1.3-.3 2.3.2 2.3.2s-.1-1.2.5-1.9 1.9-.9 1.9-.9-4.7-9.3 4.4-13.4c5.6-2.5 9.2.9 9.2.9s5-6.2 15.9-6.2 16.1 8.1 16.1 8.1.7-.2 1.6-.4V0H0z\"\/>\n<\/svg>\n\t\t<\/div>\n\t\t\t\t\t<div class=\"elementor-container elementor-column-gap-default\">\n\t\t\t\t\t<div class=\"elementor-column elementor-col-100 elementor-top-column elementor-element elementor-element-158e9abb\" data-id=\"158e9abb\" data-element_type=\"column\" data-e-type=\"column\">\n\t\t\t<div class=\"elementor-widget-wrap elementor-element-populated\">\n\t\t\t\t\t\t<div class=\"elementor-element elementor-element-b1f6fdb elementor-widget elementor-widget-spacer\" data-id=\"b1f6fdb\" data-element_type=\"widget\" data-e-type=\"widget\" data-widget_type=\"spacer.default\">\n\t\t\t\t<div class=\"elementor-widget-container\">\n\t\t\t\t\t\t\t<div class=\"elementor-spacer\">\n\t\t\t<div class=\"elementor-spacer-inner\"><\/div>\n\t\t<\/div>\n\t\t\t\t\t\t<\/div>\n\t\t\t\t<\/div>\n\t\t\t\t\t<\/div>\n\t\t<\/div>\n\t\t\t\t\t<\/div>\n\t\t<\/section>\n\t\t\t\t<section class=\"elementor-section elementor-top-section elementor-element elementor-element-8b94909 elementor-section-content-top elementor-section-boxed elementor-section-height-default elementor-section-height-default\" data-id=\"8b94909\" data-element_type=\"section\" data-e-type=\"section\">\n\t\t\t\t\t\t<div class=\"elementor-container elementor-column-gap-no\">\n\t\t\t\t\t<div class=\"elementor-column elementor-col-33 elementor-top-column elementor-element elementor-element-4c5b318\" data-id=\"4c5b318\" data-element_type=\"column\" data-e-type=\"column\">\n\t\t\t<div class=\"elementor-widget-wrap elementor-element-populated\">\n\t\t\t\t\t\t<div class=\"elementor-element elementor-element-25b920ca elementor-widget elementor-widget-image\" data-id=\"25b920ca\" data-element_type=\"widget\" data-e-type=\"widget\" data-widget_type=\"image.default\">\n\t\t\t\t<div class=\"elementor-widget-container\">\n\t\t\t\t\t\t\t\t\t\t\t\t\t\t\t<img fetchpriority=\"high\" decoding=\"async\" width=\"2560\" height=\"1434\" src=\"https:\/\/www.jura-gravite.com\/wp-content\/uploads\/2025\/11\/peut-tu-me-faire-une-images-avec-des-enfants-sur-un-parcours-de-draisienne-scaled.jpg\" class=\"attachment-full size-full wp-image-3603\" alt=\"\" srcset=\"https:\/\/www.jura-gravite.com\/wp-content\/uploads\/2025\/11\/peut-tu-me-faire-une-images-avec-des-enfants-sur-un-parcours-de-draisienne-scaled.jpg 2560w, https:\/\/www.jura-gravite.com\/wp-content\/uploads\/2025\/11\/peut-tu-me-faire-une-images-avec-des-enfants-sur-un-parcours-de-draisienne-300x168.jpg 300w, https:\/\/www.jura-gravite.com\/wp-content\/uploads\/2025\/11\/peut-tu-me-faire-une-images-avec-des-enfants-sur-un-parcours-de-draisienne-1024x573.jpg 1024w, https:\/\/www.jura-gravite.com\/wp-content\/uploads\/2025\/11\/peut-tu-me-faire-une-images-avec-des-enfants-sur-un-parcours-de-draisienne-768x430.jpg 768w, https:\/\/www.jura-gravite.com\/wp-content\/uploads\/2025\/11\/peut-tu-me-faire-une-images-avec-des-enfants-sur-un-parcours-de-draisienne-1536x860.jpg 1536w, https:\/\/www.jura-gravite.com\/wp-content\/uploads\/2025\/11\/peut-tu-me-faire-une-images-avec-des-enfants-sur-un-parcours-de-draisienne-2048x1147.jpg 2048w, https:\/\/www.jura-gravite.com\/wp-content\/uploads\/2025\/11\/peut-tu-me-faire-une-images-avec-des-enfants-sur-un-parcours-de-draisienne-18x10.jpg 18w\" sizes=\"(max-width: 2560px) 100vw, 2560px\" \/>\t\t\t\t\t\t\t\t\t\t\t\t\t\t\t<\/div>\n\t\t\t\t<\/div>\n\t\t\t\t\t<\/div>\n\t\t<\/div>\n\t\t\t\t<div class=\"elementor-column elementor-col-33 elementor-top-column elementor-element elementor-element-2848aeb\" data-id=\"2848aeb\" data-element_type=\"column\" data-e-type=\"column\" data-settings=\"{&quot;background_background&quot;:&quot;classic&quot;}\">\n\t\t\t<div class=\"elementor-widget-wrap elementor-element-populated\">\n\t\t\t\t\t\t<div class=\"elementor-element elementor-element-69f7934 elementor-widget elementor-widget-heading\" data-id=\"69f7934\" data-element_type=\"widget\" data-e-type=\"widget\" data-widget_type=\"heading.default\">\n\t\t\t\t<div class=\"elementor-widget-container\">\n\t\t\t\t\t<h2 class=\"elementor-heading-title elementor-size-default\">Draisienne<\/h2>\t\t\t\t<\/div>\n\t\t\t\t<\/div>\n\t\t\t\t<div class=\"elementor-element elementor-element-186c22c elementor-widget-divider--view-line elementor-widget elementor-widget-divider\" data-id=\"186c22c\" data-element_type=\"widget\" data-e-type=\"widget\" data-widget_type=\"divider.default\">\n\t\t\t\t<div class=\"elementor-widget-container\">\n\t\t\t\t\t\t\t<div class=\"elementor-divider\">\n\t\t\t<span class=\"elementor-divider-separator\">\n\t\t\t\t\t\t<\/span>\n\t\t<\/div>\n\t\t\t\t\t\t<\/div>\n\t\t\t\t<\/div>\n\t\t\t\t<div class=\"elementor-element elementor-element-be53f79 e-transform elementor-widget elementor-widget-text-editor\" data-id=\"be53f79\" data-element_type=\"widget\" data-e-type=\"widget\" data-settings=\"{&quot;_transform_translateX_effect&quot;:{&quot;unit&quot;:&quot;px&quot;,&quot;size&quot;:&quot;&quot;,&quot;sizes&quot;:[]},&quot;_transform_translateX_effect_tablet&quot;:{&quot;unit&quot;:&quot;px&quot;,&quot;size&quot;:&quot;&quot;,&quot;sizes&quot;:[]},&quot;_transform_translateX_effect_mobile&quot;:{&quot;unit&quot;:&quot;px&quot;,&quot;size&quot;:&quot;&quot;,&quot;sizes&quot;:[]},&quot;_transform_translateY_effect&quot;:{&quot;unit&quot;:&quot;px&quot;,&quot;size&quot;:&quot;&quot;,&quot;sizes&quot;:[]},&quot;_transform_translateY_effect_tablet&quot;:{&quot;unit&quot;:&quot;px&quot;,&quot;size&quot;:&quot;&quot;,&quot;sizes&quot;:[]},&quot;_transform_translateY_effect_mobile&quot;:{&quot;unit&quot;:&quot;px&quot;,&quot;size&quot;:&quot;&quot;,&quot;sizes&quot;:[]}}\" data-widget_type=\"text-editor.default\">\n\t\t\t\t<div class=\"elementor-widget-container\">\n\t\t\t\t\t\t\t\t\t<p><strong>La draisienne est un outil pr\u00e9cieux pour le d\u00e9veloppement moteur, psychique et social des jeunes enfants d\u00e8s 18 mois. Elle facilite l\u2019apprentissage du v\u00e9lo tout en renfor\u00e7ant l\u2019\u00e9quilibre et la coordination.<\/strong><\/p>\t\t\t\t\t\t\t\t<\/div>\n\t\t\t\t<\/div>\n\t\t\t\t\t<\/div>\n\t\t<\/div>\n\t\t\t\t<div class=\"elementor-column elementor-col-33 elementor-top-column elementor-element elementor-element-8c2cc45\" data-id=\"8c2cc45\" data-element_type=\"column\" data-e-type=\"column\" data-settings=\"{&quot;background_background&quot;:&quot;classic&quot;}\">\n\t\t\t<div class=\"elementor-widget-wrap elementor-element-populated\">\n\t\t\t\t\t\t<div class=\"elementor-element elementor-element-8f1fbb7 elementor-widget-divider--view-line elementor-widget elementor-widget-divider\" data-id=\"8f1fbb7\" data-element_type=\"widget\" data-e-type=\"widget\" data-widget_type=\"divider.default\">\n\t\t\t\t<div class=\"elementor-widget-container\">\n\t\t\t\t\t\t\t<div class=\"elementor-divider\">\n\t\t\t<span class=\"elementor-divider-separator\">\n\t\t\t\t\t\t<\/span>\n\t\t<\/div>\n\t\t\t\t\t\t<\/div>\n\t\t\t\t<\/div>\n\t\t\t\t<div class=\"elementor-element elementor-element-a2187f4 elementor-align-start elementor-list-item-link-full_width elementor-widget elementor-widget-icon-list\" data-id=\"a2187f4\" data-element_type=\"widget\" data-e-type=\"widget\" data-widget_type=\"icon-list.default\">\n\t\t\t\t<div class=\"elementor-widget-container\">\n\t\t\t\t\t\t\t<ul class=\"elementor-icon-list-items\">\n\t\t\t\t\t\t\t<li class=\"elementor-icon-list-item\">\n\t\t\t\t\t\t\t\t\t\t\t<span class=\"elementor-icon-list-icon\">\n\t\t\t\t\t\t\t<i aria-hidden=\"true\" class=\"far fa-grin\"><\/i>\t\t\t\t\t\t<\/span>\n\t\t\t\t\t\t\t\t\t\t<span class=\"elementor-icon-list-text\"><b>Niveau :<\/b> <br>D\u00e9butant<\/span>\n\t\t\t\t\t\t\t\t\t<\/li>\n\t\t\t\t\t\t\t\t<li class=\"elementor-icon-list-item\">\n\t\t\t\t\t\t\t\t\t\t\t<span class=\"elementor-icon-list-icon\">\n\t\t\t\t\t\t\t<i aria-hidden=\"true\" class=\"fas fa-euro-sign\"><\/i>\t\t\t\t\t\t<\/span>\n\t\t\t\t\t\t\t\t\t\t<span class=\"elementor-icon-list-text\"><b>Tarif :<\/b> <br>Sur devis<\/span>\n\t\t\t\t\t\t\t\t\t<\/li>\n\t\t\t\t\t\t<\/ul>\n\t\t\t\t\t\t<\/div>\n\t\t\t\t<\/div>\n\t\t\t\t<div class=\"elementor-element elementor-element-d24069f elementor-widget-divider--view-line elementor-widget elementor-widget-divider\" data-id=\"d24069f\" data-element_type=\"widget\" data-e-type=\"widget\" data-widget_type=\"divider.default\">\n\t\t\t\t<div class=\"elementor-widget-container\">\n\t\t\t\t\t\t\t<div class=\"elementor-divider\">\n\t\t\t<span class=\"elementor-divider-separator\">\n\t\t\t\t\t\t<\/span>\n\t\t<\/div>\n\t\t\t\t\t\t<\/div>\n\t\t\t\t<\/div>\n\t\t\t\t<div class=\"elementor-element elementor-element-6b87703 elementor-align-center elementor-widget elementor-widget-button\" data-id=\"6b87703\" data-element_type=\"widget\" data-e-type=\"widget\" data-widget_type=\"button.default\">\n\t\t\t\t<div class=\"elementor-widget-container\">\n\t\t\t\t\t\t\t\t\t<div class=\"elementor-button-wrapper\">\n\t\t\t\t\t<a class=\"elementor-button elementor-button-link elementor-size-lg\" href=\"https:\/\/www.jura-gravite.com\/reservations\/\">\n\t\t\t\t\t\t<span class=\"elementor-button-content-wrapper\">\n\t\t\t\t\t\t\t\t\t<span class=\"elementor-button-text\">R\u00e9server <\/span>\n\t\t\t\t\t<\/span>\n\t\t\t\t\t<\/a>\n\t\t\t\t<\/div>\n\t\t\t\t\t\t\t\t<\/div>\n\t\t\t\t<\/div>\n\t\t\t\t\t<\/div>\n\t\t<\/div>\n\t\t\t\t\t<\/div>\n\t\t<\/section>\n\t\t\t\t<section class=\"elementor-section elementor-top-section elementor-element elementor-element-42db62f9 elementor-section-boxed elementor-section-height-default elementor-section-height-default\" data-id=\"42db62f9\" data-element_type=\"section\" data-e-type=\"section\">\n\t\t\t\t\t\t<div class=\"elementor-container elementor-column-gap-default\">\n\t\t\t\t\t<div class=\"elementor-column elementor-col-100 elementor-top-column elementor-element elementor-element-36f1a298\" data-id=\"36f1a298\" data-element_type=\"column\" data-e-type=\"column\">\n\t\t\t<div class=\"elementor-widget-wrap elementor-element-populated\">\n\t\t\t\t\t\t<div class=\"elementor-element elementor-element-52b6cd7d elementor-widget elementor-widget-text-editor\" data-id=\"52b6cd7d\" data-element_type=\"widget\" data-e-type=\"widget\" data-widget_type=\"text-editor.default\">\n\t\t\t\t<div class=\"elementor-widget-container\">\n\t\t\t\t\t\t\t\t\t<p>\ud83d\udeb2 D\u00e9veloppement moteur et \u00e9quilibre<\/p><ul><li><p><strong>Renforce l\u2019\u00e9quilibre<\/strong> : L\u2019enfant apprend \u00e0 stabiliser son corps sur deux roues, ce qui facilite plus tard la transition vers un v\u00e9lo classique sans roulettes.<\/p><\/li><li class=\"ps-2\"><p><strong>Am\u00e9liore la motricit\u00e9 globale<\/strong> : En poussant avec ses jambes, il d\u00e9veloppe sa force musculaire, sa coordination et son agilit\u00e9.<\/p><\/li><li class=\"ps-2\"><p><strong>Favorise l\u2019autonomie<\/strong> : L\u2019enfant contr\u00f4le sa vitesse et sa trajectoire, ce qui stimule la confiance en soi et l\u2019ind\u00e9pendance.<\/p><\/li><\/ul><h3 class=\"text-base-strong sm:text-lg-strong pb-1 [&amp;:not(:first-child)]:pt-3.5\">\ud83e\udde0 D\u00e9veloppement psychique et cognitif<\/h3><ul><li><p><strong>Stimule la concentration et l\u2019anticipation<\/strong> : Il doit observer son environnement, anticiper les obstacles et ajuster ses mouvements.<\/p><\/li><li class=\"ps-2\"><p><strong>Favorise la prise de d\u00e9cision<\/strong> : Choisir o\u00f9 aller, quand freiner ou acc\u00e9l\u00e9rer d\u00e9veloppe son sens de l\u2019initiative.<\/p><\/li><\/ul><h3>\ud83d\udc76 Adapt\u00e9e d\u00e8s le plus jeune \u00e2ge<\/h3><ul><li><p><strong>Accessible d\u00e8s 18 mois<\/strong> : Il n\u2019y a pas d\u2019\u00e2ge r\u00e9glementaire, mais d\u00e8s que l\u2019enfant marche bien, il peut commencer \u00e0 utiliser une draisienne.<\/p><\/li><li class=\"ps-2\"><p><strong>Pr\u00e9paration au v\u00e9lo<\/strong> : Elle constitue une \u00e9tape naturelle avant l\u2019apprentissage du v\u00e9lo \u00e0 p\u00e9dales, souvent sans besoin de roulettes.<\/p><\/li><\/ul><h3 class=\"text-base-strong sm:text-lg-strong pb-1 [&amp;:not(:first-child)]:pt-3.5\">\ud83c\udfaf Recommand\u00e9e par les professionnels<\/h3><ul><li><p><strong>Int\u00e9gr\u00e9e dans les programmes scolaires<\/strong> : Elle est utilis\u00e9e en maternelle dans le cadre du \u201cSavoir Rouler\u201d pour initier les enfants \u00e0 la mobilit\u00e9 douce.<\/p><\/li><li class=\"ps-2\"><p><strong>Outil ludique et \u00e9ducatif<\/strong> : Elle combine plaisir et apprentissage, ce qui en fait un excellent support p\u00e9dagogique.<\/p><\/li><\/ul>\t\t\t\t\t\t\t\t<\/div>\n\t\t\t\t<\/div>\n\t\t\t\t\t<\/div>\n\t\t<\/div>\n\t\t\t\t\t<\/div>\n\t\t<\/section>\n\t\t\t\t<\/div>\n\t\t","protected":false},"excerpt":{"rendered":"<p>Draisienne La draisienne est un outil pr\u00e9cieux pour le d\u00e9veloppement moteur, psychique et social des jeunes enfants d\u00e8s 18 mois. Elle facilite l\u2019apprentissage du v\u00e9lo tout en renfor\u00e7ant l\u2019\u00e9quilibre et la coordination. Niveau : D\u00e9butant Tarif : Sur devis R\u00e9server \ud83d\udeb2 D\u00e9veloppement moteur et \u00e9quilibre Renforce l\u2019\u00e9quilibre : L\u2019enfant apprend \u00e0 stabiliser son corps sur [&hellip;]<\/p>\n","protected":false},"author":1,"featured_media":0,"parent":0,"menu_order":0,"comment_status":"closed","ping_status":"closed","template":"elementor_header_footer","meta":{"footnotes":""},"class_list":["post-1600","page","type-page","status-publish","hentry"],"yoast_head":"<!-- This site is optimized with the Yoast SEO plugin v26.4 - https:\/\/yoast.com\/wordpress\/plugins\/seo\/ -->\n<title>Draisienne - JURA GRAVIT\u00c9<\/title>\n<meta name=\"description\" content=\"Les randonn\u00e9es p\u00e9destres s\u00e9lectionn\u00e9es offrent des paysages remarquables et le terrain est praticable pour toute personnes.\" \/>\n<meta name=\"robots\" content=\"index, follow, max-snippet:-1, max-image-preview:large, max-video-preview:-1\" \/>\n<link rel=\"canonical\" href=\"https:\/\/www.jura-gravite.com\/en\/draisienne\/\" \/>\n<meta property=\"og:locale\" content=\"en_GB\" \/>\n<meta property=\"og:type\" content=\"article\" \/>\n<meta property=\"og:title\" content=\"Draisienne - JURA GRAVIT\u00c9\" \/>\n<meta property=\"og:description\" content=\"Les randonn\u00e9es p\u00e9destres s\u00e9lectionn\u00e9es offrent des paysages remarquables et le terrain est praticable pour toute personnes.\" \/>\n<meta property=\"og:url\" content=\"https:\/\/www.jura-gravite.com\/en\/draisienne\/\" \/>\n<meta property=\"og:site_name\" content=\"JURA GRAVIT\u00c9\" \/>\n<meta property=\"article:publisher\" content=\"https:\/\/www.facebook.com\/profile.php?id=100037757172400\" \/>\n<meta property=\"article:modified_time\" content=\"2026-02-21T16:33:50+00:00\" \/>\n<meta property=\"og:image\" content=\"https:\/\/www.jura-gravite.com\/wp-content\/uploads\/2025\/11\/peut-tu-me-faire-une-images-avec-des-enfants-sur-un-parcours-de-draisienne-scaled.jpg\" \/>\n\t<meta property=\"og:image:width\" content=\"2560\" \/>\n\t<meta property=\"og:image:height\" content=\"1434\" \/>\n\t<meta property=\"og:image:type\" content=\"image\/jpeg\" \/>\n<meta name=\"twitter:label1\" content=\"Estimated reading time\" \/>\n\t<meta name=\"twitter:data1\" content=\"3 minutes\" \/>\n<script type=\"application\/ld+json\" class=\"yoast-schema-graph\">{\"@context\":\"https:\/\/schema.org\",\"@graph\":[{\"@type\":\"WebPage\",\"@id\":\"https:\/\/www.jura-gravite.com\/draisienne\/\",\"url\":\"https:\/\/www.jura-gravite.com\/draisienne\/\",\"name\":\"Draisienne - JURA GRAVIT\u00c9\",\"isPartOf\":{\"@id\":\"https:\/\/www.jura-gravite.com\/#website\"},\"primaryImageOfPage\":{\"@id\":\"https:\/\/www.jura-gravite.com\/draisienne\/#primaryimage\"},\"image\":{\"@id\":\"https:\/\/www.jura-gravite.com\/draisienne\/#primaryimage\"},\"thumbnailUrl\":\"https:\/\/www.jura-gravite.com\/wp-content\/uploads\/2025\/11\/peut-tu-me-faire-une-images-avec-des-enfants-sur-un-parcours-de-draisienne-scaled.jpg\",\"datePublished\":\"2022-06-19T20:35:46+00:00\",\"dateModified\":\"2026-02-21T16:33:50+00:00\",\"description\":\"Les randonn\u00e9es p\u00e9destres s\u00e9lectionn\u00e9es offrent des paysages remarquables et le terrain est praticable pour toute personnes.\",\"breadcrumb\":{\"@id\":\"https:\/\/www.jura-gravite.com\/draisienne\/#breadcrumb\"},\"inLanguage\":\"en-GB\",\"potentialAction\":[{\"@type\":\"ReadAction\",\"target\":[\"https:\/\/www.jura-gravite.com\/draisienne\/\"]}]},{\"@type\":\"ImageObject\",\"inLanguage\":\"en-GB\",\"@id\":\"https:\/\/www.jura-gravite.com\/draisienne\/#primaryimage\",\"url\":\"https:\/\/www.jura-gravite.com\/wp-content\/uploads\/2025\/11\/peut-tu-me-faire-une-images-avec-des-enfants-sur-un-parcours-de-draisienne-scaled.jpg\",\"contentUrl\":\"https:\/\/www.jura-gravite.com\/wp-content\/uploads\/2025\/11\/peut-tu-me-faire-une-images-avec-des-enfants-sur-un-parcours-de-draisienne-scaled.jpg\"},{\"@type\":\"BreadcrumbList\",\"@id\":\"https:\/\/www.jura-gravite.com\/draisienne\/#breadcrumb\",\"itemListElement\":[{\"@type\":\"ListItem\",\"position\":1,\"name\":\"Accueil\",\"item\":\"https:\/\/www.jura-gravite.com\/\"},{\"@type\":\"ListItem\",\"position\":2,\"name\":\"Draisienne\"}]},{\"@type\":\"WebSite\",\"@id\":\"https:\/\/www.jura-gravite.com\/#website\",\"url\":\"https:\/\/www.jura-gravite.com\/\",\"name\":\"JURA GRAVIT\u00c9\",\"description\":\"Activit\u00e9e Outdoor : Escalade, VTT, Randonn\u00e9e\",\"publisher\":{\"@id\":\"https:\/\/www.jura-gravite.com\/#organization\"},\"potentialAction\":[{\"@type\":\"SearchAction\",\"target\":{\"@type\":\"EntryPoint\",\"urlTemplate\":\"https:\/\/www.jura-gravite.com\/?s={search_term_string}\"},\"query-input\":{\"@type\":\"PropertyValueSpecification\",\"valueRequired\":true,\"valueName\":\"search_term_string\"}}],\"inLanguage\":\"en-GB\"},{\"@type\":\"Organization\",\"@id\":\"https:\/\/www.jura-gravite.com\/#organization\",\"name\":\"JURA GRAVIT\u00c9\",\"url\":\"https:\/\/www.jura-gravite.com\/\",\"logo\":{\"@type\":\"ImageObject\",\"inLanguage\":\"en-GB\",\"@id\":\"https:\/\/www.jura-gravite.com\/#\/schema\/logo\/image\/\",\"url\":\"https:\/\/www.jura-gravite.com\/wp-content\/uploads\/2022\/06\/cropped-JuraGravite3.png\",\"contentUrl\":\"https:\/\/www.jura-gravite.com\/wp-content\/uploads\/2022\/06\/cropped-JuraGravite3.png\",\"width\":1920,\"height\":1080,\"caption\":\"JURA GRAVIT\u00c9\"},\"image\":{\"@id\":\"https:\/\/www.jura-gravite.com\/#\/schema\/logo\/image\/\"},\"sameAs\":[\"https:\/\/www.facebook.com\/profile.php?id=100037757172400\",\"https:\/\/www.instagram.com\/jeromelhostis\/?hl=fr\"]}]}<\/script>\n<!-- \/ Yoast SEO plugin. -->","yoast_head_json":{"title":"Draisienne - JURA GRAVIT\u00c9","description":"Les randonn\u00e9es p\u00e9destres s\u00e9lectionn\u00e9es offrent des paysages remarquables et le terrain est praticable pour toute personnes.","robots":{"index":"index","follow":"follow","max-snippet":"max-snippet:-1","max-image-preview":"max-image-preview:large","max-video-preview":"max-video-preview:-1"},"canonical":"https:\/\/www.jura-gravite.com\/en\/draisienne\/","og_locale":"en_GB","og_type":"article","og_title":"Draisienne - JURA GRAVIT\u00c9","og_description":"Les randonn\u00e9es p\u00e9destres s\u00e9lectionn\u00e9es offrent des paysages remarquables et le terrain est praticable pour toute personnes.","og_url":"https:\/\/www.jura-gravite.com\/en\/draisienne\/","og_site_name":"JURA GRAVIT\u00c9","article_publisher":"https:\/\/www.facebook.com\/profile.php?id=100037757172400","article_modified_time":"2026-02-21T16:33:50+00:00","og_image":[{"width":2560,"height":1434,"url":"https:\/\/www.jura-gravite.com\/wp-content\/uploads\/2025\/11\/peut-tu-me-faire-une-images-avec-des-enfants-sur-un-parcours-de-draisienne-scaled.jpg","type":"image\/jpeg"}],"twitter_misc":{"Estimated reading time":"3 minutes"},"schema":{"@context":"https:\/\/schema.org","@graph":[{"@type":"WebPage","@id":"https:\/\/www.jura-gravite.com\/draisienne\/","url":"https:\/\/www.jura-gravite.com\/draisienne\/","name":"Draisienne - JURA GRAVIT\u00c9","isPartOf":{"@id":"https:\/\/www.jura-gravite.com\/#website"},"primaryImageOfPage":{"@id":"https:\/\/www.jura-gravite.com\/draisienne\/#primaryimage"},"image":{"@id":"https:\/\/www.jura-gravite.com\/draisienne\/#primaryimage"},"thumbnailUrl":"https:\/\/www.jura-gravite.com\/wp-content\/uploads\/2025\/11\/peut-tu-me-faire-une-images-avec-des-enfants-sur-un-parcours-de-draisienne-scaled.jpg","datePublished":"2022-06-19T20:35:46+00:00","dateModified":"2026-02-21T16:33:50+00:00","description":"Les randonn\u00e9es p\u00e9destres s\u00e9lectionn\u00e9es offrent des paysages remarquables et le terrain est praticable pour toute personnes.","breadcrumb":{"@id":"https:\/\/www.jura-gravite.com\/draisienne\/#breadcrumb"},"inLanguage":"en-GB","potentialAction":[{"@type":"ReadAction","target":["https:\/\/www.jura-gravite.com\/draisienne\/"]}]},{"@type":"ImageObject","inLanguage":"en-GB","@id":"https:\/\/www.jura-gravite.com\/draisienne\/#primaryimage","url":"https:\/\/www.jura-gravite.com\/wp-content\/uploads\/2025\/11\/peut-tu-me-faire-une-images-avec-des-enfants-sur-un-parcours-de-draisienne-scaled.jpg","contentUrl":"https:\/\/www.jura-gravite.com\/wp-content\/uploads\/2025\/11\/peut-tu-me-faire-une-images-avec-des-enfants-sur-un-parcours-de-draisienne-scaled.jpg"},{"@type":"BreadcrumbList","@id":"https:\/\/www.jura-gravite.com\/draisienne\/#breadcrumb","itemListElement":[{"@type":"ListItem","position":1,"name":"Accueil","item":"https:\/\/www.jura-gravite.com\/"},{"@type":"ListItem","position":2,"name":"Draisienne"}]},{"@type":"WebSite","@id":"https:\/\/www.jura-gravite.com\/#website","url":"https:\/\/www.jura-gravite.com\/","name":"JURA GRAVIT\u00c9","description":"Activit\u00e9e Outdoor : Escalade, VTT, Randonn\u00e9e","publisher":{"@id":"https:\/\/www.jura-gravite.com\/#organization"},"potentialAction":[{"@type":"SearchAction","target":{"@type":"EntryPoint","urlTemplate":"https:\/\/www.jura-gravite.com\/?s={search_term_string}"},"query-input":{"@type":"PropertyValueSpecification","valueRequired":true,"valueName":"search_term_string"}}],"inLanguage":"en-GB"},{"@type":"Organization","@id":"https:\/\/www.jura-gravite.com\/#organization","name":"JURA GRAVIT\u00c9","url":"https:\/\/www.jura-gravite.com\/","logo":{"@type":"ImageObject","inLanguage":"en-GB","@id":"https:\/\/www.jura-gravite.com\/#\/schema\/logo\/image\/","url":"https:\/\/www.jura-gravite.com\/wp-content\/uploads\/2022\/06\/cropped-JuraGravite3.png","contentUrl":"https:\/\/www.jura-gravite.com\/wp-content\/uploads\/2022\/06\/cropped-JuraGravite3.png","width":1920,"height":1080,"caption":"JURA GRAVIT\u00c9"},"image":{"@id":"https:\/\/www.jura-gravite.com\/#\/schema\/logo\/image\/"},"sameAs":["https:\/\/www.facebook.com\/profile.php?id=100037757172400","https:\/\/www.instagram.com\/jeromelhostis\/?hl=fr"]}]}},"_links":{"self":[{"href":"https:\/\/www.jura-gravite.com\/en\/wp-json\/wp\/v2\/pages\/1600","targetHints":{"allow":["GET"]}}],"collection":[{"href":"https:\/\/www.jura-gravite.com\/en\/wp-json\/wp\/v2\/pages"}],"about":[{"href":"https:\/\/www.jura-gravite.com\/en\/wp-json\/wp\/v2\/types\/page"}],"author":[{"embeddable":true,"href":"https:\/\/www.jura-gravite.com\/en\/wp-json\/wp\/v2\/users\/1"}],"replies":[{"embeddable":true,"href":"https:\/\/www.jura-gravite.com\/en\/wp-json\/wp\/v2\/comments?post=1600"}],"version-history":[{"count":98,"href":"https:\/\/www.jura-gravite.com\/en\/wp-json\/wp\/v2\/pages\/1600\/revisions"}],"predecessor-version":[{"id":3747,"href":"https:\/\/www.jura-gravite.com\/en\/wp-json\/wp\/v2\/pages\/1600\/revisions\/3747"}],"wp:attachment":[{"href":"https:\/\/www.jura-gravite.com\/en\/wp-json\/wp\/v2\/media?parent=1600"}],"curies":[{"name":"wp","href":"https:\/\/api.w.org\/{rel}","templated":true}]}}