{"id":1635,"date":"2022-06-19T21:36:07","date_gmt":"2022-06-19T20:36:07","guid":{"rendered":"https:\/\/www.jura-gravite.com\/escalade-2\/"},"modified":"2026-02-21T17:30:12","modified_gmt":"2026-02-21T16:30:12","slug":"escalade-jura-doubs","status":"publish","type":"page","link":"https:\/\/www.jura-gravite.com\/en\/escalade-jura-doubs\/","title":{"rendered":"Climbing"},"content":{"rendered":"<div data-elementor-type=\"wp-page\" data-elementor-id=\"1635\" class=\"elementor elementor-1635\">\n\t\t\t\t\t\t<section class=\"elementor-section elementor-top-section elementor-element elementor-element-179f0582 elementor-section-boxed elementor-section-height-default elementor-section-height-default\" data-id=\"179f0582\" data-element_type=\"section\" data-e-type=\"section\" data-settings=\"{&quot;background_background&quot;:&quot;classic&quot;}\">\n\t\t\t\t\t\t<div class=\"elementor-container elementor-column-gap-default\">\n\t\t\t\t\t<div class=\"elementor-column elementor-col-100 elementor-top-column elementor-element elementor-element-7060db45\" data-id=\"7060db45\" data-element_type=\"column\" data-e-type=\"column\">\n\t\t\t<div class=\"elementor-widget-wrap elementor-element-populated\">\n\t\t\t\t\t\t<div class=\"elementor-element elementor-element-0417621 elementor-widget elementor-widget-spacer\" data-id=\"0417621\" data-element_type=\"widget\" data-e-type=\"widget\" data-widget_type=\"spacer.default\">\n\t\t\t\t<div class=\"elementor-widget-container\">\n\t\t\t\t\t\t\t<div class=\"elementor-spacer\">\n\t\t\t<div class=\"elementor-spacer-inner\"><\/div>\n\t\t<\/div>\n\t\t\t\t\t\t<\/div>\n\t\t\t\t<\/div>\n\t\t\t\t\t<\/div>\n\t\t<\/div>\n\t\t\t\t\t<\/div>\n\t\t<\/section>\n\t\t\t\t<section class=\"elementor-section elementor-top-section elementor-element elementor-element-5465be1f elementor-section-boxed elementor-section-height-default elementor-section-height-default\" data-id=\"5465be1f\" data-element_type=\"section\" data-e-type=\"section\">\n\t\t\t\t\t\t<div class=\"elementor-container elementor-column-gap-default\">\n\t\t\t\t\t<div class=\"elementor-column elementor-col-100 elementor-top-column elementor-element elementor-element-5a6d6feb\" data-id=\"5a6d6feb\" data-element_type=\"column\" data-e-type=\"column\">\n\t\t\t<div class=\"elementor-widget-wrap elementor-element-populated\">\n\t\t\t\t\t\t<div class=\"elementor-element elementor-element-746964b5 elementor-widget elementor-widget-text-editor\" data-id=\"746964b5\" data-element_type=\"widget\" data-e-type=\"widget\" data-widget_type=\"text-editor.default\">\n\t\t\t\t<div class=\"elementor-widget-container\">\n\t\t\t\t\t\t\t\t\t<p>Climbing is a sport suitable for all, whatever your ages.<\/p><p>First of all, it is a physical activity accessible to beginners as well as to the more experienced.<\/p><p>Climbing enables a better understanding of the space and volumes surrounding us and working on possible difficulties to be in height. Searching for one\u2019s body\nlimits and surpassing oneself are two keys to success; thus climbing is both a sport and a therapeutic practice offering a large number of educational possibilities.<\/p><p>In short, all the conditions are there for you to have a relaxing and entertaining time.<\/p>\t\t\t\t\t\t\t\t<\/div>\n\t\t\t\t<\/div>\n\t\t\t\t\t<\/div>\n\t\t<\/div>\n\t\t\t\t\t<\/div>\n\t\t<\/section>\n\t\t\t\t<section class=\"elementor-section elementor-top-section elementor-element elementor-element-51079f03 elementor-section-boxed elementor-section-height-default elementor-section-height-default\" data-id=\"51079f03\" data-element_type=\"section\" data-e-type=\"section\">\n\t\t\t\t\t\t<div class=\"elementor-container elementor-column-gap-no\">\n\t\t\t\t\t<div class=\"elementor-column elementor-col-33 elementor-top-column elementor-element elementor-element-731a954\" data-id=\"731a954\" data-element_type=\"column\" data-e-type=\"column\">\n\t\t\t<div class=\"elementor-widget-wrap elementor-element-populated\">\n\t\t\t\t\t\t<div class=\"elementor-element elementor-element-f5f69d elementor-widget elementor-widget-image\" data-id=\"f5f69d\" data-element_type=\"widget\" data-e-type=\"widget\" data-widget_type=\"image.default\">\n\t\t\t\t<div class=\"elementor-widget-container\">\n\t\t\t\t\t\t\t\t\t\t\t\t\t\t\t<img fetchpriority=\"high\" decoding=\"async\" width=\"1536\" height=\"2048\" src=\"https:\/\/www.jura-gravite.com\/wp-content\/uploads\/2024\/06\/photo-escalade.jpg\" class=\"attachment-full size-full wp-image-3096\" alt=\"\" srcset=\"https:\/\/www.jura-gravite.com\/wp-content\/uploads\/2024\/06\/photo-escalade.jpg 1536w, https:\/\/www.jura-gravite.com\/wp-content\/uploads\/2024\/06\/photo-escalade-225x300.jpg 225w, https:\/\/www.jura-gravite.com\/wp-content\/uploads\/2024\/06\/photo-escalade-768x1024.jpg 768w, https:\/\/www.jura-gravite.com\/wp-content\/uploads\/2024\/06\/photo-escalade-1152x1536.jpg 1152w, https:\/\/www.jura-gravite.com\/wp-content\/uploads\/2024\/06\/photo-escalade-9x12.jpg 9w\" sizes=\"(max-width: 1536px) 100vw, 1536px\" \/>\t\t\t\t\t\t\t\t\t\t\t\t\t\t\t<\/div>\n\t\t\t\t<\/div>\n\t\t\t\t\t<\/div>\n\t\t<\/div>\n\t\t\t\t<div class=\"elementor-column elementor-col-33 elementor-top-column elementor-element elementor-element-5c4b384b\" data-id=\"5c4b384b\" data-element_type=\"column\" data-e-type=\"column\">\n\t\t\t<div class=\"elementor-widget-wrap elementor-element-populated\">\n\t\t\t\t\t\t<div class=\"elementor-element elementor-element-478380be elementor-widget elementor-widget-heading\" data-id=\"478380be\" data-element_type=\"widget\" data-e-type=\"widget\" data-widget_type=\"heading.default\">\n\t\t\t\t<div class=\"elementor-widget-container\">\n\t\t\t\t\t<h2 class=\"elementor-heading-title elementor-size-default\">Cliff climbing <\/h2>\t\t\t\t<\/div>\n\t\t\t\t<\/div>\n\t\t\t\t<div class=\"elementor-element elementor-element-690f90d2 elementor-widget-divider--view-line elementor-widget elementor-widget-divider\" data-id=\"690f90d2\" data-element_type=\"widget\" data-e-type=\"widget\" data-widget_type=\"divider.default\">\n\t\t\t\t<div class=\"elementor-widget-container\">\n\t\t\t\t\t\t\t<div class=\"elementor-divider\">\n\t\t\t<span class=\"elementor-divider-separator\">\n\t\t\t\t\t\t<\/span>\n\t\t<\/div>\n\t\t\t\t\t\t<\/div>\n\t\t\t\t<\/div>\n\t\t\t\t<div class=\"elementor-element elementor-element-7e47bd77 elementor-widget elementor-widget-text-editor\" data-id=\"7e47bd77\" data-element_type=\"widget\" data-e-type=\"widget\" data-widget_type=\"text-editor.default\">\n\t\t\t\t<div class=\"elementor-widget-container\">\n\t\t\t\t\t\t\t\t\t<p class=\"translation-block\">Come and get some height with a skilled and fun instructor, who will make you discover the world of climbing and its benefits.\nAlone, with family or friends, come and share a unique experience, adapted to your needs.<\/p>\t\t\t\t\t\t\t\t<\/div>\n\t\t\t\t<\/div>\n\t\t\t\t\t<\/div>\n\t\t<\/div>\n\t\t\t\t<div class=\"elementor-column elementor-col-33 elementor-top-column elementor-element elementor-element-2efc89aa\" data-id=\"2efc89aa\" data-element_type=\"column\" data-e-type=\"column\" data-settings=\"{&quot;background_background&quot;:&quot;classic&quot;}\">\n\t\t\t<div class=\"elementor-widget-wrap elementor-element-populated\">\n\t\t\t\t\t\t<div class=\"elementor-element elementor-element-260ac00c elementor-widget-divider--view-line elementor-widget elementor-widget-divider\" data-id=\"260ac00c\" data-element_type=\"widget\" data-e-type=\"widget\" data-widget_type=\"divider.default\">\n\t\t\t\t<div class=\"elementor-widget-container\">\n\t\t\t\t\t\t\t<div class=\"elementor-divider\">\n\t\t\t<span class=\"elementor-divider-separator\">\n\t\t\t\t\t\t<\/span>\n\t\t<\/div>\n\t\t\t\t\t\t<\/div>\n\t\t\t\t<\/div>\n\t\t\t\t<div class=\"elementor-element elementor-element-1d5ec6bb elementor-icon-list--layout-traditional elementor-list-item-link-full_width elementor-widget elementor-widget-icon-list\" data-id=\"1d5ec6bb\" data-element_type=\"widget\" data-e-type=\"widget\" data-widget_type=\"icon-list.default\">\n\t\t\t\t<div class=\"elementor-widget-container\">\n\t\t\t\t\t\t\t<ul class=\"elementor-icon-list-items\">\n\t\t\t\t\t\t\t<li class=\"elementor-icon-list-item\">\n\t\t\t\t\t\t\t\t\t\t\t<span class=\"elementor-icon-list-icon\">\n\t\t\t\t\t\t\t<i aria-hidden=\"true\" class=\"far fa-grin\"><\/i>\t\t\t\t\t\t<\/span>\n\t\t\t\t\t\t\t\t\t\t<span class=\"elementor-icon-list-text\"><b>Level :<\/b> <br>Beginner \/ intermediate<\/span>\n\t\t\t\t\t\t\t\t\t<\/li>\n\t\t\t\t\t\t\t\t<li class=\"elementor-icon-list-item\">\n\t\t\t\t\t\t\t\t\t\t\t<span class=\"elementor-icon-list-icon\">\n\t\t\t\t\t\t\t<i aria-hidden=\"true\" class=\"fas fa-euro-sign\"><\/i>\t\t\t\t\t\t<\/span>\n\t\t\t\t\t\t\t\t\t\t<span class=\"elementor-icon-list-text\"><b>Rate :<\/b><br> 30\u20ac per person <\/span>\n\t\t\t\t\t\t\t\t\t<\/li>\n\t\t\t\t\t\t<\/ul>\n\t\t\t\t\t\t<\/div>\n\t\t\t\t<\/div>\n\t\t\t\t<div class=\"elementor-element elementor-element-1203902a elementor-widget-divider--view-line elementor-widget elementor-widget-divider\" data-id=\"1203902a\" data-element_type=\"widget\" data-e-type=\"widget\" data-widget_type=\"divider.default\">\n\t\t\t\t<div class=\"elementor-widget-container\">\n\t\t\t\t\t\t\t<div class=\"elementor-divider\">\n\t\t\t<span class=\"elementor-divider-separator\">\n\t\t\t\t\t\t<\/span>\n\t\t<\/div>\n\t\t\t\t\t\t<\/div>\n\t\t\t\t<\/div>\n\t\t\t\t<div class=\"elementor-element elementor-element-4bdf8cda elementor-align-center elementor-widget elementor-widget-button\" data-id=\"4bdf8cda\" data-element_type=\"widget\" data-e-type=\"widget\" data-widget_type=\"button.default\">\n\t\t\t\t<div class=\"elementor-widget-container\">\n\t\t\t\t\t\t\t\t\t<div class=\"elementor-button-wrapper\">\n\t\t\t\t\t<a class=\"elementor-button elementor-button-link elementor-size-lg\" href=\"https:\/\/www.jura-gravite.com\/en\/reservations\/\">\n\t\t\t\t\t\t<span class=\"elementor-button-content-wrapper\">\n\t\t\t\t\t\t\t\t\t<span class=\"elementor-button-text\">Booking <\/span>\n\t\t\t\t\t<\/span>\n\t\t\t\t\t<\/a>\n\t\t\t\t<\/div>\n\t\t\t\t\t\t\t\t<\/div>\n\t\t\t\t<\/div>\n\t\t\t\t\t<\/div>\n\t\t<\/div>\n\t\t\t\t\t<\/div>\n\t\t<\/section>\n\t\t\t\t<section class=\"elementor-section elementor-top-section elementor-element elementor-element-29d93994 elementor-section-boxed elementor-section-height-default elementor-section-height-default\" data-id=\"29d93994\" data-element_type=\"section\" data-e-type=\"section\">\n\t\t\t\t\t\t<div class=\"elementor-container elementor-column-gap-default\">\n\t\t\t\t\t<div class=\"elementor-column elementor-col-100 elementor-top-column elementor-element elementor-element-27686906\" data-id=\"27686906\" data-element_type=\"column\" data-e-type=\"column\">\n\t\t\t<div class=\"elementor-widget-wrap elementor-element-populated\">\n\t\t\t\t\t\t<div class=\"elementor-element elementor-element-33a2e118 elementor-widget elementor-widget-text-editor\" data-id=\"33a2e118\" data-element_type=\"widget\" data-e-type=\"widget\" data-widget_type=\"text-editor.default\">\n\t\t\t\t<div class=\"elementor-widget-container\">\n\t\t\t\t\t\t\t\t\t<h4>EQUIPMENT PROVIDED<\/h4><p>harness, helmet, climbing equipement \u00a0<\/p><h4>INDIVIDUAL EQUIPMENT REQUIRED<\/h4><p>Backpack, water and sunglasses<\/p><p>\u00a0<\/p><p>For more information or special requests, please do not hesitate to contact me<\/p>\t\t\t\t\t\t\t\t<\/div>\n\t\t\t\t<\/div>\n\t\t\t\t<div class=\"elementor-element elementor-element-7ad9138f elementor-align-center elementor-widget elementor-widget-button\" data-id=\"7ad9138f\" data-element_type=\"widget\" data-e-type=\"widget\" data-widget_type=\"button.default\">\n\t\t\t\t<div class=\"elementor-widget-container\">\n\t\t\t\t\t\t\t\t\t<div class=\"elementor-button-wrapper\">\n\t\t\t\t\t<a class=\"elementor-button elementor-button-link elementor-size-lg\" href=\"https:\/\/www.jura-gravite.com\/en\/contact\/\">\n\t\t\t\t\t\t<span class=\"elementor-button-content-wrapper\">\n\t\t\t\t\t\t\t\t\t<span class=\"elementor-button-text\">Contact me<\/span>\n\t\t\t\t\t<\/span>\n\t\t\t\t\t<\/a>\n\t\t\t\t<\/div>\n\t\t\t\t\t\t\t\t<\/div>\n\t\t\t\t<\/div>\n\t\t\t\t\t<\/div>\n\t\t<\/div>\n\t\t\t\t\t<\/div>\n\t\t<\/section>\n\t\t\t\t<\/div>","protected":false},"excerpt":{"rendered":"<p>L&rsquo;escalade est un sport adapt\u00e9 \u00e0 tous et \u00e0 tous les \u00e2ges. Il permet tout d\u2019abord une pratique physique accessible aux d\u00e9butants comme aux plus aguerris. Grimper permet une appr\u00e9hension des espaces et des volumes qui nous entourent et un travail sur les possibles difficult\u00e9s \u00e0 se trouver en hauteur. La recherche vers les limites [&hellip;]<\/p>\n","protected":false},"author":37,"featured_media":0,"parent":0,"menu_order":0,"comment_status":"closed","ping_status":"closed","template":"elementor_header_footer","meta":{"footnotes":""},"class_list":["post-1635","page","type-page","status-publish","hentry"],"yoast_head":"<!-- This site is optimized with the Yoast SEO plugin v26.4 - https:\/\/yoast.com\/wordpress\/plugins\/seo\/ -->\n<title>Escalade - JURA GRAVIT\u00c9<\/title>\n<meta name=\"description\" content=\"L\u2019escalade est un sport adapt\u00e9 \u00e0 tous et \u00e0 tous les \u00e2ges. Il permet tout d\u2019abord une pratique physique et de l&#039;aventure\" \/>\n<meta name=\"robots\" content=\"index, follow, max-snippet:-1, max-image-preview:large, max-video-preview:-1\" \/>\n<link rel=\"canonical\" href=\"https:\/\/www.jura-gravite.com\/en\/escalade-jura-doubs\/\" \/>\n<meta property=\"og:locale\" content=\"en_GB\" \/>\n<meta property=\"og:type\" content=\"article\" \/>\n<meta property=\"og:title\" content=\"Escalade - JURA GRAVIT\u00c9\" \/>\n<meta property=\"og:description\" content=\"L\u2019escalade est un sport adapt\u00e9 \u00e0 tous et \u00e0 tous les \u00e2ges. Il permet tout d\u2019abord une pratique physique et de l&#039;aventure\" \/>\n<meta property=\"og:url\" content=\"https:\/\/www.jura-gravite.com\/en\/escalade-jura-doubs\/\" \/>\n<meta property=\"og:site_name\" content=\"JURA GRAVIT\u00c9\" \/>\n<meta property=\"article:publisher\" content=\"https:\/\/www.facebook.com\/profile.php?id=100037757172400\" \/>\n<meta property=\"article:modified_time\" content=\"2026-02-21T16:30:12+00:00\" \/>\n<meta property=\"og:image\" content=\"https:\/\/www.jura-gravite.com\/wp-content\/uploads\/2024\/06\/photo-escalade.jpg\" \/>\n\t<meta property=\"og:image:width\" content=\"1536\" \/>\n\t<meta property=\"og:image:height\" content=\"2048\" \/>\n\t<meta property=\"og:image:type\" content=\"image\/jpeg\" \/>\n<meta name=\"twitter:label1\" content=\"Estimated reading time\" \/>\n\t<meta name=\"twitter:data1\" content=\"2 minutes\" \/>\n<script type=\"application\/ld+json\" class=\"yoast-schema-graph\">{\"@context\":\"https:\/\/schema.org\",\"@graph\":[{\"@type\":\"WebPage\",\"@id\":\"https:\/\/www.jura-gravite.com\/escalade-jura-doubs\/\",\"url\":\"https:\/\/www.jura-gravite.com\/escalade-jura-doubs\/\",\"name\":\"Escalade - JURA GRAVIT\u00c9\",\"isPartOf\":{\"@id\":\"https:\/\/www.jura-gravite.com\/#website\"},\"primaryImageOfPage\":{\"@id\":\"https:\/\/www.jura-gravite.com\/escalade-jura-doubs\/#primaryimage\"},\"image\":{\"@id\":\"https:\/\/www.jura-gravite.com\/escalade-jura-doubs\/#primaryimage\"},\"thumbnailUrl\":\"https:\/\/www.jura-gravite.com\/wp-content\/uploads\/2024\/06\/photo-escalade.jpg\",\"datePublished\":\"2022-06-19T20:36:07+00:00\",\"dateModified\":\"2026-02-21T16:30:12+00:00\",\"description\":\"L\u2019escalade est un sport adapt\u00e9 \u00e0 tous et \u00e0 tous les \u00e2ges. Il permet tout d\u2019abord une pratique physique et de l'aventure\",\"breadcrumb\":{\"@id\":\"https:\/\/www.jura-gravite.com\/escalade-jura-doubs\/#breadcrumb\"},\"inLanguage\":\"en-GB\",\"potentialAction\":[{\"@type\":\"ReadAction\",\"target\":[\"https:\/\/www.jura-gravite.com\/escalade-jura-doubs\/\"]}]},{\"@type\":\"ImageObject\",\"inLanguage\":\"en-GB\",\"@id\":\"https:\/\/www.jura-gravite.com\/escalade-jura-doubs\/#primaryimage\",\"url\":\"https:\/\/www.jura-gravite.com\/wp-content\/uploads\/2024\/06\/photo-escalade.jpg\",\"contentUrl\":\"https:\/\/www.jura-gravite.com\/wp-content\/uploads\/2024\/06\/photo-escalade.jpg\"},{\"@type\":\"BreadcrumbList\",\"@id\":\"https:\/\/www.jura-gravite.com\/escalade-jura-doubs\/#breadcrumb\",\"itemListElement\":[{\"@type\":\"ListItem\",\"position\":1,\"name\":\"Accueil\",\"item\":\"https:\/\/www.jura-gravite.com\/\"},{\"@type\":\"ListItem\",\"position\":2,\"name\":\"Escalade\"}]},{\"@type\":\"WebSite\",\"@id\":\"https:\/\/www.jura-gravite.com\/#website\",\"url\":\"https:\/\/www.jura-gravite.com\/\",\"name\":\"JURA GRAVIT\u00c9\",\"description\":\"Activit\u00e9e Outdoor : Escalade, VTT, Randonn\u00e9e\",\"publisher\":{\"@id\":\"https:\/\/www.jura-gravite.com\/#organization\"},\"potentialAction\":[{\"@type\":\"SearchAction\",\"target\":{\"@type\":\"EntryPoint\",\"urlTemplate\":\"https:\/\/www.jura-gravite.com\/?s={search_term_string}\"},\"query-input\":{\"@type\":\"PropertyValueSpecification\",\"valueRequired\":true,\"valueName\":\"search_term_string\"}}],\"inLanguage\":\"en-GB\"},{\"@type\":\"Organization\",\"@id\":\"https:\/\/www.jura-gravite.com\/#organization\",\"name\":\"JURA GRAVIT\u00c9\",\"url\":\"https:\/\/www.jura-gravite.com\/\",\"logo\":{\"@type\":\"ImageObject\",\"inLanguage\":\"en-GB\",\"@id\":\"https:\/\/www.jura-gravite.com\/#\/schema\/logo\/image\/\",\"url\":\"https:\/\/www.jura-gravite.com\/wp-content\/uploads\/2022\/06\/cropped-JuraGravite3.png\",\"contentUrl\":\"https:\/\/www.jura-gravite.com\/wp-content\/uploads\/2022\/06\/cropped-JuraGravite3.png\",\"width\":1920,\"height\":1080,\"caption\":\"JURA GRAVIT\u00c9\"},\"image\":{\"@id\":\"https:\/\/www.jura-gravite.com\/#\/schema\/logo\/image\/\"},\"sameAs\":[\"https:\/\/www.facebook.com\/profile.php?id=100037757172400\",\"https:\/\/www.instagram.com\/jeromelhostis\/?hl=fr\"]}]}<\/script>\n<!-- \/ Yoast SEO plugin. -->","yoast_head_json":{"title":"Escalade - JURA GRAVIT\u00c9","description":"L\u2019escalade est un sport adapt\u00e9 \u00e0 tous et \u00e0 tous les \u00e2ges. Il permet tout d\u2019abord une pratique physique et de l'aventure","robots":{"index":"index","follow":"follow","max-snippet":"max-snippet:-1","max-image-preview":"max-image-preview:large","max-video-preview":"max-video-preview:-1"},"canonical":"https:\/\/www.jura-gravite.com\/en\/escalade-jura-doubs\/","og_locale":"en_GB","og_type":"article","og_title":"Escalade - JURA GRAVIT\u00c9","og_description":"L\u2019escalade est un sport adapt\u00e9 \u00e0 tous et \u00e0 tous les \u00e2ges. Il permet tout d\u2019abord une pratique physique et de l'aventure","og_url":"https:\/\/www.jura-gravite.com\/en\/escalade-jura-doubs\/","og_site_name":"JURA GRAVIT\u00c9","article_publisher":"https:\/\/www.facebook.com\/profile.php?id=100037757172400","article_modified_time":"2026-02-21T16:30:12+00:00","og_image":[{"width":1536,"height":2048,"url":"https:\/\/www.jura-gravite.com\/wp-content\/uploads\/2024\/06\/photo-escalade.jpg","type":"image\/jpeg"}],"twitter_misc":{"Estimated reading time":"2 minutes"},"schema":{"@context":"https:\/\/schema.org","@graph":[{"@type":"WebPage","@id":"https:\/\/www.jura-gravite.com\/escalade-jura-doubs\/","url":"https:\/\/www.jura-gravite.com\/escalade-jura-doubs\/","name":"Escalade - JURA GRAVIT\u00c9","isPartOf":{"@id":"https:\/\/www.jura-gravite.com\/#website"},"primaryImageOfPage":{"@id":"https:\/\/www.jura-gravite.com\/escalade-jura-doubs\/#primaryimage"},"image":{"@id":"https:\/\/www.jura-gravite.com\/escalade-jura-doubs\/#primaryimage"},"thumbnailUrl":"https:\/\/www.jura-gravite.com\/wp-content\/uploads\/2024\/06\/photo-escalade.jpg","datePublished":"2022-06-19T20:36:07+00:00","dateModified":"2026-02-21T16:30:12+00:00","description":"L\u2019escalade est un sport adapt\u00e9 \u00e0 tous et \u00e0 tous les \u00e2ges. Il permet tout d\u2019abord une pratique physique et de l'aventure","breadcrumb":{"@id":"https:\/\/www.jura-gravite.com\/escalade-jura-doubs\/#breadcrumb"},"inLanguage":"en-GB","potentialAction":[{"@type":"ReadAction","target":["https:\/\/www.jura-gravite.com\/escalade-jura-doubs\/"]}]},{"@type":"ImageObject","inLanguage":"en-GB","@id":"https:\/\/www.jura-gravite.com\/escalade-jura-doubs\/#primaryimage","url":"https:\/\/www.jura-gravite.com\/wp-content\/uploads\/2024\/06\/photo-escalade.jpg","contentUrl":"https:\/\/www.jura-gravite.com\/wp-content\/uploads\/2024\/06\/photo-escalade.jpg"},{"@type":"BreadcrumbList","@id":"https:\/\/www.jura-gravite.com\/escalade-jura-doubs\/#breadcrumb","itemListElement":[{"@type":"ListItem","position":1,"name":"Accueil","item":"https:\/\/www.jura-gravite.com\/"},{"@type":"ListItem","position":2,"name":"Escalade"}]},{"@type":"WebSite","@id":"https:\/\/www.jura-gravite.com\/#website","url":"https:\/\/www.jura-gravite.com\/","name":"JURA GRAVIT\u00c9","description":"Activit\u00e9e Outdoor : Escalade, VTT, Randonn\u00e9e","publisher":{"@id":"https:\/\/www.jura-gravite.com\/#organization"},"potentialAction":[{"@type":"SearchAction","target":{"@type":"EntryPoint","urlTemplate":"https:\/\/www.jura-gravite.com\/?s={search_term_string}"},"query-input":{"@type":"PropertyValueSpecification","valueRequired":true,"valueName":"search_term_string"}}],"inLanguage":"en-GB"},{"@type":"Organization","@id":"https:\/\/www.jura-gravite.com\/#organization","name":"JURA GRAVIT\u00c9","url":"https:\/\/www.jura-gravite.com\/","logo":{"@type":"ImageObject","inLanguage":"en-GB","@id":"https:\/\/www.jura-gravite.com\/#\/schema\/logo\/image\/","url":"https:\/\/www.jura-gravite.com\/wp-content\/uploads\/2022\/06\/cropped-JuraGravite3.png","contentUrl":"https:\/\/www.jura-gravite.com\/wp-content\/uploads\/2022\/06\/cropped-JuraGravite3.png","width":1920,"height":1080,"caption":"JURA GRAVIT\u00c9"},"image":{"@id":"https:\/\/www.jura-gravite.com\/#\/schema\/logo\/image\/"},"sameAs":["https:\/\/www.facebook.com\/profile.php?id=100037757172400","https:\/\/www.instagram.com\/jeromelhostis\/?hl=fr"]}]}},"_links":{"self":[{"href":"https:\/\/www.jura-gravite.com\/en\/wp-json\/wp\/v2\/pages\/1635","targetHints":{"allow":["GET"]}}],"collection":[{"href":"https:\/\/www.jura-gravite.com\/en\/wp-json\/wp\/v2\/pages"}],"about":[{"href":"https:\/\/www.jura-gravite.com\/en\/wp-json\/wp\/v2\/types\/page"}],"author":[{"embeddable":true,"href":"https:\/\/www.jura-gravite.com\/en\/wp-json\/wp\/v2\/users\/37"}],"replies":[{"embeddable":true,"href":"https:\/\/www.jura-gravite.com\/en\/wp-json\/wp\/v2\/comments?post=1635"}],"version-history":[{"count":80,"href":"https:\/\/www.jura-gravite.com\/en\/wp-json\/wp\/v2\/pages\/1635\/revisions"}],"predecessor-version":[{"id":3735,"href":"https:\/\/www.jura-gravite.com\/en\/wp-json\/wp\/v2\/pages\/1635\/revisions\/3735"}],"wp:attachment":[{"href":"https:\/\/www.jura-gravite.com\/en\/wp-json\/wp\/v2\/media?parent=1635"}],"curies":[{"name":"wp","href":"https:\/\/api.w.org\/{rel}","templated":true}]}}