{"id":3074,"date":"2024-06-13T15:05:14","date_gmt":"2024-06-13T14:05:14","guid":{"rendered":"https:\/\/www.jura-gravite.com\/?page_id=3074"},"modified":"2024-09-24T08:50:24","modified_gmt":"2024-09-24T07:50:24","slug":"reservations-vtt","status":"publish","type":"page","link":"https:\/\/www.jura-gravite.com\/en\/reservations-vtt\/","title":{"rendered":"r\u00e9servation VTT"},"content":{"rendered":"<div data-elementor-type=\"wp-page\" data-elementor-id=\"3074\" class=\"elementor elementor-3074\">\n\t\t\t\t\t\t<section class=\"elementor-section elementor-top-section elementor-element elementor-element-26b3a519 elementor-section-boxed elementor-section-height-default elementor-section-height-default\" data-id=\"26b3a519\" data-element_type=\"section\" data-e-type=\"section\" data-settings=\"{&quot;background_background&quot;:&quot;classic&quot;}\">\n\t\t\t\t\t\t<div class=\"elementor-container elementor-column-gap-default\">\n\t\t\t\t\t<div class=\"elementor-column elementor-col-100 elementor-top-column elementor-element elementor-element-54fcfe62\" data-id=\"54fcfe62\" data-element_type=\"column\" data-e-type=\"column\">\n\t\t\t<div class=\"elementor-widget-wrap elementor-element-populated\">\n\t\t\t\t\t\t<div class=\"elementor-element elementor-element-38b6aa4d elementor-widget elementor-widget-heading\" data-id=\"38b6aa4d\" data-element_type=\"widget\" data-e-type=\"widget\" data-widget_type=\"heading.default\">\n\t\t\t\t<div class=\"elementor-widget-container\">\n\t\t\t\t\t<h1 class=\"elementor-heading-title elementor-size-default\">Bookings<\/h1>\t\t\t\t<\/div>\n\t\t\t\t<\/div>\n\t\t\t\t\t<\/div>\n\t\t<\/div>\n\t\t\t\t\t<\/div>\n\t\t<\/section>\n\t\t\t\t<section class=\"elementor-section elementor-top-section elementor-element elementor-element-133cbeb elementor-section-boxed elementor-section-height-default elementor-section-height-default\" data-id=\"133cbeb\" data-element_type=\"section\" data-e-type=\"section\">\n\t\t\t\t\t\t<div class=\"elementor-container elementor-column-gap-default\">\n\t\t\t\t\t<div class=\"elementor-column elementor-col-100 elementor-top-column elementor-element elementor-element-1d19d7e\" data-id=\"1d19d7e\" data-element_type=\"column\" data-e-type=\"column\">\n\t\t\t<div class=\"elementor-widget-wrap elementor-element-populated\">\n\t\t\t\t\t\t<div class=\"elementor-element elementor-element-38719b8 elementor-widget elementor-widget-shortcode\" data-id=\"38719b8\" data-element_type=\"widget\" data-e-type=\"widget\" data-widget_type=\"shortcode.default\">\n\t\t\t\t<div class=\"elementor-widget-container\">\n\t\t\t\t\t\t\t<div class=\"elementor-shortcode\"><div id=\"widget-fiche-ingenie\"><\/div>\n\n<script src=https:\/\/static.ingenie.fr\/js\/ScriptsLoader.js type=\"text\/javascript\"><\/script>\n\n<script src=https:\/\/static.ingenie.fr\/widgets\/dispo_resa\/Client.js type=\"text\/javascript\"><\/script>\n\n<script>\n\n    \/\/ Cr\u00e9e un widget de dispo + resa\n\n    var widget_dispo_resa = new IngenieWidgetDispoResa.Client({\n\n        code: 'RANDO2JOURS', \/\/ Code de la prestation (dynamique)\n\n        url: 'https:\/\/www.destination-haut-doubs.com\/', \/\/(string) Url du site (dynamique)\n\n        elementHtml: 'widget-fiche-ingenie', \/\/(string) Identifiant destination HTML du widget\n\n        enable_dispo: true, \/\/ Active dispo (dynamique)\n\n        enable_resa: true, \/\/ Active r\u00e9sa (dynamique)\n\n        styles: {\n\n            direction: 'horizontal',\n\n            responsiveAt: '900',\n\n            inlineLabels: true,\n\n        },\n\n        dispo: {\n\n            options: {\n\n                templates: {\n\n                    Week: 'semaineLigne',\n\n                    Days: 'jourSemaineLigne'\n\n                }\n\n            }\n\n        },\n\n        resa: {\n\n            typeWidget: 'OBJET'\n\n        },\n\n    });\n\n    widget_dispo_resa.init();\n\n<\/script><\/div>\n\t\t\t\t\t\t<\/div>\n\t\t\t\t<\/div>\n\t\t\t\t<div class=\"elementor-element elementor-element-4e8e046 elementor-widget elementor-widget-spacer\" data-id=\"4e8e046\" data-element_type=\"widget\" data-e-type=\"widget\" data-widget_type=\"spacer.default\">\n\t\t\t\t<div class=\"elementor-widget-container\">\n\t\t\t\t\t\t\t<div class=\"elementor-spacer\">\n\t\t\t<div class=\"elementor-spacer-inner\"><\/div>\n\t\t<\/div>\n\t\t\t\t\t\t<\/div>\n\t\t\t\t<\/div>\n\t\t\t\t<div class=\"elementor-element elementor-element-2a0154b elementor-hidden-desktop elementor-hidden-tablet elementor-hidden-mobile elementor-widget elementor-widget-text-editor\" data-id=\"2a0154b\" data-element_type=\"widget\" data-e-type=\"widget\" data-widget_type=\"text-editor.default\">\n\t\t\t\t<div class=\"elementor-widget-container\">\n\t\t\t\t\t\t\t\t\t<p style=\"text-align: center;\"><strong>J\u00e9r\u00f4me<\/strong> 07.84.10.27.70<\/p>\t\t\t\t\t\t\t\t<\/div>\n\t\t\t\t<\/div>\n\t\t\t\t\t<\/div>\n\t\t<\/div>\n\t\t\t\t\t<\/div>\n\t\t<\/section>\n\t\t\t\t<section class=\"elementor-section elementor-top-section elementor-element elementor-element-87ea70f elementor-section-boxed elementor-section-height-default elementor-section-height-default\" data-id=\"87ea70f\" data-element_type=\"section\" data-e-type=\"section\">\n\t\t\t\t\t\t<div class=\"elementor-container elementor-column-gap-default\">\n\t\t\t\t\t<div class=\"elementor-column elementor-col-100 elementor-top-column elementor-element elementor-element-0be56a3\" data-id=\"0be56a3\" data-element_type=\"column\" data-e-type=\"column\">\n\t\t\t<div class=\"elementor-widget-wrap elementor-element-populated\">\n\t\t\t\t\t\t<div class=\"elementor-element elementor-element-a14b3e4 elementor-widget elementor-widget-spacer\" data-id=\"a14b3e4\" data-element_type=\"widget\" data-e-type=\"widget\" data-widget_type=\"spacer.default\">\n\t\t\t\t<div class=\"elementor-widget-container\">\n\t\t\t\t\t\t\t<div class=\"elementor-spacer\">\n\t\t\t<div class=\"elementor-spacer-inner\"><\/div>\n\t\t<\/div>\n\t\t\t\t\t\t<\/div>\n\t\t\t\t<\/div>\n\t\t\t\t\t<\/div>\n\t\t<\/div>\n\t\t\t\t\t<\/div>\n\t\t<\/section>\n\t\t\t\t<\/div>","protected":false},"excerpt":{"rendered":"<p>R\u00e9servations J\u00e9r\u00f4me 07.84.10.27.70<\/p>","protected":false},"author":1,"featured_media":0,"parent":0,"menu_order":0,"comment_status":"closed","ping_status":"closed","template":"","meta":{"footnotes":""},"class_list":["post-3074","page","type-page","status-publish","hentry"],"yoast_head":"<!-- This site is optimized with the Yoast SEO plugin v26.4 - https:\/\/yoast.com\/wordpress\/plugins\/seo\/ -->\n<title>r\u00e9servation VTT - JURA GRAVIT\u00c9<\/title>\n<meta name=\"description\" content=\"En tant que Moniteur d\u2019escalade professionnel, j&#039;ai la passion de vouloir transmettre mon savoir-faire. R\u00e9servez d\u00e8s maintenant !\" \/>\n<meta name=\"robots\" content=\"index, follow, max-snippet:-1, max-image-preview:large, max-video-preview:-1\" \/>\n<link rel=\"canonical\" href=\"https:\/\/www.jura-gravite.com\/en\/reservations-vtt\/\" \/>\n<meta property=\"og:locale\" content=\"en_GB\" \/>\n<meta property=\"og:type\" content=\"article\" \/>\n<meta property=\"og:title\" content=\"r\u00e9servation VTT - JURA GRAVIT\u00c9\" \/>\n<meta property=\"og:description\" content=\"En tant que Moniteur d\u2019escalade professionnel, j&#039;ai la passion de vouloir transmettre mon savoir-faire. R\u00e9servez d\u00e8s maintenant !\" \/>\n<meta property=\"og:url\" content=\"https:\/\/www.jura-gravite.com\/en\/reservations-vtt\/\" \/>\n<meta property=\"og:site_name\" content=\"JURA GRAVIT\u00c9\" \/>\n<meta property=\"article:publisher\" content=\"https:\/\/www.facebook.com\/profile.php?id=100037757172400\" \/>\n<meta property=\"article:modified_time\" content=\"2024-09-24T07:50:24+00:00\" \/>\n<meta property=\"og:image\" content=\"https:\/\/www.jura-gravite.com\/wp-content\/uploads\/2024\/06\/Neutral-Earthy-Clean-Grid-Photography-Photo-Collage-Facebook-Cover-3-1024x379.png\" \/>\n\t<meta property=\"og:image:width\" content=\"1024\" \/>\n\t<meta property=\"og:image:height\" content=\"379\" \/>\n\t<meta property=\"og:image:type\" content=\"image\/png\" \/>\n<meta name=\"twitter:label1\" content=\"Estimated reading time\" \/>\n\t<meta name=\"twitter:data1\" content=\"1 minute\" \/>\n<script type=\"application\/ld+json\" class=\"yoast-schema-graph\">{\"@context\":\"https:\/\/schema.org\",\"@graph\":[{\"@type\":\"WebPage\",\"@id\":\"https:\/\/www.jura-gravite.com\/reservations-vtt\/\",\"url\":\"https:\/\/www.jura-gravite.com\/reservations-vtt\/\",\"name\":\"r\u00e9servation VTT - JURA GRAVIT\u00c9\",\"isPartOf\":{\"@id\":\"https:\/\/www.jura-gravite.com\/#website\"},\"datePublished\":\"2024-06-13T14:05:14+00:00\",\"dateModified\":\"2024-09-24T07:50:24+00:00\",\"description\":\"En tant que Moniteur d\u2019escalade professionnel, j'ai la passion de vouloir transmettre mon savoir-faire. R\u00e9servez d\u00e8s maintenant !\",\"breadcrumb\":{\"@id\":\"https:\/\/www.jura-gravite.com\/reservations-vtt\/#breadcrumb\"},\"inLanguage\":\"en-GB\",\"potentialAction\":[{\"@type\":\"ReadAction\",\"target\":[\"https:\/\/www.jura-gravite.com\/reservations-vtt\/\"]}]},{\"@type\":\"BreadcrumbList\",\"@id\":\"https:\/\/www.jura-gravite.com\/reservations-vtt\/#breadcrumb\",\"itemListElement\":[{\"@type\":\"ListItem\",\"position\":1,\"name\":\"Accueil\",\"item\":\"https:\/\/www.jura-gravite.com\/\"},{\"@type\":\"ListItem\",\"position\":2,\"name\":\"r\u00e9servation VTT\"}]},{\"@type\":\"WebSite\",\"@id\":\"https:\/\/www.jura-gravite.com\/#website\",\"url\":\"https:\/\/www.jura-gravite.com\/\",\"name\":\"JURA GRAVIT\u00c9\",\"description\":\"Activit\u00e9e Outdoor : Escalade, VTT, Randonn\u00e9e\",\"publisher\":{\"@id\":\"https:\/\/www.jura-gravite.com\/#organization\"},\"potentialAction\":[{\"@type\":\"SearchAction\",\"target\":{\"@type\":\"EntryPoint\",\"urlTemplate\":\"https:\/\/www.jura-gravite.com\/?s={search_term_string}\"},\"query-input\":{\"@type\":\"PropertyValueSpecification\",\"valueRequired\":true,\"valueName\":\"search_term_string\"}}],\"inLanguage\":\"en-GB\"},{\"@type\":\"Organization\",\"@id\":\"https:\/\/www.jura-gravite.com\/#organization\",\"name\":\"JURA GRAVIT\u00c9\",\"url\":\"https:\/\/www.jura-gravite.com\/\",\"logo\":{\"@type\":\"ImageObject\",\"inLanguage\":\"en-GB\",\"@id\":\"https:\/\/www.jura-gravite.com\/#\/schema\/logo\/image\/\",\"url\":\"https:\/\/www.jura-gravite.com\/wp-content\/uploads\/2022\/06\/cropped-JuraGravite3.png\",\"contentUrl\":\"https:\/\/www.jura-gravite.com\/wp-content\/uploads\/2022\/06\/cropped-JuraGravite3.png\",\"width\":1920,\"height\":1080,\"caption\":\"JURA GRAVIT\u00c9\"},\"image\":{\"@id\":\"https:\/\/www.jura-gravite.com\/#\/schema\/logo\/image\/\"},\"sameAs\":[\"https:\/\/www.facebook.com\/profile.php?id=100037757172400\",\"https:\/\/www.instagram.com\/jeromelhostis\/?hl=fr\"]}]}<\/script>\n<!-- \/ Yoast SEO plugin. -->","yoast_head_json":{"title":"r\u00e9servation VTT - JURA GRAVIT\u00c9","description":"En tant que Moniteur d\u2019escalade professionnel, j'ai la passion de vouloir transmettre mon savoir-faire. R\u00e9servez d\u00e8s maintenant !","robots":{"index":"index","follow":"follow","max-snippet":"max-snippet:-1","max-image-preview":"max-image-preview:large","max-video-preview":"max-video-preview:-1"},"canonical":"https:\/\/www.jura-gravite.com\/en\/reservations-vtt\/","og_locale":"en_GB","og_type":"article","og_title":"r\u00e9servation VTT - JURA GRAVIT\u00c9","og_description":"En tant que Moniteur d\u2019escalade professionnel, j'ai la passion de vouloir transmettre mon savoir-faire. R\u00e9servez d\u00e8s maintenant !","og_url":"https:\/\/www.jura-gravite.com\/en\/reservations-vtt\/","og_site_name":"JURA GRAVIT\u00c9","article_publisher":"https:\/\/www.facebook.com\/profile.php?id=100037757172400","article_modified_time":"2024-09-24T07:50:24+00:00","og_image":[{"width":1024,"height":379,"url":"https:\/\/www.jura-gravite.com\/wp-content\/uploads\/2024\/06\/Neutral-Earthy-Clean-Grid-Photography-Photo-Collage-Facebook-Cover-3-1024x379.png","type":"image\/png"}],"twitter_misc":{"Estimated reading time":"1 minute"},"schema":{"@context":"https:\/\/schema.org","@graph":[{"@type":"WebPage","@id":"https:\/\/www.jura-gravite.com\/reservations-vtt\/","url":"https:\/\/www.jura-gravite.com\/reservations-vtt\/","name":"r\u00e9servation VTT - JURA GRAVIT\u00c9","isPartOf":{"@id":"https:\/\/www.jura-gravite.com\/#website"},"datePublished":"2024-06-13T14:05:14+00:00","dateModified":"2024-09-24T07:50:24+00:00","description":"En tant que Moniteur d\u2019escalade professionnel, j'ai la passion de vouloir transmettre mon savoir-faire. R\u00e9servez d\u00e8s maintenant !","breadcrumb":{"@id":"https:\/\/www.jura-gravite.com\/reservations-vtt\/#breadcrumb"},"inLanguage":"en-GB","potentialAction":[{"@type":"ReadAction","target":["https:\/\/www.jura-gravite.com\/reservations-vtt\/"]}]},{"@type":"BreadcrumbList","@id":"https:\/\/www.jura-gravite.com\/reservations-vtt\/#breadcrumb","itemListElement":[{"@type":"ListItem","position":1,"name":"Accueil","item":"https:\/\/www.jura-gravite.com\/"},{"@type":"ListItem","position":2,"name":"r\u00e9servation VTT"}]},{"@type":"WebSite","@id":"https:\/\/www.jura-gravite.com\/#website","url":"https:\/\/www.jura-gravite.com\/","name":"JURA GRAVIT\u00c9","description":"Activit\u00e9e Outdoor : Escalade, VTT, Randonn\u00e9e","publisher":{"@id":"https:\/\/www.jura-gravite.com\/#organization"},"potentialAction":[{"@type":"SearchAction","target":{"@type":"EntryPoint","urlTemplate":"https:\/\/www.jura-gravite.com\/?s={search_term_string}"},"query-input":{"@type":"PropertyValueSpecification","valueRequired":true,"valueName":"search_term_string"}}],"inLanguage":"en-GB"},{"@type":"Organization","@id":"https:\/\/www.jura-gravite.com\/#organization","name":"JURA GRAVIT\u00c9","url":"https:\/\/www.jura-gravite.com\/","logo":{"@type":"ImageObject","inLanguage":"en-GB","@id":"https:\/\/www.jura-gravite.com\/#\/schema\/logo\/image\/","url":"https:\/\/www.jura-gravite.com\/wp-content\/uploads\/2022\/06\/cropped-JuraGravite3.png","contentUrl":"https:\/\/www.jura-gravite.com\/wp-content\/uploads\/2022\/06\/cropped-JuraGravite3.png","width":1920,"height":1080,"caption":"JURA GRAVIT\u00c9"},"image":{"@id":"https:\/\/www.jura-gravite.com\/#\/schema\/logo\/image\/"},"sameAs":["https:\/\/www.facebook.com\/profile.php?id=100037757172400","https:\/\/www.instagram.com\/jeromelhostis\/?hl=fr"]}]}},"_links":{"self":[{"href":"https:\/\/www.jura-gravite.com\/en\/wp-json\/wp\/v2\/pages\/3074","targetHints":{"allow":["GET"]}}],"collection":[{"href":"https:\/\/www.jura-gravite.com\/en\/wp-json\/wp\/v2\/pages"}],"about":[{"href":"https:\/\/www.jura-gravite.com\/en\/wp-json\/wp\/v2\/types\/page"}],"author":[{"embeddable":true,"href":"https:\/\/www.jura-gravite.com\/en\/wp-json\/wp\/v2\/users\/1"}],"replies":[{"embeddable":true,"href":"https:\/\/www.jura-gravite.com\/en\/wp-json\/wp\/v2\/comments?post=3074"}],"version-history":[{"count":17,"href":"https:\/\/www.jura-gravite.com\/en\/wp-json\/wp\/v2\/pages\/3074\/revisions"}],"predecessor-version":[{"id":3350,"href":"https:\/\/www.jura-gravite.com\/en\/wp-json\/wp\/v2\/pages\/3074\/revisions\/3350"}],"wp:attachment":[{"href":"https:\/\/www.jura-gravite.com\/en\/wp-json\/wp\/v2\/media?parent=3074"}],"curies":[{"name":"wp","href":"https:\/\/api.w.org\/{rel}","templated":true}]}}