{"id":3175,"date":"2024-08-12T14:22:18","date_gmt":"2024-08-12T13:22:18","guid":{"rendered":"https:\/\/www.jura-gravite.com\/?page_id=3175"},"modified":"2026-02-21T17:32:49","modified_gmt":"2026-02-21T16:32:49","slug":"courses-dorientation","status":"publish","type":"page","link":"https:\/\/www.jura-gravite.com\/en\/courses-dorientation\/","title":{"rendered":"Courses d&rsquo;orientation"},"content":{"rendered":"<div data-elementor-type=\"wp-page\" data-elementor-id=\"3175\" class=\"elementor elementor-3175\">\n\t\t\t\t\t\t<section class=\"elementor-section elementor-top-section elementor-element elementor-element-179f0582 elementor-section-boxed elementor-section-height-default elementor-section-height-default\" data-id=\"179f0582\" data-element_type=\"section\" data-e-type=\"section\" data-settings=\"{&quot;background_background&quot;:&quot;classic&quot;}\">\n\t\t\t\t\t\t<div class=\"elementor-container elementor-column-gap-default\">\n\t\t\t\t\t<div class=\"elementor-column elementor-col-100 elementor-top-column elementor-element elementor-element-7060db45\" data-id=\"7060db45\" data-element_type=\"column\" data-e-type=\"column\">\n\t\t\t<div class=\"elementor-widget-wrap elementor-element-populated\">\n\t\t\t\t\t\t<div class=\"elementor-element elementor-element-9dff865 elementor-widget elementor-widget-spacer\" data-id=\"9dff865\" data-element_type=\"widget\" data-e-type=\"widget\" data-widget_type=\"spacer.default\">\n\t\t\t\t<div class=\"elementor-widget-container\">\n\t\t\t\t\t\t\t<div class=\"elementor-spacer\">\n\t\t\t<div class=\"elementor-spacer-inner\"><\/div>\n\t\t<\/div>\n\t\t\t\t\t\t<\/div>\n\t\t\t\t<\/div>\n\t\t\t\t\t<\/div>\n\t\t<\/div>\n\t\t\t\t\t<\/div>\n\t\t<\/section>\n\t\t\t\t<section class=\"elementor-section elementor-top-section elementor-element elementor-element-5465be1f elementor-section-boxed elementor-section-height-default elementor-section-height-default\" data-id=\"5465be1f\" data-element_type=\"section\" data-e-type=\"section\">\n\t\t\t\t\t\t<div class=\"elementor-container elementor-column-gap-default\">\n\t\t\t\t\t<div class=\"elementor-column elementor-col-100 elementor-top-column elementor-element elementor-element-5a6d6feb\" data-id=\"5a6d6feb\" data-element_type=\"column\" data-e-type=\"column\">\n\t\t\t<div class=\"elementor-widget-wrap elementor-element-populated\">\n\t\t\t\t\t\t<div class=\"elementor-element elementor-element-746964b5 elementor-widget elementor-widget-text-editor\" data-id=\"746964b5\" data-element_type=\"widget\" data-e-type=\"widget\" data-widget_type=\"text-editor.default\">\n\t\t\t\t<div class=\"elementor-widget-container\">\n\t\t\t\t\t\t\t\t\t<p>La course d&rsquo;orientation est bien plus qu&rsquo;un simple sport; c&rsquo;est une aventure qui combine activit\u00e9 physique, r\u00e9flexion strat\u00e9gique et immersion en pleine nature.<\/p>\t\t\t\t\t\t\t\t<\/div>\n\t\t\t\t<\/div>\n\t\t\t\t\t<\/div>\n\t\t<\/div>\n\t\t\t\t\t<\/div>\n\t\t<\/section>\n\t\t\t\t<section class=\"elementor-section elementor-top-section elementor-element elementor-element-51079f03 elementor-section-boxed elementor-section-height-default elementor-section-height-default\" data-id=\"51079f03\" data-element_type=\"section\" data-e-type=\"section\">\n\t\t\t\t\t\t<div class=\"elementor-container elementor-column-gap-no\">\n\t\t\t\t\t<div class=\"elementor-column elementor-col-33 elementor-top-column elementor-element elementor-element-731a954\" data-id=\"731a954\" data-element_type=\"column\" data-e-type=\"column\">\n\t\t\t<div class=\"elementor-widget-wrap elementor-element-populated\">\n\t\t\t\t\t\t<div class=\"elementor-element elementor-element-f5f69d elementor-widget elementor-widget-image\" data-id=\"f5f69d\" data-element_type=\"widget\" data-e-type=\"widget\" data-widget_type=\"image.default\">\n\t\t\t\t<div class=\"elementor-widget-container\">\n\t\t\t\t\t\t\t\t\t\t\t\t\t\t\t<img fetchpriority=\"high\" decoding=\"async\" width=\"1600\" height=\"1615\" src=\"https:\/\/www.jura-gravite.com\/wp-content\/uploads\/2024\/08\/Carte-depart-CO-BNR-2020-v2.png\" class=\"attachment-full size-full wp-image-3183\" alt=\"\" srcset=\"https:\/\/www.jura-gravite.com\/wp-content\/uploads\/2024\/08\/Carte-depart-CO-BNR-2020-v2.png 1600w, https:\/\/www.jura-gravite.com\/wp-content\/uploads\/2024\/08\/Carte-depart-CO-BNR-2020-v2-297x300.png 297w, https:\/\/www.jura-gravite.com\/wp-content\/uploads\/2024\/08\/Carte-depart-CO-BNR-2020-v2-1014x1024.png 1014w, https:\/\/www.jura-gravite.com\/wp-content\/uploads\/2024\/08\/Carte-depart-CO-BNR-2020-v2-150x150.png 150w, https:\/\/www.jura-gravite.com\/wp-content\/uploads\/2024\/08\/Carte-depart-CO-BNR-2020-v2-768x775.png 768w, https:\/\/www.jura-gravite.com\/wp-content\/uploads\/2024\/08\/Carte-depart-CO-BNR-2020-v2-1522x1536.png 1522w, https:\/\/www.jura-gravite.com\/wp-content\/uploads\/2024\/08\/Carte-depart-CO-BNR-2020-v2-12x12.png 12w\" sizes=\"(max-width: 1600px) 100vw, 1600px\" \/>\t\t\t\t\t\t\t\t\t\t\t\t\t\t\t<\/div>\n\t\t\t\t<\/div>\n\t\t\t\t\t<\/div>\n\t\t<\/div>\n\t\t\t\t<div class=\"elementor-column elementor-col-33 elementor-top-column elementor-element elementor-element-5c4b384b\" data-id=\"5c4b384b\" data-element_type=\"column\" data-e-type=\"column\">\n\t\t\t<div class=\"elementor-widget-wrap elementor-element-populated\">\n\t\t\t\t\t\t<div class=\"elementor-element elementor-element-478380be elementor-widget elementor-widget-heading\" data-id=\"478380be\" data-element_type=\"widget\" data-e-type=\"widget\" data-widget_type=\"heading.default\">\n\t\t\t\t<div class=\"elementor-widget-container\">\n\t\t\t\t\t<h2 class=\"elementor-heading-title elementor-size-default\">Courses d'orientation <\/h2>\t\t\t\t<\/div>\n\t\t\t\t<\/div>\n\t\t\t\t<div class=\"elementor-element elementor-element-690f90d2 elementor-widget-divider--view-line elementor-widget elementor-widget-divider\" data-id=\"690f90d2\" data-element_type=\"widget\" data-e-type=\"widget\" data-widget_type=\"divider.default\">\n\t\t\t\t<div class=\"elementor-widget-container\">\n\t\t\t\t\t\t\t<div class=\"elementor-divider\">\n\t\t\t<span class=\"elementor-divider-separator\">\n\t\t\t\t\t\t<\/span>\n\t\t<\/div>\n\t\t\t\t\t\t<\/div>\n\t\t\t\t<\/div>\n\t\t\t\t<div class=\"elementor-element elementor-element-7e47bd77 elementor-widget elementor-widget-text-editor\" data-id=\"7e47bd77\" data-element_type=\"widget\" data-e-type=\"widget\" data-widget_type=\"text-editor.default\">\n\t\t\t\t<div class=\"elementor-widget-container\">\n\t\t\t\t\t\t\t\t\t<p>Imaginez-vous au c\u0153ur d&rsquo;une for\u00eat dense, une carte en main et une boussole pour guide<\/p><div dir=\"auto\">Vous \u00eates pr\u00eat \u00e0 partir \u00e0 la recherche des balises diss\u00e9min\u00e9es dans ce vaste terrain de jeu naturel.<\/div><div dir=\"auto\">\u00a0<\/div><p>Mais la course d&rsquo;orientation ne se limite pas \u00e0 l&rsquo;effort physique. Elle est aussi un exercice mental intense. Lire une carte, interpr\u00e9ter les symboles, choisir le meilleur itin\u00e9raire, tout cela demande une concentration et une r\u00e9flexion rapide. Votre esprit est constamment en \u00e9veil, analysant le terrain, anticipant les obstacles et prenant des d\u00e9cisions strat\u00e9giques. C&rsquo;est un v\u00e9ritable entra\u00eenement pour le cerveau, am\u00e9liorant vos capacit\u00e9s de r\u00e9solution de probl\u00e8mes et votre sens de l&rsquo;orientation.<\/p><p>\u00a0<\/p>\t\t\t\t\t\t\t\t<\/div>\n\t\t\t\t<\/div>\n\t\t\t\t\t<\/div>\n\t\t<\/div>\n\t\t\t\t<div class=\"elementor-column elementor-col-33 elementor-top-column elementor-element elementor-element-2efc89aa\" data-id=\"2efc89aa\" data-element_type=\"column\" data-e-type=\"column\" data-settings=\"{&quot;background_background&quot;:&quot;classic&quot;}\">\n\t\t\t<div class=\"elementor-widget-wrap elementor-element-populated\">\n\t\t\t\t\t\t<div class=\"elementor-element elementor-element-260ac00c elementor-widget-divider--view-line elementor-widget elementor-widget-divider\" data-id=\"260ac00c\" data-element_type=\"widget\" data-e-type=\"widget\" data-widget_type=\"divider.default\">\n\t\t\t\t<div class=\"elementor-widget-container\">\n\t\t\t\t\t\t\t<div class=\"elementor-divider\">\n\t\t\t<span class=\"elementor-divider-separator\">\n\t\t\t\t\t\t<\/span>\n\t\t<\/div>\n\t\t\t\t\t\t<\/div>\n\t\t\t\t<\/div>\n\t\t\t\t<div class=\"elementor-element elementor-element-1d5ec6bb elementor-icon-list--layout-traditional elementor-list-item-link-full_width elementor-widget elementor-widget-icon-list\" data-id=\"1d5ec6bb\" data-element_type=\"widget\" data-e-type=\"widget\" data-widget_type=\"icon-list.default\">\n\t\t\t\t<div class=\"elementor-widget-container\">\n\t\t\t\t\t\t\t<ul class=\"elementor-icon-list-items\">\n\t\t\t\t\t\t\t<li class=\"elementor-icon-list-item\">\n\t\t\t\t\t\t\t\t\t\t\t<span class=\"elementor-icon-list-icon\">\n\t\t\t\t\t\t\t<i aria-hidden=\"true\" class=\"far fa-grin\"><\/i>\t\t\t\t\t\t<\/span>\n\t\t\t\t\t\t\t\t\t\t<span class=\"elementor-icon-list-text\"><b>Level :<\/b> <br>Beginner \/ intermediate<\/span>\n\t\t\t\t\t\t\t\t\t<\/li>\n\t\t\t\t\t\t\t\t<li class=\"elementor-icon-list-item\">\n\t\t\t\t\t\t\t\t\t\t\t<span class=\"elementor-icon-list-icon\">\n\t\t\t\t\t\t\t<i aria-hidden=\"true\" class=\"fas fa-euro-sign\"><\/i>\t\t\t\t\t\t<\/span>\n\t\t\t\t\t\t\t\t\t\t<span class=\"elementor-icon-list-text\"><b>Rate :<\/b><br> Sur devis <\/span>\n\t\t\t\t\t\t\t\t\t<\/li>\n\t\t\t\t\t\t<\/ul>\n\t\t\t\t\t\t<\/div>\n\t\t\t\t<\/div>\n\t\t\t\t<div class=\"elementor-element elementor-element-1203902a elementor-widget-divider--view-line elementor-widget elementor-widget-divider\" data-id=\"1203902a\" data-element_type=\"widget\" data-e-type=\"widget\" data-widget_type=\"divider.default\">\n\t\t\t\t<div class=\"elementor-widget-container\">\n\t\t\t\t\t\t\t<div class=\"elementor-divider\">\n\t\t\t<span class=\"elementor-divider-separator\">\n\t\t\t\t\t\t<\/span>\n\t\t<\/div>\n\t\t\t\t\t\t<\/div>\n\t\t\t\t<\/div>\n\t\t\t\t<div class=\"elementor-element elementor-element-4bdf8cda elementor-align-center elementor-widget elementor-widget-button\" data-id=\"4bdf8cda\" data-element_type=\"widget\" data-e-type=\"widget\" data-widget_type=\"button.default\">\n\t\t\t\t<div class=\"elementor-widget-container\">\n\t\t\t\t\t\t\t\t\t<div class=\"elementor-button-wrapper\">\n\t\t\t\t\t<a class=\"elementor-button elementor-button-link elementor-size-lg\" href=\"https:\/\/www.jura-gravite.com\/en\/reservations\/\">\n\t\t\t\t\t\t<span class=\"elementor-button-content-wrapper\">\n\t\t\t\t\t\t\t\t\t<span class=\"elementor-button-text\">Booking <\/span>\n\t\t\t\t\t<\/span>\n\t\t\t\t\t<\/a>\n\t\t\t\t<\/div>\n\t\t\t\t\t\t\t\t<\/div>\n\t\t\t\t<\/div>\n\t\t\t\t\t<\/div>\n\t\t<\/div>\n\t\t\t\t\t<\/div>\n\t\t<\/section>\n\t\t\t\t<section class=\"elementor-section elementor-top-section elementor-element elementor-element-29d93994 elementor-section-boxed elementor-section-height-default elementor-section-height-default\" data-id=\"29d93994\" data-element_type=\"section\" data-e-type=\"section\">\n\t\t\t\t\t\t<div class=\"elementor-container elementor-column-gap-default\">\n\t\t\t\t\t<div class=\"elementor-column elementor-col-100 elementor-top-column elementor-element elementor-element-27686906\" data-id=\"27686906\" data-element_type=\"column\" data-e-type=\"column\">\n\t\t\t<div class=\"elementor-widget-wrap elementor-element-populated\">\n\t\t\t\t\t\t<div class=\"elementor-element elementor-element-33a2e118 elementor-widget elementor-widget-text-editor\" data-id=\"33a2e118\" data-element_type=\"widget\" data-e-type=\"widget\" data-widget_type=\"text-editor.default\">\n\t\t\t\t<div class=\"elementor-widget-container\">\n\t\t\t\t\t\t\t\t\t<h4>EQUIPMENT PROVIDED<\/h4><p>Cartes, Balises<\/p><h4>INDIVIDUAL EQUIPMENT REQUIRED<\/h4><p>Backpack, water and sunglasses<\/p><p>For more information or special requests, please do not hesitate to contact me<\/p>\t\t\t\t\t\t\t\t<\/div>\n\t\t\t\t<\/div>\n\t\t\t\t<div class=\"elementor-element elementor-element-7ad9138f elementor-align-center elementor-widget elementor-widget-button\" data-id=\"7ad9138f\" data-element_type=\"widget\" data-e-type=\"widget\" data-widget_type=\"button.default\">\n\t\t\t\t<div class=\"elementor-widget-container\">\n\t\t\t\t\t\t\t\t\t<div class=\"elementor-button-wrapper\">\n\t\t\t\t\t<a class=\"elementor-button elementor-button-link elementor-size-lg\" href=\"https:\/\/www.jura-gravite.com\/en\/contact\/\">\n\t\t\t\t\t\t<span class=\"elementor-button-content-wrapper\">\n\t\t\t\t\t\t\t\t\t<span class=\"elementor-button-text\">Contact me<\/span>\n\t\t\t\t\t<\/span>\n\t\t\t\t\t<\/a>\n\t\t\t\t<\/div>\n\t\t\t\t\t\t\t\t<\/div>\n\t\t\t\t<\/div>\n\t\t\t\t\t<\/div>\n\t\t<\/div>\n\t\t\t\t\t<\/div>\n\t\t<\/section>\n\t\t\t\t<section class=\"elementor-section elementor-top-section elementor-element elementor-element-aa70e39 elementor-section-boxed elementor-section-height-default elementor-section-height-default\" data-id=\"aa70e39\" data-element_type=\"section\" data-e-type=\"section\">\n\t\t\t\t\t\t<div class=\"elementor-container elementor-column-gap-default\">\n\t\t\t\t\t<div class=\"elementor-column elementor-col-100 elementor-top-column elementor-element elementor-element-defeacb\" data-id=\"defeacb\" data-element_type=\"column\" data-e-type=\"column\">\n\t\t\t<div class=\"elementor-widget-wrap\">\n\t\t\t\t\t\t\t<\/div>\n\t\t<\/div>\n\t\t\t\t\t<\/div>\n\t\t<\/section>\n\t\t\t\t<\/div>","protected":false},"excerpt":{"rendered":"<p>La course d&rsquo;orientation est bien plus qu&rsquo;un simple sport; c&rsquo;est une aventure qui combine activit\u00e9 physique, r\u00e9flexion strat\u00e9gique et immersion en pleine nature. Courses d&rsquo;orientation Imaginez-vous au c\u0153ur d&rsquo;une for\u00eat dense, une carte en main et une boussole pour guide Vous \u00eates pr\u00eat \u00e0 partir \u00e0 la recherche des balises diss\u00e9min\u00e9es dans ce vaste terrain [&hellip;]<\/p>\n","protected":false},"author":1,"featured_media":0,"parent":0,"menu_order":0,"comment_status":"closed","ping_status":"closed","template":"elementor_header_footer","meta":{"footnotes":""},"class_list":["post-3175","page","type-page","status-publish","hentry"],"yoast_head":"<!-- This site is optimized with the Yoast SEO plugin v26.4 - https:\/\/yoast.com\/wordpress\/plugins\/seo\/ -->\n<title>Courses d&#039;orientation - JURA GRAVIT\u00c9<\/title>\n<meta name=\"description\" content=\"Imaginez-vous au c\u0153ur d&#039;une for\u00eat dense, une carte en main et une boussole pour guideVous \u00eates pr\u00eat \u00e0 partir \u00e0 la recherche de balises\" \/>\n<meta name=\"robots\" content=\"index, follow, max-snippet:-1, max-image-preview:large, max-video-preview:-1\" \/>\n<link rel=\"canonical\" href=\"https:\/\/www.jura-gravite.com\/en\/courses-dorientation\/\" \/>\n<meta property=\"og:locale\" content=\"en_GB\" \/>\n<meta property=\"og:type\" content=\"article\" \/>\n<meta property=\"og:title\" content=\"Courses d&#039;orientation - JURA GRAVIT\u00c9\" \/>\n<meta property=\"og:description\" content=\"Imaginez-vous au c\u0153ur d&#039;une for\u00eat dense, une carte en main et une boussole pour guideVous \u00eates pr\u00eat \u00e0 partir \u00e0 la recherche de balises\" \/>\n<meta property=\"og:url\" content=\"https:\/\/www.jura-gravite.com\/en\/courses-dorientation\/\" \/>\n<meta property=\"og:site_name\" content=\"JURA GRAVIT\u00c9\" \/>\n<meta property=\"article:publisher\" content=\"https:\/\/www.facebook.com\/profile.php?id=100037757172400\" \/>\n<meta property=\"article:modified_time\" content=\"2026-02-21T16:32:49+00:00\" \/>\n<meta property=\"og:image\" content=\"https:\/\/www.jura-gravite.com\/wp-content\/uploads\/2024\/08\/Carte-depart-CO-BNR-2020-v2.png\" \/>\n\t<meta property=\"og:image:width\" content=\"1600\" \/>\n\t<meta property=\"og:image:height\" content=\"1615\" \/>\n\t<meta property=\"og:image:type\" content=\"image\/png\" \/>\n<meta name=\"twitter:label1\" content=\"Estimated reading time\" \/>\n\t<meta name=\"twitter:data1\" content=\"2 minutes\" \/>\n<script type=\"application\/ld+json\" class=\"yoast-schema-graph\">{\"@context\":\"https:\/\/schema.org\",\"@graph\":[{\"@type\":\"WebPage\",\"@id\":\"https:\/\/www.jura-gravite.com\/courses-dorientation\/\",\"url\":\"https:\/\/www.jura-gravite.com\/courses-dorientation\/\",\"name\":\"Courses d'orientation - JURA GRAVIT\u00c9\",\"isPartOf\":{\"@id\":\"https:\/\/www.jura-gravite.com\/#website\"},\"primaryImageOfPage\":{\"@id\":\"https:\/\/www.jura-gravite.com\/courses-dorientation\/#primaryimage\"},\"image\":{\"@id\":\"https:\/\/www.jura-gravite.com\/courses-dorientation\/#primaryimage\"},\"thumbnailUrl\":\"https:\/\/www.jura-gravite.com\/wp-content\/uploads\/2024\/08\/Carte-depart-CO-BNR-2020-v2.png\",\"datePublished\":\"2024-08-12T13:22:18+00:00\",\"dateModified\":\"2026-02-21T16:32:49+00:00\",\"description\":\"Imaginez-vous au c\u0153ur d'une for\u00eat dense, une carte en main et une boussole pour guideVous \u00eates pr\u00eat \u00e0 partir \u00e0 la recherche de balises\",\"breadcrumb\":{\"@id\":\"https:\/\/www.jura-gravite.com\/courses-dorientation\/#breadcrumb\"},\"inLanguage\":\"en-GB\",\"potentialAction\":[{\"@type\":\"ReadAction\",\"target\":[\"https:\/\/www.jura-gravite.com\/courses-dorientation\/\"]}]},{\"@type\":\"ImageObject\",\"inLanguage\":\"en-GB\",\"@id\":\"https:\/\/www.jura-gravite.com\/courses-dorientation\/#primaryimage\",\"url\":\"https:\/\/www.jura-gravite.com\/wp-content\/uploads\/2024\/08\/Carte-depart-CO-BNR-2020-v2.png\",\"contentUrl\":\"https:\/\/www.jura-gravite.com\/wp-content\/uploads\/2024\/08\/Carte-depart-CO-BNR-2020-v2.png\"},{\"@type\":\"BreadcrumbList\",\"@id\":\"https:\/\/www.jura-gravite.com\/courses-dorientation\/#breadcrumb\",\"itemListElement\":[{\"@type\":\"ListItem\",\"position\":1,\"name\":\"Accueil\",\"item\":\"https:\/\/www.jura-gravite.com\/\"},{\"@type\":\"ListItem\",\"position\":2,\"name\":\"Courses d&rsquo;orientation\"}]},{\"@type\":\"WebSite\",\"@id\":\"https:\/\/www.jura-gravite.com\/#website\",\"url\":\"https:\/\/www.jura-gravite.com\/\",\"name\":\"JURA GRAVIT\u00c9\",\"description\":\"Activit\u00e9e Outdoor : Escalade, VTT, Randonn\u00e9e\",\"publisher\":{\"@id\":\"https:\/\/www.jura-gravite.com\/#organization\"},\"potentialAction\":[{\"@type\":\"SearchAction\",\"target\":{\"@type\":\"EntryPoint\",\"urlTemplate\":\"https:\/\/www.jura-gravite.com\/?s={search_term_string}\"},\"query-input\":{\"@type\":\"PropertyValueSpecification\",\"valueRequired\":true,\"valueName\":\"search_term_string\"}}],\"inLanguage\":\"en-GB\"},{\"@type\":\"Organization\",\"@id\":\"https:\/\/www.jura-gravite.com\/#organization\",\"name\":\"JURA GRAVIT\u00c9\",\"url\":\"https:\/\/www.jura-gravite.com\/\",\"logo\":{\"@type\":\"ImageObject\",\"inLanguage\":\"en-GB\",\"@id\":\"https:\/\/www.jura-gravite.com\/#\/schema\/logo\/image\/\",\"url\":\"https:\/\/www.jura-gravite.com\/wp-content\/uploads\/2022\/06\/cropped-JuraGravite3.png\",\"contentUrl\":\"https:\/\/www.jura-gravite.com\/wp-content\/uploads\/2022\/06\/cropped-JuraGravite3.png\",\"width\":1920,\"height\":1080,\"caption\":\"JURA GRAVIT\u00c9\"},\"image\":{\"@id\":\"https:\/\/www.jura-gravite.com\/#\/schema\/logo\/image\/\"},\"sameAs\":[\"https:\/\/www.facebook.com\/profile.php?id=100037757172400\",\"https:\/\/www.instagram.com\/jeromelhostis\/?hl=fr\"]}]}<\/script>\n<!-- \/ Yoast SEO plugin. -->","yoast_head_json":{"title":"Courses d'orientation - JURA GRAVIT\u00c9","description":"Imaginez-vous au c\u0153ur d'une for\u00eat dense, une carte en main et une boussole pour guideVous \u00eates pr\u00eat \u00e0 partir \u00e0 la recherche de balises","robots":{"index":"index","follow":"follow","max-snippet":"max-snippet:-1","max-image-preview":"max-image-preview:large","max-video-preview":"max-video-preview:-1"},"canonical":"https:\/\/www.jura-gravite.com\/en\/courses-dorientation\/","og_locale":"en_GB","og_type":"article","og_title":"Courses d'orientation - JURA GRAVIT\u00c9","og_description":"Imaginez-vous au c\u0153ur d'une for\u00eat dense, une carte en main et une boussole pour guideVous \u00eates pr\u00eat \u00e0 partir \u00e0 la recherche de balises","og_url":"https:\/\/www.jura-gravite.com\/en\/courses-dorientation\/","og_site_name":"JURA GRAVIT\u00c9","article_publisher":"https:\/\/www.facebook.com\/profile.php?id=100037757172400","article_modified_time":"2026-02-21T16:32:49+00:00","og_image":[{"width":1600,"height":1615,"url":"https:\/\/www.jura-gravite.com\/wp-content\/uploads\/2024\/08\/Carte-depart-CO-BNR-2020-v2.png","type":"image\/png"}],"twitter_misc":{"Estimated reading time":"2 minutes"},"schema":{"@context":"https:\/\/schema.org","@graph":[{"@type":"WebPage","@id":"https:\/\/www.jura-gravite.com\/courses-dorientation\/","url":"https:\/\/www.jura-gravite.com\/courses-dorientation\/","name":"Courses d'orientation - JURA GRAVIT\u00c9","isPartOf":{"@id":"https:\/\/www.jura-gravite.com\/#website"},"primaryImageOfPage":{"@id":"https:\/\/www.jura-gravite.com\/courses-dorientation\/#primaryimage"},"image":{"@id":"https:\/\/www.jura-gravite.com\/courses-dorientation\/#primaryimage"},"thumbnailUrl":"https:\/\/www.jura-gravite.com\/wp-content\/uploads\/2024\/08\/Carte-depart-CO-BNR-2020-v2.png","datePublished":"2024-08-12T13:22:18+00:00","dateModified":"2026-02-21T16:32:49+00:00","description":"Imaginez-vous au c\u0153ur d'une for\u00eat dense, une carte en main et une boussole pour guideVous \u00eates pr\u00eat \u00e0 partir \u00e0 la recherche de balises","breadcrumb":{"@id":"https:\/\/www.jura-gravite.com\/courses-dorientation\/#breadcrumb"},"inLanguage":"en-GB","potentialAction":[{"@type":"ReadAction","target":["https:\/\/www.jura-gravite.com\/courses-dorientation\/"]}]},{"@type":"ImageObject","inLanguage":"en-GB","@id":"https:\/\/www.jura-gravite.com\/courses-dorientation\/#primaryimage","url":"https:\/\/www.jura-gravite.com\/wp-content\/uploads\/2024\/08\/Carte-depart-CO-BNR-2020-v2.png","contentUrl":"https:\/\/www.jura-gravite.com\/wp-content\/uploads\/2024\/08\/Carte-depart-CO-BNR-2020-v2.png"},{"@type":"BreadcrumbList","@id":"https:\/\/www.jura-gravite.com\/courses-dorientation\/#breadcrumb","itemListElement":[{"@type":"ListItem","position":1,"name":"Accueil","item":"https:\/\/www.jura-gravite.com\/"},{"@type":"ListItem","position":2,"name":"Courses d&rsquo;orientation"}]},{"@type":"WebSite","@id":"https:\/\/www.jura-gravite.com\/#website","url":"https:\/\/www.jura-gravite.com\/","name":"JURA GRAVIT\u00c9","description":"Activit\u00e9e Outdoor : Escalade, VTT, Randonn\u00e9e","publisher":{"@id":"https:\/\/www.jura-gravite.com\/#organization"},"potentialAction":[{"@type":"SearchAction","target":{"@type":"EntryPoint","urlTemplate":"https:\/\/www.jura-gravite.com\/?s={search_term_string}"},"query-input":{"@type":"PropertyValueSpecification","valueRequired":true,"valueName":"search_term_string"}}],"inLanguage":"en-GB"},{"@type":"Organization","@id":"https:\/\/www.jura-gravite.com\/#organization","name":"JURA GRAVIT\u00c9","url":"https:\/\/www.jura-gravite.com\/","logo":{"@type":"ImageObject","inLanguage":"en-GB","@id":"https:\/\/www.jura-gravite.com\/#\/schema\/logo\/image\/","url":"https:\/\/www.jura-gravite.com\/wp-content\/uploads\/2022\/06\/cropped-JuraGravite3.png","contentUrl":"https:\/\/www.jura-gravite.com\/wp-content\/uploads\/2022\/06\/cropped-JuraGravite3.png","width":1920,"height":1080,"caption":"JURA GRAVIT\u00c9"},"image":{"@id":"https:\/\/www.jura-gravite.com\/#\/schema\/logo\/image\/"},"sameAs":["https:\/\/www.facebook.com\/profile.php?id=100037757172400","https:\/\/www.instagram.com\/jeromelhostis\/?hl=fr"]}]}},"_links":{"self":[{"href":"https:\/\/www.jura-gravite.com\/en\/wp-json\/wp\/v2\/pages\/3175","targetHints":{"allow":["GET"]}}],"collection":[{"href":"https:\/\/www.jura-gravite.com\/en\/wp-json\/wp\/v2\/pages"}],"about":[{"href":"https:\/\/www.jura-gravite.com\/en\/wp-json\/wp\/v2\/types\/page"}],"author":[{"embeddable":true,"href":"https:\/\/www.jura-gravite.com\/en\/wp-json\/wp\/v2\/users\/1"}],"replies":[{"embeddable":true,"href":"https:\/\/www.jura-gravite.com\/en\/wp-json\/wp\/v2\/comments?post=3175"}],"version-history":[{"count":35,"href":"https:\/\/www.jura-gravite.com\/en\/wp-json\/wp\/v2\/pages\/3175\/revisions"}],"predecessor-version":[{"id":3744,"href":"https:\/\/www.jura-gravite.com\/en\/wp-json\/wp\/v2\/pages\/3175\/revisions\/3744"}],"wp:attachment":[{"href":"https:\/\/www.jura-gravite.com\/en\/wp-json\/wp\/v2\/media?parent=3175"}],"curies":[{"name":"wp","href":"https:\/\/api.w.org\/{rel}","templated":true}]}}