{"id":3227,"date":"2024-08-12T15:53:05","date_gmt":"2024-08-12T14:53:05","guid":{"rendered":"https:\/\/www.jura-gravite.com\/?page_id=3227"},"modified":"2024-08-12T16:01:53","modified_gmt":"2024-08-12T15:01:53","slug":"descriptif-du-sejour","status":"publish","type":"page","link":"https:\/\/www.jura-gravite.com\/en\/descriptif-du-sejour\/","title":{"rendered":"D\u00e9scriptif du s\u00e9jour"},"content":{"rendered":"<div data-elementor-type=\"wp-page\" data-elementor-id=\"3227\" class=\"elementor elementor-3227\">\n\t\t\t\t\t\t<section class=\"elementor-section elementor-top-section elementor-element elementor-element-341594d9 elementor-section-boxed elementor-section-height-default elementor-section-height-default\" data-id=\"341594d9\" data-element_type=\"section\" data-e-type=\"section\">\n\t\t\t\t\t\t<div class=\"elementor-container elementor-column-gap-default\">\n\t\t\t\t\t\t<\/div>\n\t\t<\/section>\n\t\t\t\t<section class=\"elementor-section elementor-top-section elementor-element elementor-element-7e64cc50 elementor-section-boxed elementor-section-height-default elementor-section-height-default\" data-id=\"7e64cc50\" data-element_type=\"section\" data-e-type=\"section\">\n\t\t\t\t\t\t<div class=\"elementor-container elementor-column-gap-default\">\n\t\t\t\t\t\t<\/div>\n\t\t<\/section>\n\t\t\t\t<section class=\"elementor-section elementor-top-section elementor-element elementor-element-6cff8ab8 elementor-section-boxed elementor-section-height-default elementor-section-height-default\" data-id=\"6cff8ab8\" data-element_type=\"section\" data-e-type=\"section\" data-settings=\"{&quot;background_background&quot;:&quot;classic&quot;}\">\n\t\t\t\t\t\t<div class=\"elementor-container elementor-column-gap-default\">\n\t\t\t\t\t<div class=\"elementor-column elementor-col-100 elementor-top-column elementor-element elementor-element-5f9db107\" data-id=\"5f9db107\" data-element_type=\"column\" data-e-type=\"column\">\n\t\t\t<div class=\"elementor-widget-wrap elementor-element-populated\">\n\t\t\t\t\t\t<div class=\"elementor-element elementor-element-57a13500 elementor-widget elementor-widget-heading\" data-id=\"57a13500\" data-element_type=\"widget\" data-e-type=\"widget\" data-widget_type=\"heading.default\">\n\t\t\t\t<div class=\"elementor-widget-container\">\n\t\t\t\t\t<h1 class=\"elementor-heading-title elementor-size-default\">D\u00e9scriptif du s\u00e9jour <\/h1>\t\t\t\t<\/div>\n\t\t\t\t<\/div>\n\t\t\t\t\t<\/div>\n\t\t<\/div>\n\t\t\t\t\t<\/div>\n\t\t<\/section>\n\t\t\t\t<section class=\"elementor-section elementor-top-section elementor-element elementor-element-1a5b121 elementor-section-boxed elementor-section-height-default elementor-section-height-default\" data-id=\"1a5b121\" data-element_type=\"section\" data-e-type=\"section\">\n\t\t\t\t\t\t<div class=\"elementor-container elementor-column-gap-default\">\n\t\t\t\t\t<div class=\"elementor-column elementor-col-100 elementor-top-column elementor-element elementor-element-47338c3\" data-id=\"47338c3\" data-element_type=\"column\" data-e-type=\"column\">\n\t\t\t<div class=\"elementor-widget-wrap elementor-element-populated\">\n\t\t\t\t\t\t<div class=\"elementor-element elementor-element-9a36e4e elementor-widget elementor-widget-spacer\" data-id=\"9a36e4e\" data-element_type=\"widget\" data-e-type=\"widget\" data-widget_type=\"spacer.default\">\n\t\t\t\t<div class=\"elementor-widget-container\">\n\t\t\t\t\t\t\t<div class=\"elementor-spacer\">\n\t\t\t<div class=\"elementor-spacer-inner\"><\/div>\n\t\t<\/div>\n\t\t\t\t\t\t<\/div>\n\t\t\t\t<\/div>\n\t\t\t\t<div class=\"elementor-element elementor-element-6e2e584 elementor-widget elementor-widget-text-editor\" data-id=\"6e2e584\" data-element_type=\"widget\" data-e-type=\"widget\" data-widget_type=\"text-editor.default\">\n\t\t\t\t<div class=\"elementor-widget-container\">\n\t\t\t\t\t\t\t\t\t<p style=\"text-align: center;\">Vous serez accompagn\u00e9 par un moniteur dipl\u00f4m\u00e9 qui vous guidera dans la montagne du Jura et vous donnera les bons conseils pour progresser. C\u2019est un s\u00e9jour sportif qui permet non seulement de d\u00e9couvrir le territoire du haut plateau jurassien mais \u00e9galement d&rsquo;acqu\u00e9rir les techniques pour am\u00e9liorer votre pratique du VTTAE.<br \/>Le samedi matin vous serez accueilli par J\u00e9r\u00f4me, votre moniteur.<br \/>Vos bagages seront pris en charge et achemin\u00e9s vers le g\u00eete par nos soins.<br \/>Vous partirez ensuite sur le premier circuit de 50 km avec un d\u00e9nivel\u00e9 de 1500 m.<br \/>Le midi vous pique-niquerez avec votre repas tir\u00e9 du sac au sommet du Chasseron \u00e0 une altitude de 1608 m., avant de continuer en direction du g\u00eete o\u00f9 vous passerez la nuit.<br \/>Vous s\u00e9journerez dans un chalet d\u2019alpage situ\u00e9 \u00e0 1267 m\u00e8tres d\u2019altitude, offrant une vue panoramique sur le Mont Blanc, les Alpes, le Mont d\u2019Or, ainsi que sur les cr\u00eates du Jura franco-suisse. Le g\u00eete est con\u00e7u comme un espace communautaire..<br \/>Vous y partagerez le repas du soir et le petit d\u00e9jeuner.<br \/>Les batteries des VTTAE seront recharg\u00e9es au g\u00eete.<br \/>Le dimanche, un second circuit de 40km et de 1300 m de d\u00e9nivel\u00e9 vous attend. Ce trac\u00e9 vous ram\u00e8nera au point de d\u00e9part en milieu d&rsquo;apr\u00e8s-midi. Vous d\u00e9couvrirez un autre point\u00a0 culminant de la r\u00e9gion, le Suchet qui culmine \u00e0 1588 d\u2019altitude et offre une vue 360\u00b0 \u00e0 couper le souffle. C\u2019est au sommet de cette montagne que vous ferez halte le midi pour manger le repas que nous vous fournirons.<br \/>Vos bagages vous attendront au point de d\u00e9part.<br \/>L&rsquo;entreprise se r\u00e9serve le droit d&rsquo;annuler l&rsquo;activit\u00e9 contre remboursement si le nombre de participants inscrits pour l&rsquo;activit\u00e9 est inf\u00e9rieur \u00e0 4 personnes.<\/p>\t\t\t\t\t\t\t\t<\/div>\n\t\t\t\t<\/div>\n\t\t\t\t\t<\/div>\n\t\t<\/div>\n\t\t\t\t\t<\/div>\n\t\t<\/section>\n\t\t\t\t<section class=\"elementor-section elementor-top-section elementor-element elementor-element-280bde28 elementor-section-boxed elementor-section-height-default elementor-section-height-default\" data-id=\"280bde28\" data-element_type=\"section\" data-e-type=\"section\">\n\t\t\t\t\t\t<div class=\"elementor-container elementor-column-gap-default\">\n\t\t\t\t\t<div class=\"elementor-column elementor-col-100 elementor-top-column elementor-element elementor-element-2167598f\" data-id=\"2167598f\" data-element_type=\"column\" data-e-type=\"column\">\n\t\t\t<div class=\"elementor-widget-wrap elementor-element-populated\">\n\t\t\t\t\t\t<div class=\"elementor-element elementor-element-0d7f2ec elementor-widget elementor-widget-text-editor\" data-id=\"0d7f2ec\" data-element_type=\"widget\" data-e-type=\"widget\" data-widget_type=\"text-editor.default\">\n\t\t\t\t<div class=\"elementor-widget-container\">\n\t\t\t\t\t\t\t\t\t<h4 style=\"text-align: center;\">INFORMATIONS<\/h4>\t\t\t\t\t\t\t\t<\/div>\n\t\t\t\t<\/div>\n\t\t\t\t<div class=\"elementor-element elementor-element-5c43cfd elementor-widget elementor-widget-text-editor\" data-id=\"5c43cfd\" data-element_type=\"widget\" data-e-type=\"widget\" data-widget_type=\"text-editor.default\">\n\t\t\t\t<div class=\"elementor-widget-container\">\n\t\t\t\t\t\t\t\t\t<p style=\"text-align: center;\"><strong>This activity is not subject to the vagaries of the weather, except in extreme conditions (there is no such thing as bad weather, only bad clothing \ud83d\ude1c). <\/strong>(il n&rsquo;y a pas de mauvais temps, que des mauvais v\u00eatements\u00a0<span style=\"color: #4d5156; font-family: 'Google Sans', arial, sans-serif; font-size: 1rem;\">\ud83d\ude1c)<\/span><\/p>\t\t\t\t\t\t\t\t<\/div>\n\t\t\t\t<\/div>\n\t\t\t\t<div class=\"elementor-element elementor-element-25731707 elementor-widget elementor-widget-text-editor\" data-id=\"25731707\" data-element_type=\"widget\" data-e-type=\"widget\" data-widget_type=\"text-editor.default\">\n\t\t\t\t<div class=\"elementor-widget-container\">\n\t\t\t\t\t\t\t\t\t<h4>INDIVIDUAL EQUIPMENT REQUIRED<\/h4><p>Casque obligatoire, Polaire, coupe-vent ou gore tex, Pantalon de marche \/ Short ou cuissard pour le v\u00e9lo, Doudoune ou \u00e9quivalent et enfin vos affaires personnelles, trousse de toilette, cr\u00e8me solaire, stick l\u00e8vre mais aussi une poche \u00e0 eau ou gourde<\/p><p>For more information or special requests, please do not hesitate to contact me<\/p>\t\t\t\t\t\t\t\t<\/div>\n\t\t\t\t<\/div>\n\t\t\t\t<div class=\"elementor-element elementor-element-182c0048 elementor-align-center elementor-widget elementor-widget-button\" data-id=\"182c0048\" data-element_type=\"widget\" data-e-type=\"widget\" data-widget_type=\"button.default\">\n\t\t\t\t<div class=\"elementor-widget-container\">\n\t\t\t\t\t\t\t\t\t<div class=\"elementor-button-wrapper\">\n\t\t\t\t\t<a class=\"elementor-button elementor-button-link elementor-size-lg\" href=\"https:\/\/www.jura-gravite.com\/en\/contact\/\">\n\t\t\t\t\t\t<span class=\"elementor-button-content-wrapper\">\n\t\t\t\t\t\t\t\t\t<span class=\"elementor-button-text\">Contact me<\/span>\n\t\t\t\t\t<\/span>\n\t\t\t\t\t<\/a>\n\t\t\t\t<\/div>\n\t\t\t\t\t\t\t\t<\/div>\n\t\t\t\t<\/div>\n\t\t\t\t<div class=\"elementor-element elementor-element-032f835 elementor-widget-divider--view-line elementor-widget elementor-widget-divider\" data-id=\"032f835\" data-element_type=\"widget\" data-e-type=\"widget\" data-widget_type=\"divider.default\">\n\t\t\t\t<div class=\"elementor-widget-container\">\n\t\t\t\t\t\t\t<div class=\"elementor-divider\">\n\t\t\t<span class=\"elementor-divider-separator\">\n\t\t\t\t\t\t<\/span>\n\t\t<\/div>\n\t\t\t\t\t\t<\/div>\n\t\t\t\t<\/div>\n\t\t\t\t\t<\/div>\n\t\t<\/div>\n\t\t\t\t\t<\/div>\n\t\t<\/section>\n\t\t\t\t<section class=\"elementor-section elementor-top-section elementor-element elementor-element-d4a4b6b elementor-section-boxed elementor-section-height-default elementor-section-height-default\" data-id=\"d4a4b6b\" data-element_type=\"section\" data-e-type=\"section\">\n\t\t\t\t\t\t<div class=\"elementor-container elementor-column-gap-default\">\n\t\t\t\t\t<div class=\"elementor-column elementor-col-50 elementor-top-column elementor-element elementor-element-ec4f77a\" data-id=\"ec4f77a\" data-element_type=\"column\" data-e-type=\"column\">\n\t\t\t<div class=\"elementor-widget-wrap elementor-element-populated\">\n\t\t\t\t\t\t<div class=\"elementor-element elementor-element-cbc645f elementor-widget elementor-widget-image\" data-id=\"cbc645f\" data-element_type=\"widget\" data-e-type=\"widget\" data-widget_type=\"image.default\">\n\t\t\t\t<div class=\"elementor-widget-container\">\n\t\t\t\t\t\t\t\t\t\t\t\t\t\t\t\t<a href=\"https:\/\/valbikes.ch\/\" target=\"_blank\">\n\t\t\t\t\t\t\t<img fetchpriority=\"high\" decoding=\"async\" width=\"674\" height=\"366\" src=\"https:\/\/www.jura-gravite.com\/wp-content\/uploads\/2024\/02\/logo-valbikes.png\" class=\"attachment-large size-large wp-image-2604\" alt=\"\" srcset=\"https:\/\/www.jura-gravite.com\/wp-content\/uploads\/2024\/02\/logo-valbikes.png 674w, https:\/\/www.jura-gravite.com\/wp-content\/uploads\/2024\/02\/logo-valbikes-300x163.png 300w, https:\/\/www.jura-gravite.com\/wp-content\/uploads\/2024\/02\/logo-valbikes-18x10.png 18w\" sizes=\"(max-width: 674px) 100vw, 674px\" \/>\t\t\t\t\t\t\t\t<\/a>\n\t\t\t\t\t\t\t\t\t\t\t\t\t\t\t<\/div>\n\t\t\t\t<\/div>\n\t\t\t\t\t<\/div>\n\t\t<\/div>\n\t\t\t\t<div class=\"elementor-column elementor-col-25 elementor-top-column elementor-element elementor-element-c97df04\" data-id=\"c97df04\" data-element_type=\"column\" data-e-type=\"column\">\n\t\t\t<div class=\"elementor-widget-wrap elementor-element-populated\">\n\t\t\t\t\t\t<div class=\"elementor-element elementor-element-3596599 elementor-widget elementor-widget-text-editor\" data-id=\"3596599\" data-element_type=\"widget\" data-e-type=\"widget\" data-widget_type=\"text-editor.default\">\n\t\t\t\t<div class=\"elementor-widget-container\">\n\t\t\t\t\t\t\t\t\t<h4 style=\"text-align: center;\">Need some equipment?<\/h4><p style=\"text-align: center;\">Please contact our partner<\/p><p style=\"text-align: center;\">\u00a0<a href=\"https:\/\/valbikes.ch\/\" target=\"_blank\" rel=\"noopener\"><span style=\"color: #ffcc99;\"><strong>VAL&rsquo;BIKES<\/strong><\/span><\/a><\/p><p style=\"text-align: center;\">Specialists in mountain bikes, e-bikes, road bikes and city bikes, we welcome you to our 140 m2 premises.<\/p><p style=\"text-align: center;\">Sales, repairs and hire.<\/p>\t\t\t\t\t\t\t\t<\/div>\n\t\t\t\t<\/div>\n\t\t\t\t\t<\/div>\n\t\t<\/div>\n\t\t\t\t<div class=\"elementor-column elementor-col-25 elementor-top-column elementor-element elementor-element-9f7bf3d\" data-id=\"9f7bf3d\" data-element_type=\"column\" data-e-type=\"column\">\n\t\t\t<div class=\"elementor-widget-wrap elementor-element-populated\">\n\t\t\t\t\t\t<div class=\"elementor-element elementor-element-bba4aee elementor-widget elementor-widget-image\" data-id=\"bba4aee\" data-element_type=\"widget\" data-e-type=\"widget\" data-widget_type=\"image.default\">\n\t\t\t\t<div class=\"elementor-widget-container\">\n\t\t\t\t\t\t\t\t\t\t\t\t\t\t\t<img decoding=\"async\" width=\"800\" height=\"800\" src=\"https:\/\/www.jura-gravite.com\/wp-content\/uploads\/2024\/04\/IMG_20240406_114505_860-1024x1024.jpg\" class=\"attachment-large size-large wp-image-2915\" alt=\"\" srcset=\"https:\/\/www.jura-gravite.com\/wp-content\/uploads\/2024\/04\/IMG_20240406_114505_860-1024x1024.jpg 1024w, https:\/\/www.jura-gravite.com\/wp-content\/uploads\/2024\/04\/IMG_20240406_114505_860-300x300.jpg 300w, https:\/\/www.jura-gravite.com\/wp-content\/uploads\/2024\/04\/IMG_20240406_114505_860-150x150.jpg 150w, https:\/\/www.jura-gravite.com\/wp-content\/uploads\/2024\/04\/IMG_20240406_114505_860-768x768.jpg 768w, https:\/\/www.jura-gravite.com\/wp-content\/uploads\/2024\/04\/IMG_20240406_114505_860-12x12.jpg 12w, https:\/\/www.jura-gravite.com\/wp-content\/uploads\/2024\/04\/IMG_20240406_114505_860.jpg 1456w\" sizes=\"(max-width: 800px) 100vw, 800px\" \/>\t\t\t\t\t\t\t\t\t\t\t\t\t\t\t<\/div>\n\t\t\t\t<\/div>\n\t\t\t\t<div class=\"elementor-element elementor-element-5f601a9 elementor-widget elementor-widget-image\" data-id=\"5f601a9\" data-element_type=\"widget\" data-e-type=\"widget\" data-widget_type=\"image.default\">\n\t\t\t\t<div class=\"elementor-widget-container\">\n\t\t\t\t\t\t\t\t\t\t\t\t\t\t\t\t<a href=\"https:\/\/www.facebook.com\/profile.php?id=100057427900126\" target=\"_blank\">\n\t\t\t\t\t\t\t<img decoding=\"async\" width=\"150\" height=\"150\" src=\"https:\/\/www.jura-gravite.com\/wp-content\/uploads\/2024\/02\/facebook-150x150.png\" class=\"attachment-thumbnail size-thumbnail wp-image-2634\" alt=\"\" srcset=\"https:\/\/www.jura-gravite.com\/wp-content\/uploads\/2024\/02\/facebook-150x150.png 150w, https:\/\/www.jura-gravite.com\/wp-content\/uploads\/2024\/02\/facebook-12x12.png 12w, https:\/\/www.jura-gravite.com\/wp-content\/uploads\/2024\/02\/facebook.png 225w\" sizes=\"(max-width: 150px) 100vw, 150px\" \/>\t\t\t\t\t\t\t\t<\/a>\n\t\t\t\t\t\t\t\t\t\t\t\t\t\t\t<\/div>\n\t\t\t\t<\/div>\n\t\t\t\t\t<\/div>\n\t\t<\/div>\n\t\t\t\t\t<\/div>\n\t\t<\/section>\n\t\t\t\t<section class=\"elementor-section elementor-top-section elementor-element elementor-element-8f8c987 elementor-section-boxed elementor-section-height-default elementor-section-height-default\" data-id=\"8f8c987\" data-element_type=\"section\" data-e-type=\"section\">\n\t\t\t\t\t\t<div class=\"elementor-container elementor-column-gap-default\">\n\t\t\t\t\t\t<\/div>\n\t\t<\/section>\n\t\t\t\t<section class=\"elementor-section elementor-top-section elementor-element elementor-element-a8b17ef elementor-section-boxed elementor-section-height-default elementor-section-height-default\" data-id=\"a8b17ef\" data-element_type=\"section\" data-e-type=\"section\">\n\t\t\t\t\t\t<div class=\"elementor-container elementor-column-gap-default\">\n\t\t\t\t\t<div class=\"elementor-column elementor-col-100 elementor-top-column elementor-element elementor-element-47faf50\" data-id=\"47faf50\" data-element_type=\"column\" data-e-type=\"column\">\n\t\t\t<div class=\"elementor-widget-wrap\">\n\t\t\t\t\t\t\t<\/div>\n\t\t<\/div>\n\t\t\t\t\t<\/div>\n\t\t<\/section>\n\t\t\t\t<\/div>","protected":false},"excerpt":{"rendered":"<p>D\u00e9scriptif du s\u00e9jour Vous serez accompagn\u00e9 par un moniteur dipl\u00f4m\u00e9 qui vous guidera dans la montagne du Jura et vous donnera les bons conseils pour progresser. C\u2019est un s\u00e9jour sportif qui permet non seulement de d\u00e9couvrir le territoire du haut plateau jurassien mais \u00e9galement d&rsquo;acqu\u00e9rir les techniques pour am\u00e9liorer votre pratique du VTTAE.Le samedi matin [&hellip;]<\/p>\n","protected":false},"author":1,"featured_media":0,"parent":0,"menu_order":0,"comment_status":"closed","ping_status":"closed","template":"elementor_header_footer","meta":{"footnotes":""},"class_list":["post-3227","page","type-page","status-publish","hentry"],"yoast_head":"<!-- This site is optimized with the Yoast SEO plugin v26.4 - https:\/\/yoast.com\/wordpress\/plugins\/seo\/ -->\n<title>D\u00e9scriptif du s\u00e9jour - JURA GRAVIT\u00c9 escalade jura jerome<\/title>\n<meta name=\"description\" content=\"Constitu\u00e9 de nombreux plateaux, la montagne du Jura permet de d\u00e9couvrir de belles prairies ouvertes sur de beaux panoramas\" \/>\n<meta name=\"robots\" content=\"index, follow, max-snippet:-1, max-image-preview:large, max-video-preview:-1\" \/>\n<link rel=\"canonical\" href=\"https:\/\/www.jura-gravite.com\/en\/descriptif-du-sejour\/\" \/>\n<meta property=\"og:locale\" content=\"en_GB\" \/>\n<meta property=\"og:type\" content=\"article\" \/>\n<meta property=\"og:title\" content=\"D\u00e9scriptif du s\u00e9jour - JURA GRAVIT\u00c9 escalade jura jerome\" \/>\n<meta property=\"og:description\" content=\"Constitu\u00e9 de nombreux plateaux, la montagne du Jura permet de d\u00e9couvrir de belles prairies ouvertes sur de beaux panoramas\" \/>\n<meta property=\"og:url\" content=\"https:\/\/www.jura-gravite.com\/en\/descriptif-du-sejour\/\" \/>\n<meta property=\"og:site_name\" content=\"JURA GRAVIT\u00c9\" \/>\n<meta property=\"article:publisher\" content=\"https:\/\/www.facebook.com\/profile.php?id=100037757172400\" \/>\n<meta property=\"article:modified_time\" content=\"2024-08-12T15:01:53+00:00\" \/>\n<meta property=\"og:image\" content=\"https:\/\/www.jura-gravite.com\/wp-content\/uploads\/2024\/02\/logo-valbikes.png\" \/>\n<meta name=\"twitter:label1\" content=\"Estimated reading time\" \/>\n\t<meta name=\"twitter:data1\" content=\"3 minutes\" \/>\n<script type=\"application\/ld+json\" class=\"yoast-schema-graph\">{\"@context\":\"https:\/\/schema.org\",\"@graph\":[{\"@type\":\"WebPage\",\"@id\":\"https:\/\/www.jura-gravite.com\/descriptif-du-sejour\/\",\"url\":\"https:\/\/www.jura-gravite.com\/descriptif-du-sejour\/\",\"name\":\"D\u00e9scriptif du s\u00e9jour - JURA GRAVIT\u00c9 escalade jura jerome\",\"isPartOf\":{\"@id\":\"https:\/\/www.jura-gravite.com\/#website\"},\"primaryImageOfPage\":{\"@id\":\"https:\/\/www.jura-gravite.com\/descriptif-du-sejour\/#primaryimage\"},\"image\":{\"@id\":\"https:\/\/www.jura-gravite.com\/descriptif-du-sejour\/#primaryimage\"},\"thumbnailUrl\":\"https:\/\/www.jura-gravite.com\/wp-content\/uploads\/2024\/02\/logo-valbikes.png\",\"datePublished\":\"2024-08-12T14:53:05+00:00\",\"dateModified\":\"2024-08-12T15:01:53+00:00\",\"description\":\"Constitu\u00e9 de nombreux plateaux, la montagne du Jura permet de d\u00e9couvrir de belles prairies ouvertes sur de beaux panoramas\",\"breadcrumb\":{\"@id\":\"https:\/\/www.jura-gravite.com\/descriptif-du-sejour\/#breadcrumb\"},\"inLanguage\":\"en-GB\",\"potentialAction\":[{\"@type\":\"ReadAction\",\"target\":[\"https:\/\/www.jura-gravite.com\/descriptif-du-sejour\/\"]}]},{\"@type\":\"ImageObject\",\"inLanguage\":\"en-GB\",\"@id\":\"https:\/\/www.jura-gravite.com\/descriptif-du-sejour\/#primaryimage\",\"url\":\"https:\/\/www.jura-gravite.com\/wp-content\/uploads\/2024\/02\/logo-valbikes.png\",\"contentUrl\":\"https:\/\/www.jura-gravite.com\/wp-content\/uploads\/2024\/02\/logo-valbikes.png\"},{\"@type\":\"BreadcrumbList\",\"@id\":\"https:\/\/www.jura-gravite.com\/descriptif-du-sejour\/#breadcrumb\",\"itemListElement\":[{\"@type\":\"ListItem\",\"position\":1,\"name\":\"Accueil\",\"item\":\"https:\/\/www.jura-gravite.com\/\"},{\"@type\":\"ListItem\",\"position\":2,\"name\":\"D\u00e9scriptif du s\u00e9jour\"}]},{\"@type\":\"WebSite\",\"@id\":\"https:\/\/www.jura-gravite.com\/#website\",\"url\":\"https:\/\/www.jura-gravite.com\/\",\"name\":\"JURA GRAVIT\u00c9\",\"description\":\"Activit\u00e9e Outdoor : Escalade, VTT, Randonn\u00e9e\",\"publisher\":{\"@id\":\"https:\/\/www.jura-gravite.com\/#organization\"},\"potentialAction\":[{\"@type\":\"SearchAction\",\"target\":{\"@type\":\"EntryPoint\",\"urlTemplate\":\"https:\/\/www.jura-gravite.com\/?s={search_term_string}\"},\"query-input\":{\"@type\":\"PropertyValueSpecification\",\"valueRequired\":true,\"valueName\":\"search_term_string\"}}],\"inLanguage\":\"en-GB\"},{\"@type\":\"Organization\",\"@id\":\"https:\/\/www.jura-gravite.com\/#organization\",\"name\":\"JURA GRAVIT\u00c9\",\"url\":\"https:\/\/www.jura-gravite.com\/\",\"logo\":{\"@type\":\"ImageObject\",\"inLanguage\":\"en-GB\",\"@id\":\"https:\/\/www.jura-gravite.com\/#\/schema\/logo\/image\/\",\"url\":\"https:\/\/www.jura-gravite.com\/wp-content\/uploads\/2022\/06\/cropped-JuraGravite3.png\",\"contentUrl\":\"https:\/\/www.jura-gravite.com\/wp-content\/uploads\/2022\/06\/cropped-JuraGravite3.png\",\"width\":1920,\"height\":1080,\"caption\":\"JURA GRAVIT\u00c9\"},\"image\":{\"@id\":\"https:\/\/www.jura-gravite.com\/#\/schema\/logo\/image\/\"},\"sameAs\":[\"https:\/\/www.facebook.com\/profile.php?id=100037757172400\",\"https:\/\/www.instagram.com\/jeromelhostis\/?hl=fr\"]}]}<\/script>\n<!-- \/ Yoast SEO plugin. -->","yoast_head_json":{"title":"D\u00e9scriptif du s\u00e9jour - JURA GRAVIT\u00c9 escalade jura jerome","description":"Constitu\u00e9 de nombreux plateaux, la montagne du Jura permet de d\u00e9couvrir de belles prairies ouvertes sur de beaux panoramas","robots":{"index":"index","follow":"follow","max-snippet":"max-snippet:-1","max-image-preview":"max-image-preview:large","max-video-preview":"max-video-preview:-1"},"canonical":"https:\/\/www.jura-gravite.com\/en\/descriptif-du-sejour\/","og_locale":"en_GB","og_type":"article","og_title":"D\u00e9scriptif du s\u00e9jour - JURA GRAVIT\u00c9 escalade jura jerome","og_description":"Constitu\u00e9 de nombreux plateaux, la montagne du Jura permet de d\u00e9couvrir de belles prairies ouvertes sur de beaux panoramas","og_url":"https:\/\/www.jura-gravite.com\/en\/descriptif-du-sejour\/","og_site_name":"JURA GRAVIT\u00c9","article_publisher":"https:\/\/www.facebook.com\/profile.php?id=100037757172400","article_modified_time":"2024-08-12T15:01:53+00:00","og_image":[{"url":"https:\/\/www.jura-gravite.com\/wp-content\/uploads\/2024\/02\/logo-valbikes.png","type":"","width":"","height":""}],"twitter_misc":{"Estimated reading time":"3 minutes"},"schema":{"@context":"https:\/\/schema.org","@graph":[{"@type":"WebPage","@id":"https:\/\/www.jura-gravite.com\/descriptif-du-sejour\/","url":"https:\/\/www.jura-gravite.com\/descriptif-du-sejour\/","name":"D\u00e9scriptif du s\u00e9jour - JURA GRAVIT\u00c9 escalade jura jerome","isPartOf":{"@id":"https:\/\/www.jura-gravite.com\/#website"},"primaryImageOfPage":{"@id":"https:\/\/www.jura-gravite.com\/descriptif-du-sejour\/#primaryimage"},"image":{"@id":"https:\/\/www.jura-gravite.com\/descriptif-du-sejour\/#primaryimage"},"thumbnailUrl":"https:\/\/www.jura-gravite.com\/wp-content\/uploads\/2024\/02\/logo-valbikes.png","datePublished":"2024-08-12T14:53:05+00:00","dateModified":"2024-08-12T15:01:53+00:00","description":"Constitu\u00e9 de nombreux plateaux, la montagne du Jura permet de d\u00e9couvrir de belles prairies ouvertes sur de beaux panoramas","breadcrumb":{"@id":"https:\/\/www.jura-gravite.com\/descriptif-du-sejour\/#breadcrumb"},"inLanguage":"en-GB","potentialAction":[{"@type":"ReadAction","target":["https:\/\/www.jura-gravite.com\/descriptif-du-sejour\/"]}]},{"@type":"ImageObject","inLanguage":"en-GB","@id":"https:\/\/www.jura-gravite.com\/descriptif-du-sejour\/#primaryimage","url":"https:\/\/www.jura-gravite.com\/wp-content\/uploads\/2024\/02\/logo-valbikes.png","contentUrl":"https:\/\/www.jura-gravite.com\/wp-content\/uploads\/2024\/02\/logo-valbikes.png"},{"@type":"BreadcrumbList","@id":"https:\/\/www.jura-gravite.com\/descriptif-du-sejour\/#breadcrumb","itemListElement":[{"@type":"ListItem","position":1,"name":"Accueil","item":"https:\/\/www.jura-gravite.com\/"},{"@type":"ListItem","position":2,"name":"D\u00e9scriptif du s\u00e9jour"}]},{"@type":"WebSite","@id":"https:\/\/www.jura-gravite.com\/#website","url":"https:\/\/www.jura-gravite.com\/","name":"JURA GRAVIT\u00c9","description":"Activit\u00e9e Outdoor : Escalade, VTT, Randonn\u00e9e","publisher":{"@id":"https:\/\/www.jura-gravite.com\/#organization"},"potentialAction":[{"@type":"SearchAction","target":{"@type":"EntryPoint","urlTemplate":"https:\/\/www.jura-gravite.com\/?s={search_term_string}"},"query-input":{"@type":"PropertyValueSpecification","valueRequired":true,"valueName":"search_term_string"}}],"inLanguage":"en-GB"},{"@type":"Organization","@id":"https:\/\/www.jura-gravite.com\/#organization","name":"JURA GRAVIT\u00c9","url":"https:\/\/www.jura-gravite.com\/","logo":{"@type":"ImageObject","inLanguage":"en-GB","@id":"https:\/\/www.jura-gravite.com\/#\/schema\/logo\/image\/","url":"https:\/\/www.jura-gravite.com\/wp-content\/uploads\/2022\/06\/cropped-JuraGravite3.png","contentUrl":"https:\/\/www.jura-gravite.com\/wp-content\/uploads\/2022\/06\/cropped-JuraGravite3.png","width":1920,"height":1080,"caption":"JURA GRAVIT\u00c9"},"image":{"@id":"https:\/\/www.jura-gravite.com\/#\/schema\/logo\/image\/"},"sameAs":["https:\/\/www.facebook.com\/profile.php?id=100037757172400","https:\/\/www.instagram.com\/jeromelhostis\/?hl=fr"]}]}},"_links":{"self":[{"href":"https:\/\/www.jura-gravite.com\/en\/wp-json\/wp\/v2\/pages\/3227","targetHints":{"allow":["GET"]}}],"collection":[{"href":"https:\/\/www.jura-gravite.com\/en\/wp-json\/wp\/v2\/pages"}],"about":[{"href":"https:\/\/www.jura-gravite.com\/en\/wp-json\/wp\/v2\/types\/page"}],"author":[{"embeddable":true,"href":"https:\/\/www.jura-gravite.com\/en\/wp-json\/wp\/v2\/users\/1"}],"replies":[{"embeddable":true,"href":"https:\/\/www.jura-gravite.com\/en\/wp-json\/wp\/v2\/comments?post=3227"}],"version-history":[{"count":11,"href":"https:\/\/www.jura-gravite.com\/en\/wp-json\/wp\/v2\/pages\/3227\/revisions"}],"predecessor-version":[{"id":3242,"href":"https:\/\/www.jura-gravite.com\/en\/wp-json\/wp\/v2\/pages\/3227\/revisions\/3242"}],"wp:attachment":[{"href":"https:\/\/www.jura-gravite.com\/en\/wp-json\/wp\/v2\/media?parent=3227"}],"curies":[{"name":"wp","href":"https:\/\/api.w.org\/{rel}","templated":true}]}}