{"id":332,"date":"2020-06-05T20:45:34","date_gmt":"2020-06-05T19:45:34","guid":{"rendered":"https:\/\/www.jura-gravite.com\/?page_id=332"},"modified":"2022-06-07T17:48:15","modified_gmt":"2022-06-07T16:48:15","slug":"info","status":"publish","type":"page","link":"https:\/\/www.jura-gravite.com\/en\/info\/","title":{"rendered":"Info"},"content":{"rendered":"\t\t<div data-elementor-type=\"wp-page\" data-elementor-id=\"332\" class=\"elementor elementor-332\">\n\t\t\t\t\t\t<section class=\"elementor-section elementor-top-section elementor-element elementor-element-1c31fbb elementor-section-boxed elementor-section-height-default elementor-section-height-default\" data-id=\"1c31fbb\" data-element_type=\"section\" data-e-type=\"section\" data-settings=\"{&quot;background_background&quot;:&quot;classic&quot;,&quot;animation&quot;:&quot;none&quot;}\">\n\t\t\t\t\t\t<div class=\"elementor-container elementor-column-gap-default\">\n\t\t\t\t\t<div class=\"elementor-column elementor-col-100 elementor-top-column elementor-element elementor-element-24115a2\" data-id=\"24115a2\" data-element_type=\"column\" data-e-type=\"column\">\n\t\t\t<div class=\"elementor-widget-wrap elementor-element-populated\">\n\t\t\t\t\t\t<div class=\"elementor-element elementor-element-5897370 elementor-widget elementor-widget-spacer\" data-id=\"5897370\" data-element_type=\"widget\" data-e-type=\"widget\" data-widget_type=\"spacer.default\">\n\t\t\t\t<div class=\"elementor-widget-container\">\n\t\t\t\t\t\t\t<div class=\"elementor-spacer\">\n\t\t\t<div class=\"elementor-spacer-inner\"><\/div>\n\t\t<\/div>\n\t\t\t\t\t\t<\/div>\n\t\t\t\t<\/div>\n\t\t\t\t<div class=\"elementor-element elementor-element-e7b74f7 elementor-widget elementor-widget-text-editor\" data-id=\"e7b74f7\" data-element_type=\"widget\" data-e-type=\"widget\" data-settings=\"{&quot;_animation&quot;:&quot;none&quot;}\" data-widget_type=\"text-editor.default\">\n\t\t\t\t<div class=\"elementor-widget-container\">\n\t\t\t\t\t\t\t\t\t<div><div id=\"pf2\" class=\"dp-page-outer\" style=\"text-align: center;\"><div class=\"dp-page-inner\"><div id=\"pg-2pf2\" class=\"pf pg-2w0 pg-2h0\"><div class=\"pc pg-2pc2 pg-2w0 pg-2h0\"><div class=\"c pg-2x1 pg-2y1 pg-2w3 pg-2h2\"><div class=\"t pg-2m0 pg-2x6 pg-2h5 pg-2y8 pg-2ff1 pg-2fs1 pg-2fc1 pg-2sc0 pg-2ls0 pg-2ws0\" style=\"text-align: left;\"><div class=\"t pg-2m0 pg-2x3 pg-2h4 pg-2y3 pg-2ff1 pg-2fs1 pg-2fc1 pg-2sc0 pg-2ls0 pg-2ws0\" style=\"text-align: center;\"><strong>L\u2019escalade est un sport adapt\u00e9 \u00e0 tous et \u00e0 tous les \u00e2ges. Il convient particuli\u00e8rement aux jeunes pour diverses raisons.<\/strong><\/div><\/div><\/div><\/div><\/div><\/div><\/div><\/div><div><\/div><div><\/div><div><\/div><div><\/div><div><\/div><div><div id=\"pf2\" class=\"dp-page-outer\" style=\"text-align: center;\"><div class=\"dp-page-inner\"><div id=\"pg-2pf2\" class=\"pf pg-2w0 pg-2h0\"><div style=\"text-align: left;\"><\/div><\/div><\/div><\/div><div class=\"dp-page-inner\"><div id=\"pg-4pf4\" class=\"pf pg-4w0 pg-4h0\"><div class=\"pc pg-4pc4 pg-4w0 pg-4h0\"><div class=\"c pg-4x1 pg-4y1 pg-4w3 pg-4h2\"><div style=\"text-align: center;\"><\/div><\/div><\/div><\/div><\/div><\/div>\t\t\t\t\t\t\t\t<\/div>\n\t\t\t\t<\/div>\n\t\t\t\t<div class=\"elementor-element elementor-element-542b0be elementor-widget elementor-widget-spacer\" data-id=\"542b0be\" data-element_type=\"widget\" data-e-type=\"widget\" data-widget_type=\"spacer.default\">\n\t\t\t\t<div class=\"elementor-widget-container\">\n\t\t\t\t\t\t\t<div class=\"elementor-spacer\">\n\t\t\t<div class=\"elementor-spacer-inner\"><\/div>\n\t\t<\/div>\n\t\t\t\t\t\t<\/div>\n\t\t\t\t<\/div>\n\t\t\t\t<section class=\"elementor-section elementor-inner-section elementor-element elementor-element-8af7dc5 elementor-section-boxed elementor-section-height-default elementor-section-height-default\" data-id=\"8af7dc5\" data-element_type=\"section\" data-e-type=\"section\">\n\t\t\t\t\t\t<div class=\"elementor-container elementor-column-gap-default\">\n\t\t\t\t\t<div class=\"elementor-column elementor-col-50 elementor-inner-column elementor-element elementor-element-1c0e077\" data-id=\"1c0e077\" data-element_type=\"column\" data-e-type=\"column\">\n\t\t\t<div class=\"elementor-widget-wrap elementor-element-populated\">\n\t\t\t\t\t\t<div class=\"elementor-element elementor-element-faad1c2 elementor-widget__width-initial elementor-widget elementor-widget-text-editor\" data-id=\"faad1c2\" data-element_type=\"widget\" data-e-type=\"widget\" data-settings=\"{&quot;_animation&quot;:&quot;none&quot;}\" data-widget_type=\"text-editor.default\">\n\t\t\t\t<div class=\"elementor-widget-container\">\n\t\t\t\t\t\t\t\t\t<p style=\"text-align: center;\"><em>\u00a0Il permet tout d\u2019abord une pratique physique accessible aux d\u00e9butants comme aux plus aguerris et permet de tester ses limites dans un milieu encadr\u00e9 et s\u00e9curis\u00e9 par des professionnels.<\/em><\/p><p style=\"text-align: center;\"><em>Grimper permet une appr\u00e9hension des espaces et des volumes qui les entourent et un travail sur les possibles difficult\u00e9s \u00e0 se trouver en hauteur.<\/em><\/p>\t\t\t\t\t\t\t\t<\/div>\n\t\t\t\t<\/div>\n\t\t\t\t\t<\/div>\n\t\t<\/div>\n\t\t\t\t<div class=\"elementor-column elementor-col-50 elementor-inner-column elementor-element elementor-element-dca99e4\" data-id=\"dca99e4\" data-element_type=\"column\" data-e-type=\"column\">\n\t\t\t<div class=\"elementor-widget-wrap elementor-element-populated\">\n\t\t\t\t\t\t<div class=\"elementor-element elementor-element-0171595 elementor-widget elementor-widget-image\" data-id=\"0171595\" data-element_type=\"widget\" data-e-type=\"widget\" data-widget_type=\"image.default\">\n\t\t\t\t<div class=\"elementor-widget-container\">\n\t\t\t\t\t\t\t\t\t\t\t\t\t\t\t<img decoding=\"async\" src=\"https:\/\/www.jura-gravite.com\/wp-content\/uploads\/2021\/09\/Escalade-jura-falaise-1.jpg\" title=\"\" alt=\"\" loading=\"lazy\" \/>\t\t\t\t\t\t\t\t\t\t\t\t\t\t\t<\/div>\n\t\t\t\t<\/div>\n\t\t\t\t\t<\/div>\n\t\t<\/div>\n\t\t\t\t\t<\/div>\n\t\t<\/section>\n\t\t\t\t\t<\/div>\n\t\t<\/div>\n\t\t\t\t\t<\/div>\n\t\t<\/section>\n\t\t\t\t<section class=\"elementor-section elementor-top-section elementor-element elementor-element-1ba225a elementor-section-boxed elementor-section-height-default elementor-section-height-default\" data-id=\"1ba225a\" data-element_type=\"section\" data-e-type=\"section\" data-settings=\"{&quot;background_background&quot;:&quot;classic&quot;}\">\n\t\t\t\t\t\t<div class=\"elementor-container elementor-column-gap-default\">\n\t\t\t\t\t<div class=\"elementor-column elementor-col-100 elementor-top-column elementor-element elementor-element-5e9590e\" data-id=\"5e9590e\" data-element_type=\"column\" data-e-type=\"column\">\n\t\t\t<div class=\"elementor-widget-wrap elementor-element-populated\">\n\t\t\t\t\t\t<div class=\"elementor-element elementor-element-24f5d16 elementor-widget elementor-widget-spacer\" data-id=\"24f5d16\" data-element_type=\"widget\" data-e-type=\"widget\" data-widget_type=\"spacer.default\">\n\t\t\t\t<div class=\"elementor-widget-container\">\n\t\t\t\t\t\t\t<div class=\"elementor-spacer\">\n\t\t\t<div class=\"elementor-spacer-inner\"><\/div>\n\t\t<\/div>\n\t\t\t\t\t\t<\/div>\n\t\t\t\t<\/div>\n\t\t\t\t<div class=\"elementor-element elementor-element-301f6d4 elementor-widget__width-initial elementor-widget elementor-widget-text-editor\" data-id=\"301f6d4\" data-element_type=\"widget\" data-e-type=\"widget\" data-settings=\"{&quot;_animation&quot;:&quot;none&quot;}\" data-widget_type=\"text-editor.default\">\n\t\t\t\t<div class=\"elementor-widget-container\">\n\t\t\t\t\t\t\t\t\t<p><em>Au-del\u00e0 du d\u00e9veloppement des capacit\u00e9s physiques, les jeunes peuvent travailler sur des notions relevant plut\u00f4t de l\u2019esprit.<\/em><\/p><p style=\"text-align: center;\"><em>\u00a0L\u2019individualisme prime parfois, lorsque le grimpeur se trouve sur la paroi, il doit veiller \u00e0 se rendre au bout de la voie en passant par un acc\u00e8s efficace et veiller \u00e0 s\u00e9curiser son passage mais l\u2019esprit d\u2019\u00e9quipe est \u00e9galement tr\u00e8s important, il est rare que le grimpeur s\u2019assure compl\u00e8tement seul. Il doit y avoir rapport de confiance entre les participants.<\/em><\/p>\t\t\t\t\t\t\t\t<\/div>\n\t\t\t\t<\/div>\n\t\t\t\t\t<\/div>\n\t\t<\/div>\n\t\t\t\t\t<\/div>\n\t\t<\/section>\n\t\t\t\t<section class=\"elementor-section elementor-top-section elementor-element elementor-element-4292db6 elementor-section-boxed elementor-section-height-default elementor-section-height-default\" data-id=\"4292db6\" data-element_type=\"section\" data-e-type=\"section\" data-settings=\"{&quot;background_background&quot;:&quot;classic&quot;}\">\n\t\t\t\t\t\t<div class=\"elementor-container elementor-column-gap-default\">\n\t\t\t\t\t<div class=\"elementor-column elementor-col-100 elementor-top-column elementor-element elementor-element-4cd8d8f\" data-id=\"4cd8d8f\" data-element_type=\"column\" data-e-type=\"column\">\n\t\t\t<div class=\"elementor-widget-wrap elementor-element-populated\">\n\t\t\t\t\t\t<div class=\"elementor-element elementor-element-46de20b elementor-widget elementor-widget-spacer\" data-id=\"46de20b\" data-element_type=\"widget\" data-e-type=\"widget\" data-widget_type=\"spacer.default\">\n\t\t\t\t<div class=\"elementor-widget-container\">\n\t\t\t\t\t\t\t<div class=\"elementor-spacer\">\n\t\t\t<div class=\"elementor-spacer-inner\"><\/div>\n\t\t<\/div>\n\t\t\t\t\t\t<\/div>\n\t\t\t\t<\/div>\n\t\t\t\t<section class=\"elementor-section elementor-inner-section elementor-element elementor-element-c1b778f elementor-section-boxed elementor-section-height-default elementor-section-height-default\" data-id=\"c1b778f\" data-element_type=\"section\" data-e-type=\"section\">\n\t\t\t\t\t\t<div class=\"elementor-container elementor-column-gap-default\">\n\t\t\t\t\t<div class=\"elementor-column elementor-col-50 elementor-inner-column elementor-element elementor-element-0054612\" data-id=\"0054612\" data-element_type=\"column\" data-e-type=\"column\">\n\t\t\t<div class=\"elementor-widget-wrap elementor-element-populated\">\n\t\t\t\t\t\t<div class=\"elementor-element elementor-element-a6133c5 elementor-widget elementor-widget-image\" data-id=\"a6133c5\" data-element_type=\"widget\" data-e-type=\"widget\" data-widget_type=\"image.default\">\n\t\t\t\t<div class=\"elementor-widget-container\">\n\t\t\t\t\t\t\t\t\t\t\t\t\t\t\t<img decoding=\"async\" src=\"https:\/\/www.jura-gravite.com\/wp-content\/uploads\/2021\/09\/Escalade-jura-falaise-2-scaled.jpg\" title=\"\" alt=\"\" loading=\"lazy\" \/>\t\t\t\t\t\t\t\t\t\t\t\t\t\t\t<\/div>\n\t\t\t\t<\/div>\n\t\t\t\t\t<\/div>\n\t\t<\/div>\n\t\t\t\t<div class=\"elementor-column elementor-col-50 elementor-inner-column elementor-element elementor-element-c68b669\" data-id=\"c68b669\" data-element_type=\"column\" data-e-type=\"column\">\n\t\t\t<div class=\"elementor-widget-wrap elementor-element-populated\">\n\t\t\t\t\t\t<div class=\"elementor-element elementor-element-2e36c2d elementor-widget__width-initial elementor-widget elementor-widget-text-editor\" data-id=\"2e36c2d\" data-element_type=\"widget\" data-e-type=\"widget\" data-settings=\"{&quot;_animation&quot;:&quot;none&quot;}\" data-widget_type=\"text-editor.default\">\n\t\t\t\t<div class=\"elementor-widget-container\">\n\t\t\t\t\t\t\t\t\t<p style=\"text-align: center;\"><em>Ainsi, au travers de \u00ab\u00a0la grimpe\u00a0\u00bb, les jeunes apprennent et comprennent l\u2019importance de la s\u00e9curit\u00e9 pour eux-m\u00eames et pour les autres.<\/em><\/p><p style=\"text-align: center;\"><em>La recherche vers les limites que le corps nous impose et le d\u00e9passement de soi sont deux cl\u00e9s vers la r\u00e9ussite\u00a0; ainsi l\u2019escalade est une pratique \u00e0 la fois sportive et th\u00e9rapeutique et offre un grand nombre de possibilit\u00e9s p\u00e9dagogiques.<\/em><\/p>\t\t\t\t\t\t\t\t<\/div>\n\t\t\t\t<\/div>\n\t\t\t\t\t<\/div>\n\t\t<\/div>\n\t\t\t\t\t<\/div>\n\t\t<\/section>\n\t\t\t\t\t<\/div>\n\t\t<\/div>\n\t\t\t\t\t<\/div>\n\t\t<\/section>\n\t\t\t\t<section class=\"elementor-section elementor-top-section elementor-element elementor-element-1b2a5ec elementor-section-boxed elementor-section-height-default elementor-section-height-default\" data-id=\"1b2a5ec\" data-element_type=\"section\" data-e-type=\"section\" data-settings=\"{&quot;background_background&quot;:&quot;classic&quot;}\">\n\t\t\t\t\t\t<div class=\"elementor-container elementor-column-gap-default\">\n\t\t\t\t\t<div class=\"elementor-column elementor-col-100 elementor-top-column elementor-element elementor-element-790a19b\" data-id=\"790a19b\" data-element_type=\"column\" data-e-type=\"column\">\n\t\t\t<div class=\"elementor-widget-wrap elementor-element-populated\">\n\t\t\t\t\t\t<div class=\"elementor-element elementor-element-a8f3da6 elementor-widget elementor-widget-spacer\" data-id=\"a8f3da6\" data-element_type=\"widget\" data-e-type=\"widget\" data-widget_type=\"spacer.default\">\n\t\t\t\t<div class=\"elementor-widget-container\">\n\t\t\t\t\t\t\t<div class=\"elementor-spacer\">\n\t\t\t<div class=\"elementor-spacer-inner\"><\/div>\n\t\t<\/div>\n\t\t\t\t\t\t<\/div>\n\t\t\t\t<\/div>\n\t\t\t\t<div class=\"elementor-element elementor-element-01233bd elementor-widget elementor-widget-text-editor\" data-id=\"01233bd\" data-element_type=\"widget\" data-e-type=\"widget\" data-settings=\"{&quot;_animation&quot;:&quot;none&quot;}\" data-widget_type=\"text-editor.default\">\n\t\t\t\t<div class=\"elementor-widget-container\">\n\t\t\t\t\t\t\t\t\t<p style=\"text-align: center;\"><strong>En somme, toutes les conditions sont r\u00e9unies pour que vous passiez un moment de d\u00e9tente et de divertissement.<\/strong><\/p>\t\t\t\t\t\t\t\t<\/div>\n\t\t\t\t<\/div>\n\t\t\t\t<div class=\"elementor-element elementor-element-4d0cb67 elementor-widget elementor-widget-spacer\" data-id=\"4d0cb67\" data-element_type=\"widget\" data-e-type=\"widget\" data-widget_type=\"spacer.default\">\n\t\t\t\t<div class=\"elementor-widget-container\">\n\t\t\t\t\t\t\t<div class=\"elementor-spacer\">\n\t\t\t<div class=\"elementor-spacer-inner\"><\/div>\n\t\t<\/div>\n\t\t\t\t\t\t<\/div>\n\t\t\t\t<\/div>\n\t\t\t\t\t<\/div>\n\t\t<\/div>\n\t\t\t\t\t<\/div>\n\t\t<\/section>\n\t\t\t\t<section class=\"elementor-section elementor-top-section elementor-element elementor-element-e0b5ada elementor-section-boxed elementor-section-height-default elementor-section-height-default\" data-id=\"e0b5ada\" data-element_type=\"section\" data-e-type=\"section\">\n\t\t\t\t\t\t<div class=\"elementor-container elementor-column-gap-default\">\n\t\t\t\t\t<div class=\"elementor-column elementor-col-100 elementor-top-column elementor-element elementor-element-8186ad4\" data-id=\"8186ad4\" data-element_type=\"column\" data-e-type=\"column\">\n\t\t\t<div class=\"elementor-widget-wrap elementor-element-populated\">\n\t\t\t\t\t\t<div class=\"elementor-element elementor-element-76c2b52 elementor-widget elementor-widget-shortcode\" data-id=\"76c2b52\" data-element_type=\"widget\" data-e-type=\"widget\" data-widget_type=\"shortcode.default\">\n\t\t\t\t<div class=\"elementor-widget-container\">\n\t\t\t\t\t\t\t<div class=\"elementor-shortcode\">[bookly-form show_number_of_persons=\"1\" hide=\"categories,staff_members,date,week_days,time_range\"]\n<\/div>\n\t\t\t\t\t\t<\/div>\n\t\t\t\t<\/div>\n\t\t\t\t\t<\/div>\n\t\t<\/div>\n\t\t\t\t\t<\/div>\n\t\t<\/section>\n\t\t\t\t<\/div>\n\t\t","protected":false},"excerpt":{"rendered":"<p>L\u2019escalade est un sport adapt\u00e9 \u00e0 tous et \u00e0 tous les \u00e2ges. Il convient particuli\u00e8rement aux jeunes pour diverses raisons. \u00a0Il permet tout d\u2019abord une pratique physique accessible aux d\u00e9butants comme aux plus aguerris et permet de tester ses limites dans un milieu encadr\u00e9 et s\u00e9curis\u00e9 par des professionnels. Grimper permet une appr\u00e9hension des espaces [&hellip;]<\/p>\n","protected":false},"author":1,"featured_media":0,"parent":0,"menu_order":0,"comment_status":"closed","ping_status":"closed","template":"elementor_header_footer","meta":{"footnotes":""},"class_list":["post-332","page","type-page","status-publish","hentry"],"yoast_head":"<!-- This site is optimized with the Yoast SEO plugin v26.4 - https:\/\/yoast.com\/wordpress\/plugins\/seo\/ -->\n<title>Info - JURA GRAVIT\u00c9 Escalade, Cordiste - Travaux en hauteur Jura<\/title>\n<meta name=\"description\" content=\"L\u2019escalade est un sport adapt\u00e9 \u00e0 tous et \u00e0 tous les \u00e2ges. Il convient particuli\u00e8rement aux jeunes pour diverses raisons. Il permet tout...\" \/>\n<meta name=\"robots\" content=\"index, follow, max-snippet:-1, max-image-preview:large, max-video-preview:-1\" \/>\n<link rel=\"canonical\" href=\"https:\/\/www.jura-gravite.com\/en\/info\/\" \/>\n<meta property=\"og:locale\" content=\"en_GB\" \/>\n<meta property=\"og:type\" content=\"article\" \/>\n<meta property=\"og:title\" content=\"Info - JURA GRAVIT\u00c9 Escalade, Cordiste - Travaux en hauteur Jura\" \/>\n<meta property=\"og:description\" content=\"L\u2019escalade est un sport adapt\u00e9 \u00e0 tous et \u00e0 tous les \u00e2ges. Il convient particuli\u00e8rement aux jeunes pour diverses raisons. Il permet tout...\" \/>\n<meta property=\"og:url\" content=\"https:\/\/www.jura-gravite.com\/en\/info\/\" \/>\n<meta property=\"og:site_name\" content=\"JURA GRAVIT\u00c9\" \/>\n<meta property=\"article:publisher\" content=\"https:\/\/www.facebook.com\/profile.php?id=100037757172400\" \/>\n<meta property=\"article:modified_time\" content=\"2022-06-07T16:48:15+00:00\" \/>\n<meta property=\"og:image\" content=\"https:\/\/www.jura-gravite.com\/wp-content\/uploads\/2021\/09\/Escalade-jura-falaise-1-1024x768.jpg\" \/>\n<meta name=\"twitter:label1\" content=\"Estimated reading time\" \/>\n\t<meta name=\"twitter:data1\" content=\"2 minutes\" \/>\n<script type=\"application\/ld+json\" class=\"yoast-schema-graph\">{\"@context\":\"https:\/\/schema.org\",\"@graph\":[{\"@type\":\"WebPage\",\"@id\":\"https:\/\/www.jura-gravite.com\/info\/\",\"url\":\"https:\/\/www.jura-gravite.com\/info\/\",\"name\":\"Info - JURA GRAVIT\u00c9 Escalade, Cordiste - Travaux en hauteur Jura\",\"isPartOf\":{\"@id\":\"https:\/\/www.jura-gravite.com\/#website\"},\"primaryImageOfPage\":{\"@id\":\"https:\/\/www.jura-gravite.com\/info\/#primaryimage\"},\"image\":{\"@id\":\"https:\/\/www.jura-gravite.com\/info\/#primaryimage\"},\"thumbnailUrl\":\"https:\/\/www.jura-gravite.com\/wp-content\/uploads\/2021\/09\/Escalade-jura-falaise-1-1024x768.jpg\",\"datePublished\":\"2020-06-05T19:45:34+00:00\",\"dateModified\":\"2022-06-07T16:48:15+00:00\",\"description\":\"L\u2019escalade est un sport adapt\u00e9 \u00e0 tous et \u00e0 tous les \u00e2ges. Il convient particuli\u00e8rement aux jeunes pour diverses raisons. Il permet tout...\",\"breadcrumb\":{\"@id\":\"https:\/\/www.jura-gravite.com\/info\/#breadcrumb\"},\"inLanguage\":\"en-GB\",\"potentialAction\":[{\"@type\":\"ReadAction\",\"target\":[\"https:\/\/www.jura-gravite.com\/info\/\"]}]},{\"@type\":\"ImageObject\",\"inLanguage\":\"en-GB\",\"@id\":\"https:\/\/www.jura-gravite.com\/info\/#primaryimage\",\"url\":\"https:\/\/www.jura-gravite.com\/wp-content\/uploads\/2021\/09\/Escalade-jura-falaise-1-1024x768.jpg\",\"contentUrl\":\"https:\/\/www.jura-gravite.com\/wp-content\/uploads\/2021\/09\/Escalade-jura-falaise-1-1024x768.jpg\"},{\"@type\":\"BreadcrumbList\",\"@id\":\"https:\/\/www.jura-gravite.com\/info\/#breadcrumb\",\"itemListElement\":[{\"@type\":\"ListItem\",\"position\":1,\"name\":\"Accueil\",\"item\":\"https:\/\/www.jura-gravite.com\/\"},{\"@type\":\"ListItem\",\"position\":2,\"name\":\"Info\"}]},{\"@type\":\"WebSite\",\"@id\":\"https:\/\/www.jura-gravite.com\/#website\",\"url\":\"https:\/\/www.jura-gravite.com\/\",\"name\":\"JURA GRAVIT\u00c9\",\"description\":\"Activit\u00e9e Outdoor : Escalade, VTT, Randonn\u00e9e\",\"publisher\":{\"@id\":\"https:\/\/www.jura-gravite.com\/#organization\"},\"potentialAction\":[{\"@type\":\"SearchAction\",\"target\":{\"@type\":\"EntryPoint\",\"urlTemplate\":\"https:\/\/www.jura-gravite.com\/?s={search_term_string}\"},\"query-input\":{\"@type\":\"PropertyValueSpecification\",\"valueRequired\":true,\"valueName\":\"search_term_string\"}}],\"inLanguage\":\"en-GB\"},{\"@type\":\"Organization\",\"@id\":\"https:\/\/www.jura-gravite.com\/#organization\",\"name\":\"JURA GRAVIT\u00c9\",\"url\":\"https:\/\/www.jura-gravite.com\/\",\"logo\":{\"@type\":\"ImageObject\",\"inLanguage\":\"en-GB\",\"@id\":\"https:\/\/www.jura-gravite.com\/#\/schema\/logo\/image\/\",\"url\":\"https:\/\/www.jura-gravite.com\/wp-content\/uploads\/2022\/06\/cropped-JuraGravite3.png\",\"contentUrl\":\"https:\/\/www.jura-gravite.com\/wp-content\/uploads\/2022\/06\/cropped-JuraGravite3.png\",\"width\":1920,\"height\":1080,\"caption\":\"JURA GRAVIT\u00c9\"},\"image\":{\"@id\":\"https:\/\/www.jura-gravite.com\/#\/schema\/logo\/image\/\"},\"sameAs\":[\"https:\/\/www.facebook.com\/profile.php?id=100037757172400\",\"https:\/\/www.instagram.com\/jeromelhostis\/?hl=fr\"]}]}<\/script>\n<!-- \/ Yoast SEO plugin. -->","yoast_head_json":{"title":"Info - JURA GRAVIT\u00c9 Escalade, Cordiste - Travaux en hauteur Jura","description":"L\u2019escalade est un sport adapt\u00e9 \u00e0 tous et \u00e0 tous les \u00e2ges. Il convient particuli\u00e8rement aux jeunes pour diverses raisons. Il permet tout...","robots":{"index":"index","follow":"follow","max-snippet":"max-snippet:-1","max-image-preview":"max-image-preview:large","max-video-preview":"max-video-preview:-1"},"canonical":"https:\/\/www.jura-gravite.com\/en\/info\/","og_locale":"en_GB","og_type":"article","og_title":"Info - JURA GRAVIT\u00c9 Escalade, Cordiste - Travaux en hauteur Jura","og_description":"L\u2019escalade est un sport adapt\u00e9 \u00e0 tous et \u00e0 tous les \u00e2ges. Il convient particuli\u00e8rement aux jeunes pour diverses raisons. Il permet tout...","og_url":"https:\/\/www.jura-gravite.com\/en\/info\/","og_site_name":"JURA GRAVIT\u00c9","article_publisher":"https:\/\/www.facebook.com\/profile.php?id=100037757172400","article_modified_time":"2022-06-07T16:48:15+00:00","og_image":[{"url":"https:\/\/www.jura-gravite.com\/wp-content\/uploads\/2021\/09\/Escalade-jura-falaise-1-1024x768.jpg","type":"","width":"","height":""}],"twitter_misc":{"Estimated reading time":"2 minutes"},"schema":{"@context":"https:\/\/schema.org","@graph":[{"@type":"WebPage","@id":"https:\/\/www.jura-gravite.com\/info\/","url":"https:\/\/www.jura-gravite.com\/info\/","name":"Info - JURA GRAVIT\u00c9 Escalade, Cordiste - Travaux en hauteur Jura","isPartOf":{"@id":"https:\/\/www.jura-gravite.com\/#website"},"primaryImageOfPage":{"@id":"https:\/\/www.jura-gravite.com\/info\/#primaryimage"},"image":{"@id":"https:\/\/www.jura-gravite.com\/info\/#primaryimage"},"thumbnailUrl":"https:\/\/www.jura-gravite.com\/wp-content\/uploads\/2021\/09\/Escalade-jura-falaise-1-1024x768.jpg","datePublished":"2020-06-05T19:45:34+00:00","dateModified":"2022-06-07T16:48:15+00:00","description":"L\u2019escalade est un sport adapt\u00e9 \u00e0 tous et \u00e0 tous les \u00e2ges. Il convient particuli\u00e8rement aux jeunes pour diverses raisons. Il permet tout...","breadcrumb":{"@id":"https:\/\/www.jura-gravite.com\/info\/#breadcrumb"},"inLanguage":"en-GB","potentialAction":[{"@type":"ReadAction","target":["https:\/\/www.jura-gravite.com\/info\/"]}]},{"@type":"ImageObject","inLanguage":"en-GB","@id":"https:\/\/www.jura-gravite.com\/info\/#primaryimage","url":"https:\/\/www.jura-gravite.com\/wp-content\/uploads\/2021\/09\/Escalade-jura-falaise-1-1024x768.jpg","contentUrl":"https:\/\/www.jura-gravite.com\/wp-content\/uploads\/2021\/09\/Escalade-jura-falaise-1-1024x768.jpg"},{"@type":"BreadcrumbList","@id":"https:\/\/www.jura-gravite.com\/info\/#breadcrumb","itemListElement":[{"@type":"ListItem","position":1,"name":"Accueil","item":"https:\/\/www.jura-gravite.com\/"},{"@type":"ListItem","position":2,"name":"Info"}]},{"@type":"WebSite","@id":"https:\/\/www.jura-gravite.com\/#website","url":"https:\/\/www.jura-gravite.com\/","name":"JURA GRAVIT\u00c9","description":"Activit\u00e9e Outdoor : Escalade, VTT, Randonn\u00e9e","publisher":{"@id":"https:\/\/www.jura-gravite.com\/#organization"},"potentialAction":[{"@type":"SearchAction","target":{"@type":"EntryPoint","urlTemplate":"https:\/\/www.jura-gravite.com\/?s={search_term_string}"},"query-input":{"@type":"PropertyValueSpecification","valueRequired":true,"valueName":"search_term_string"}}],"inLanguage":"en-GB"},{"@type":"Organization","@id":"https:\/\/www.jura-gravite.com\/#organization","name":"JURA GRAVIT\u00c9","url":"https:\/\/www.jura-gravite.com\/","logo":{"@type":"ImageObject","inLanguage":"en-GB","@id":"https:\/\/www.jura-gravite.com\/#\/schema\/logo\/image\/","url":"https:\/\/www.jura-gravite.com\/wp-content\/uploads\/2022\/06\/cropped-JuraGravite3.png","contentUrl":"https:\/\/www.jura-gravite.com\/wp-content\/uploads\/2022\/06\/cropped-JuraGravite3.png","width":1920,"height":1080,"caption":"JURA GRAVIT\u00c9"},"image":{"@id":"https:\/\/www.jura-gravite.com\/#\/schema\/logo\/image\/"},"sameAs":["https:\/\/www.facebook.com\/profile.php?id=100037757172400","https:\/\/www.instagram.com\/jeromelhostis\/?hl=fr"]}]}},"_links":{"self":[{"href":"https:\/\/www.jura-gravite.com\/en\/wp-json\/wp\/v2\/pages\/332","targetHints":{"allow":["GET"]}}],"collection":[{"href":"https:\/\/www.jura-gravite.com\/en\/wp-json\/wp\/v2\/pages"}],"about":[{"href":"https:\/\/www.jura-gravite.com\/en\/wp-json\/wp\/v2\/types\/page"}],"author":[{"embeddable":true,"href":"https:\/\/www.jura-gravite.com\/en\/wp-json\/wp\/v2\/users\/1"}],"replies":[{"embeddable":true,"href":"https:\/\/www.jura-gravite.com\/en\/wp-json\/wp\/v2\/comments?post=332"}],"version-history":[{"count":14,"href":"https:\/\/www.jura-gravite.com\/en\/wp-json\/wp\/v2\/pages\/332\/revisions"}],"predecessor-version":[{"id":1554,"href":"https:\/\/www.jura-gravite.com\/en\/wp-json\/wp\/v2\/pages\/332\/revisions\/1554"}],"wp:attachment":[{"href":"https:\/\/www.jura-gravite.com\/en\/wp-json\/wp\/v2\/media?parent=332"}],"curies":[{"name":"wp","href":"https:\/\/api.w.org\/{rel}","templated":true}]}}