{"id":586,"date":"2020-06-29T16:36:53","date_gmt":"2020-06-29T15:36:53","guid":{"rendered":"http:\/\/www.jura-gravite.com\/?page_id=586"},"modified":"2023-12-24T10:54:26","modified_gmt":"2023-12-24T09:54:26","slug":"conditions-generales-de-vente-jura-gravite","status":"publish","type":"page","link":"https:\/\/www.jura-gravite.com\/en\/conditions-generales-de-vente-jura-gravite\/","title":{"rendered":"CGV"},"content":{"rendered":"<div data-elementor-type=\"wp-page\" data-elementor-id=\"586\" class=\"elementor elementor-586\">\n\t\t\t\t\t\t<section class=\"elementor-section elementor-top-section elementor-element elementor-element-b5a739a elementor-section-boxed elementor-section-height-default elementor-section-height-default\" data-id=\"b5a739a\" data-element_type=\"section\" data-e-type=\"section\">\n\t\t\t\t\t\t<div class=\"elementor-container elementor-column-gap-default\">\n\t\t\t\t\t<div class=\"elementor-column elementor-col-100 elementor-top-column elementor-element elementor-element-d5e4b81\" data-id=\"d5e4b81\" data-element_type=\"column\" data-e-type=\"column\">\n\t\t\t<div class=\"elementor-widget-wrap elementor-element-populated\">\n\t\t\t\t\t\t<div class=\"elementor-element elementor-element-01b9c18 elementor-widget elementor-widget-text-editor\" data-id=\"01b9c18\" data-element_type=\"widget\" data-e-type=\"widget\" data-widget_type=\"text-editor.default\">\n\t\t\t\t<div class=\"elementor-widget-container\">\n\t\t\t\t\t\t\t\t\t<h4>General terms and conditions of sale<\/h4>\n<div>&nbsp;<\/div>\n<p><\/p>\n<div>\n<div>\n<h2>General provisions<\/h2>\n<div>&nbsp;<span style=\"font-size: 1rem;\">The fact of placing an order with JURA GRAVIT\u00c9 implies for the customer the unreserved adherence to the present conditions of sale. The acceptance of certain special conditions is only exceptional and concerns only one order.<\/span><\/div>\n<\/div>\n<\/div>\n<div>\n<div>\n<h2>Reservation, order<\/h2>\n<div>&nbsp;<span style=\"font-size: 1rem;\">Les commandes ne sont d\u00e9finitives que lorsqu\u2019elles ont \u00e9t\u00e9 confirm\u00e9es par courrier ou courriel par JURA GRAVIT\u00c9, et apr\u00e8s versement d\u2019un acompte de 30 % de la valeur totale de la commande.<\/span><\/div><p>L\u2019acceptation et la signature d\u2019un devis n\u2019entra\u00eenent la commande d\u00e9finitive qu\u2019apr\u00e8s confirmation par JURA GRAVIT\u00c9.<br>Cette confirmation reprend les informations essentielles au bon d\u00e9roulement des s\u00e9ances : activit\u00e9, lieux, horaires, rendez-vous, nombre de participants\u2026.<\/p>\n<p>Basic principle :<\/p>\n<table cellspacing=\"1\" cellpadding=\"1\">\n<tbody>\n<tr>\n<td><strong>The Client<\/strong><br>1 \/ Request for quotation<br>3\/ Acceptance of the quotation = signed return + 30% deposit<br>5\/ Transmission of the final characteristics of the group.<\/td>\n<td><strong>JURA GRAVIT\u00c9<\/strong><br>2\/ Drawing up an estimate<br>4\/ Confirmation of dates and organizational arrangements<br>5\/ Transmission of the final characteristics of the group.<\/td>\n<\/tr>\n<\/tbody>\n<\/table>\n<\/div>\n<\/div>\n<div>\n<div>\n<h2>Modification, cancellation of order<\/h2>\n<div>&nbsp;<span style=\"font-size: 1rem;\">Vous pouvez&nbsp; modifier votre commande dans la mesure des possibilit\u00e9s de JURA GRAVIT\u00c9.<\/span><\/div>\n<p class=\"translation-block\">You can cancel your order up to 4 days in advance.\nBeyond this period, if the modification is not feasible or if you wish to cancel the order, the deposit paid will not be refunded.\nOrders cancelled on the same day will be invoiced in full.<\/p>\n<p><\/p>\n<p class=\"translation-block\">JURA GRAVIT\u00c9's instructors can modify or cancel a session at the place and time of the appointment if the conditions, particularly weather conditions, do not allow the activities to be carried out safely.<\/p>\n<p class=\"translation-block\">In case of foreseeable unfavourable conditions, JURA GRAVIT\u00c9 will propose another date.\nCancellation by JURA GRAVIT\u00c9 will result in the return of your deposit.<\/p>\n<p><\/p>\n<\/div>\n<\/div>\n<div>\n<div>\n<h2>Rates, invoicing, method of payment<\/h2>\n<div>&nbsp;<span style=\"font-size: 1rem;\">The rates presented are inclusive of tax. They include the supervision of your sessions by qualified instructors according to the regulations of the Ministry of Youth and Sports, as well as the provision of all the equipment necessary for the practice of the activities.<\/span><\/div>\n<p class=\"translation-block\">An invoice for the service will be given to you, or sent within a reasonable period of time. Your deposit can be returned to you with the invoice.\nOur services are to be paid within 8 days of receipt of the invoice.<\/p>\n<\/div>\n<\/div>\t\t\t\t\t\t\t\t<\/div>\n\t\t\t\t<\/div>\n\t\t\t\t\t<\/div>\n\t\t<\/div>\n\t\t\t\t\t<\/div>\n\t\t<\/section>\n\t\t\t\t<\/div>","protected":false},"excerpt":{"rendered":"<p>Conditions g\u00e9n\u00e9rales de vente &nbsp; Dispositions g\u00e9n\u00e9rales &nbsp;Le fait de passer commande \u00e0 JURA GRAVIT\u00c9 implique pour le client l\u2019adh\u00e9sion sans r\u00e9serve aux pr\u00e9sentes conditions de vente. Le fait d\u2019accepter certaines conditions particuli\u00e8res n\u2019a qu\u2019un caract\u00e8re exceptionnel et ne concerne qu\u2019une seule commande. R\u00e9servation, commande &nbsp;Les commandes ne sont d\u00e9finitives que lorsqu\u2019elles ont \u00e9t\u00e9 confirm\u00e9es [&hellip;]<\/p>\n","protected":false},"author":1,"featured_media":0,"parent":0,"menu_order":0,"comment_status":"closed","ping_status":"closed","template":"","meta":{"footnotes":""},"class_list":["post-586","page","type-page","status-publish","hentry"],"yoast_head":"<!-- This site is optimized with the Yoast SEO plugin v26.4 - https:\/\/yoast.com\/wordpress\/plugins\/seo\/ -->\n<title>CGV - JURA GRAVIT\u00c9 conditions g\u00e9n\u00e9rales de vente jura gravit\u00e9<\/title>\n<meta name=\"description\" content=\"Conditions g\u00e9n\u00e9rales de vente Dispositions g\u00e9n\u00e9ralesLe fait de passer commande \u00e0 JURA GRAVIT\u00c9 implique pour le client l\u2019adh\u00e9sion sans...\" \/>\n<meta name=\"robots\" content=\"index, follow, max-snippet:-1, max-image-preview:large, max-video-preview:-1\" \/>\n<link rel=\"canonical\" href=\"https:\/\/www.jura-gravite.com\/en\/conditions-generales-de-vente-jura-gravite\/\" \/>\n<meta property=\"og:locale\" content=\"en_GB\" \/>\n<meta property=\"og:type\" content=\"article\" \/>\n<meta property=\"og:title\" content=\"CGV - JURA GRAVIT\u00c9 conditions g\u00e9n\u00e9rales de vente jura gravit\u00e9\" \/>\n<meta property=\"og:description\" content=\"Conditions g\u00e9n\u00e9rales de vente Dispositions g\u00e9n\u00e9ralesLe fait de passer commande \u00e0 JURA GRAVIT\u00c9 implique pour le client l\u2019adh\u00e9sion sans...\" \/>\n<meta property=\"og:url\" content=\"https:\/\/www.jura-gravite.com\/en\/conditions-generales-de-vente-jura-gravite\/\" \/>\n<meta property=\"og:site_name\" content=\"JURA GRAVIT\u00c9\" \/>\n<meta property=\"article:publisher\" content=\"https:\/\/www.facebook.com\/profile.php?id=100037757172400\" \/>\n<meta property=\"article:modified_time\" content=\"2023-12-24T09:54:26+00:00\" \/>\n<meta property=\"og:image\" content=\"https:\/\/www.jura-gravite.com\/wp-content\/uploads\/2024\/06\/Neutral-Earthy-Clean-Grid-Photography-Photo-Collage-Facebook-Cover-3-1024x379.png\" \/>\n\t<meta property=\"og:image:width\" content=\"1024\" \/>\n\t<meta property=\"og:image:height\" content=\"379\" \/>\n\t<meta property=\"og:image:type\" content=\"image\/png\" \/>\n<meta name=\"twitter:label1\" content=\"Estimated reading time\" \/>\n\t<meta name=\"twitter:data1\" content=\"2 minutes\" \/>\n<script type=\"application\/ld+json\" class=\"yoast-schema-graph\">{\"@context\":\"https:\/\/schema.org\",\"@graph\":[{\"@type\":\"WebPage\",\"@id\":\"https:\/\/www.jura-gravite.com\/conditions-generales-de-vente-jura-gravite\/\",\"url\":\"https:\/\/www.jura-gravite.com\/conditions-generales-de-vente-jura-gravite\/\",\"name\":\"CGV - JURA GRAVIT\u00c9 conditions g\u00e9n\u00e9rales de vente jura gravit\u00e9\",\"isPartOf\":{\"@id\":\"https:\/\/www.jura-gravite.com\/#website\"},\"datePublished\":\"2020-06-29T15:36:53+00:00\",\"dateModified\":\"2023-12-24T09:54:26+00:00\",\"description\":\"Conditions g\u00e9n\u00e9rales de vente Dispositions g\u00e9n\u00e9ralesLe fait de passer commande \u00e0 JURA GRAVIT\u00c9 implique pour le client l\u2019adh\u00e9sion sans...\",\"breadcrumb\":{\"@id\":\"https:\/\/www.jura-gravite.com\/conditions-generales-de-vente-jura-gravite\/#breadcrumb\"},\"inLanguage\":\"en-GB\",\"potentialAction\":[{\"@type\":\"ReadAction\",\"target\":[\"https:\/\/www.jura-gravite.com\/conditions-generales-de-vente-jura-gravite\/\"]}]},{\"@type\":\"BreadcrumbList\",\"@id\":\"https:\/\/www.jura-gravite.com\/conditions-generales-de-vente-jura-gravite\/#breadcrumb\",\"itemListElement\":[{\"@type\":\"ListItem\",\"position\":1,\"name\":\"Accueil\",\"item\":\"https:\/\/www.jura-gravite.com\/\"},{\"@type\":\"ListItem\",\"position\":2,\"name\":\"CGV\"}]},{\"@type\":\"WebSite\",\"@id\":\"https:\/\/www.jura-gravite.com\/#website\",\"url\":\"https:\/\/www.jura-gravite.com\/\",\"name\":\"JURA GRAVIT\u00c9\",\"description\":\"Activit\u00e9e Outdoor : Escalade, VTT, Randonn\u00e9e\",\"publisher\":{\"@id\":\"https:\/\/www.jura-gravite.com\/#organization\"},\"potentialAction\":[{\"@type\":\"SearchAction\",\"target\":{\"@type\":\"EntryPoint\",\"urlTemplate\":\"https:\/\/www.jura-gravite.com\/?s={search_term_string}\"},\"query-input\":{\"@type\":\"PropertyValueSpecification\",\"valueRequired\":true,\"valueName\":\"search_term_string\"}}],\"inLanguage\":\"en-GB\"},{\"@type\":\"Organization\",\"@id\":\"https:\/\/www.jura-gravite.com\/#organization\",\"name\":\"JURA GRAVIT\u00c9\",\"url\":\"https:\/\/www.jura-gravite.com\/\",\"logo\":{\"@type\":\"ImageObject\",\"inLanguage\":\"en-GB\",\"@id\":\"https:\/\/www.jura-gravite.com\/#\/schema\/logo\/image\/\",\"url\":\"https:\/\/www.jura-gravite.com\/wp-content\/uploads\/2022\/06\/cropped-JuraGravite3.png\",\"contentUrl\":\"https:\/\/www.jura-gravite.com\/wp-content\/uploads\/2022\/06\/cropped-JuraGravite3.png\",\"width\":1920,\"height\":1080,\"caption\":\"JURA GRAVIT\u00c9\"},\"image\":{\"@id\":\"https:\/\/www.jura-gravite.com\/#\/schema\/logo\/image\/\"},\"sameAs\":[\"https:\/\/www.facebook.com\/profile.php?id=100037757172400\",\"https:\/\/www.instagram.com\/jeromelhostis\/?hl=fr\"]}]}<\/script>\n<!-- \/ Yoast SEO plugin. -->","yoast_head_json":{"title":"CGV - JURA GRAVIT\u00c9 conditions g\u00e9n\u00e9rales de vente jura gravit\u00e9","description":"Conditions g\u00e9n\u00e9rales de vente Dispositions g\u00e9n\u00e9ralesLe fait de passer commande \u00e0 JURA GRAVIT\u00c9 implique pour le client l\u2019adh\u00e9sion sans...","robots":{"index":"index","follow":"follow","max-snippet":"max-snippet:-1","max-image-preview":"max-image-preview:large","max-video-preview":"max-video-preview:-1"},"canonical":"https:\/\/www.jura-gravite.com\/en\/conditions-generales-de-vente-jura-gravite\/","og_locale":"en_GB","og_type":"article","og_title":"CGV - JURA GRAVIT\u00c9 conditions g\u00e9n\u00e9rales de vente jura gravit\u00e9","og_description":"Conditions g\u00e9n\u00e9rales de vente Dispositions g\u00e9n\u00e9ralesLe fait de passer commande \u00e0 JURA GRAVIT\u00c9 implique pour le client l\u2019adh\u00e9sion sans...","og_url":"https:\/\/www.jura-gravite.com\/en\/conditions-generales-de-vente-jura-gravite\/","og_site_name":"JURA GRAVIT\u00c9","article_publisher":"https:\/\/www.facebook.com\/profile.php?id=100037757172400","article_modified_time":"2023-12-24T09:54:26+00:00","og_image":[{"width":1024,"height":379,"url":"https:\/\/www.jura-gravite.com\/wp-content\/uploads\/2024\/06\/Neutral-Earthy-Clean-Grid-Photography-Photo-Collage-Facebook-Cover-3-1024x379.png","type":"image\/png"}],"twitter_misc":{"Estimated reading time":"2 minutes"},"schema":{"@context":"https:\/\/schema.org","@graph":[{"@type":"WebPage","@id":"https:\/\/www.jura-gravite.com\/conditions-generales-de-vente-jura-gravite\/","url":"https:\/\/www.jura-gravite.com\/conditions-generales-de-vente-jura-gravite\/","name":"CGV - JURA GRAVIT\u00c9 conditions g\u00e9n\u00e9rales de vente jura gravit\u00e9","isPartOf":{"@id":"https:\/\/www.jura-gravite.com\/#website"},"datePublished":"2020-06-29T15:36:53+00:00","dateModified":"2023-12-24T09:54:26+00:00","description":"Conditions g\u00e9n\u00e9rales de vente Dispositions g\u00e9n\u00e9ralesLe fait de passer commande \u00e0 JURA GRAVIT\u00c9 implique pour le client l\u2019adh\u00e9sion sans...","breadcrumb":{"@id":"https:\/\/www.jura-gravite.com\/conditions-generales-de-vente-jura-gravite\/#breadcrumb"},"inLanguage":"en-GB","potentialAction":[{"@type":"ReadAction","target":["https:\/\/www.jura-gravite.com\/conditions-generales-de-vente-jura-gravite\/"]}]},{"@type":"BreadcrumbList","@id":"https:\/\/www.jura-gravite.com\/conditions-generales-de-vente-jura-gravite\/#breadcrumb","itemListElement":[{"@type":"ListItem","position":1,"name":"Accueil","item":"https:\/\/www.jura-gravite.com\/"},{"@type":"ListItem","position":2,"name":"CGV"}]},{"@type":"WebSite","@id":"https:\/\/www.jura-gravite.com\/#website","url":"https:\/\/www.jura-gravite.com\/","name":"JURA GRAVIT\u00c9","description":"Activit\u00e9e Outdoor : Escalade, VTT, Randonn\u00e9e","publisher":{"@id":"https:\/\/www.jura-gravite.com\/#organization"},"potentialAction":[{"@type":"SearchAction","target":{"@type":"EntryPoint","urlTemplate":"https:\/\/www.jura-gravite.com\/?s={search_term_string}"},"query-input":{"@type":"PropertyValueSpecification","valueRequired":true,"valueName":"search_term_string"}}],"inLanguage":"en-GB"},{"@type":"Organization","@id":"https:\/\/www.jura-gravite.com\/#organization","name":"JURA GRAVIT\u00c9","url":"https:\/\/www.jura-gravite.com\/","logo":{"@type":"ImageObject","inLanguage":"en-GB","@id":"https:\/\/www.jura-gravite.com\/#\/schema\/logo\/image\/","url":"https:\/\/www.jura-gravite.com\/wp-content\/uploads\/2022\/06\/cropped-JuraGravite3.png","contentUrl":"https:\/\/www.jura-gravite.com\/wp-content\/uploads\/2022\/06\/cropped-JuraGravite3.png","width":1920,"height":1080,"caption":"JURA GRAVIT\u00c9"},"image":{"@id":"https:\/\/www.jura-gravite.com\/#\/schema\/logo\/image\/"},"sameAs":["https:\/\/www.facebook.com\/profile.php?id=100037757172400","https:\/\/www.instagram.com\/jeromelhostis\/?hl=fr"]}]}},"_links":{"self":[{"href":"https:\/\/www.jura-gravite.com\/en\/wp-json\/wp\/v2\/pages\/586","targetHints":{"allow":["GET"]}}],"collection":[{"href":"https:\/\/www.jura-gravite.com\/en\/wp-json\/wp\/v2\/pages"}],"about":[{"href":"https:\/\/www.jura-gravite.com\/en\/wp-json\/wp\/v2\/types\/page"}],"author":[{"embeddable":true,"href":"https:\/\/www.jura-gravite.com\/en\/wp-json\/wp\/v2\/users\/1"}],"replies":[{"embeddable":true,"href":"https:\/\/www.jura-gravite.com\/en\/wp-json\/wp\/v2\/comments?post=586"}],"version-history":[{"count":13,"href":"https:\/\/www.jura-gravite.com\/en\/wp-json\/wp\/v2\/pages\/586\/revisions"}],"predecessor-version":[{"id":1911,"href":"https:\/\/www.jura-gravite.com\/en\/wp-json\/wp\/v2\/pages\/586\/revisions\/1911"}],"wp:attachment":[{"href":"https:\/\/www.jura-gravite.com\/en\/wp-json\/wp\/v2\/media?parent=586"}],"curies":[{"name":"wp","href":"https:\/\/api.w.org\/{rel}","templated":true}]}}